{"id":5612,"date":"2018-03-27T12:18:15","date_gmt":"2018-03-27T09:18:15","guid":{"rendered":"http:\/\/www.cagatay.com\/template-tr-en\/?page_id=5612"},"modified":"2020-04-08T04:00:40","modified_gmt":"2020-04-08T01:00:40","slug":"unique-ingredients","status":"publish","type":"page","link":"https:\/\/www.cagatay.com\/jp\/unique-ingredients\/","title":{"rendered":"Unique Ingredients"},"content":{"rendered":"<p>[vc_row rt_row_background_width=&#8221;fullwidth&#8221; rt_row_content_width=&#8221;default&#8221; rt_row_style=&#8221;default-style&#8221; rt_row_height=&#8221;&#8221; rt_column_gaps=&#8221;&#8221; rt_row_shadows=&#8221;&#8221; rt_row_borders=&#8221;bottom&#8221; rt_bg_effect=&#8221;classic&#8221; rt_bg_image_repeat=&#8221;repeat&#8221; rt_bg_size=&#8221;cover&#8221; rt_bg_position=&#8221;right top&#8221; rt_bg_attachment=&#8221;scroll&#8221; rt_bg_layer=&#8221;&#8221; rt_bg_video_format=&#8221;self-hosted&#8221; rt_class=&#8221;rt-5042145&#8243; rt_paddings=&#8221;,,,&#8221; rt_margins=&#8221;,,,&#8221; rt_content_margins=&#8221;,,,&#8221; rt_tablet_paddings=&#8221;,,,&#8221; rt_tablet_margins=&#8221;,,,&#8221; rt_tablet_content_margins=&#8221;,,,&#8221; rt_sp_paddings=&#8221;,,,&#8221; rt_sp_margins=&#8221;,,,&#8221; rt_sp_content_margins=&#8221;,,,&#8221;][vc_column width=&#8221;1\/4&#8243; rt_column_shadow=&#8221;true&#8221; rt_bg_effect=&#8221;classic&#8221; rt_bg_image_repeat=&#8221;repeat&#8221; rt_bg_size=&#8221;auto auto&#8221; rt_bg_position=&#8221;right top&#8221; rt_bg_attachment=&#8221;scroll&#8221; rt_class=&#8221;rt-5485992&#8243; rt_margins=&#8221;,&#8221; rt_paddings=&#8221;,,,&#8221; rt_wrapper_paddings=&#8221;,,,&#8221; rt_tablet_margins=&#8221;,&#8221; rt_tablet_paddings=&#8221;,,,&#8221; rt_tablet_wrapper_paddings=&#8221;,,,&#8221; rt_sp_margins=&#8221;,&#8221; rt_sp_paddings=&#8221;,,,&#8221; rt_sp_wrapper_paddings=&#8221;,,,&#8221; rt_bg_color=&#8221;&#8221; rt_bg_overlay_color=&#8221;&#8221;][vc_widget_sidebar sidebar_id=&#8221;businesslounge-sidebar-for-side-panel&#8221;][\/vc_column][vc_column width=&#8221;3\/4&#8243; rt_bg_effect=&#8221;classic&#8221; rt_bg_image_repeat=&#8221;repeat&#8221; rt_bg_size=&#8221;auto auto&#8221; rt_bg_position=&#8221;right top&#8221; rt_bg_attachment=&#8221;scroll&#8221;][content_box heading=&#8221;We use only the best quality raw materials in the world.&#8221; heading_size=&#8221;h1&#8243; heading_style=&#8221;style-1&#8243; button_style=&#8221;text&#8221; button_size=&#8221;small&#8221; punchline=&#8221;&#8221;]<span style=\"color: #000000;\">Approximately 30% of the raw material intake comes from \u00c7angal Tar\u0131m enterprises, which belongs to \u00c7a\u011fatay family.<\/span><\/p>\n<p><span style=\"color: #000000;\">Other raw materials are imported directly from suppliers (without a trader between) who produce the highest quality in the world. Raw material consignments are periodically carried out from different countries.<\/span><\/p>\n<p><span style=\"color: #000000;\">All raw materials coming to our factory after the analysis values are approved for compliance with the required criteria are placed in our raw material warehouses composed of 12.000 m\u00b2 closed area and checked and inspected in full compliance with the HACCP regulations.<\/span>[\/content_box][vc_single_image image=&#8221;5624&#8243; img_size=&#8221;full&#8221; alignment=&#8221;center&#8221; css=&#8221;.vc_custom_1522143862915{padding-top: 25px !important;}&#8221;][vc_row_inner rt_row_background_width=&#8221;fullwidth&#8221; rt_row_content_width=&#8221;default&#8221; rt_row_style=&#8221;global-style&#8221; rt_row_height=&#8221;&#8221; rt_column_gaps=&#8221;&#8221; rt_col_anim=&#8221;true&#8221; rt_row_borders=&#8221;&#8221; rt_bg_effect=&#8221;classic&#8221; rt_bg_image_repeat=&#8221;no-repeat&#8221; rt_bg_size=&#8221;auto auto&#8221; rt_bg_position=&#8221;right bottom&#8221; rt_bg_attachment=&#8221;scroll&#8221; rt_bg_layer=&#8221;&#8221; rt_bg_video_format=&#8221;self-hosted&#8221; rt_class=&#8221;rt-7522309&#8243; rt_paddings=&#8221;,,,&#8221; rt_margins=&#8221;,,,&#8221; rt_content_margins=&#8221;,,,&#8221; rt_tablet_paddings=&#8221;,,,&#8221; rt_tablet_margins=&#8221;,,,&#8221; rt_tablet_content_margins=&#8221;,,,&#8221; rt_sp_paddings=&#8221;,,,&#8221; rt_sp_margins=&#8221;,,,&#8221; rt_sp_content_margins=&#8221;,,,&#8221;][vc_column_inner width=&#8221;1\/3&#8243; rt_bg_effect=&#8221;classic&#8221; rt_bg_image_repeat=&#8221;repeat&#8221; rt_bg_size=&#8221;auto auto&#8221; rt_bg_position=&#8221;right top&#8221; rt_bg_attachment=&#8221;scroll&#8221;][content_image_box img=&#8221;5622&#8243; heading=&#8221;&#8221; heading_size=&#8221;h4&#8243; style=&#8221;style-1&#8243; text_align=&#8221;left&#8221; img_pos=&#8221;before&#8221; img_align=&#8221;left&#8221; img_valign=&#8221;bottom&#8221; retina_image=&#8221;&#8221; button_style=&#8221;text&#8221; button_size=&#8221;small&#8221; box_height=&#8221;&#8221; bg_color=&#8221;&#8221; heading_bottom_margin=&#8221;0&#8243; img_bottom_margin=&#8221;3&#8243;]<\/p>\n<table>\n<tbody>\n<tr>\n<td style=\"text-align: left;\"><span style=\"font-size: 10pt;\"><em>Poultry Meal<\/em><\/span><\/td>\n<td><span style=\"font-size: 10pt;\">:<\/span><\/td>\n<td><span style=\"font-size: 10pt;\"><strong>\u00a0Germany<\/strong><\/span><\/td>\n<\/tr>\n<tr>\n<td style=\"text-align: left;\"><span style=\"font-size: 10pt;\">\u00a0<\/span><\/td>\n<td><span style=\"font-size: 10pt;\">\u00a0<\/span><\/td>\n<td><span style=\"font-size: 10pt;\"><strong>\u00a0United Kingdom<\/strong><\/span><\/td>\n<\/tr>\n<tr>\n<td style=\"text-align: left;\"><span style=\"font-size: 10pt;\">\u00a0<\/span><\/td>\n<td><span style=\"font-size: 10pt;\">\u00a0<\/span><\/td>\n<td><span style=\"font-size: 10pt;\"><strong>\u00a0Canada<\/strong><\/span><\/td>\n<\/tr>\n<tr>\n<td style=\"text-align: left;\"><span style=\"font-size: 10pt;\">\u00a0<\/span><\/td>\n<td><span style=\"font-size: 10pt;\">\u00a0<\/span><\/td>\n<td><span style=\"font-size: 10pt;\"><strong>\u00a0Australia<\/strong><\/span><\/td>\n<\/tr>\n<tr>\n<td style=\"text-align: left;\"><span style=\"font-size: 10pt;\">\u00a0<\/span><\/td>\n<td><span style=\"font-size: 10pt;\">\u00a0<\/span><\/td>\n<td><span style=\"font-size: 10pt;\"><strong>\u00a0Turkey<\/strong><\/span><\/td>\n<\/tr>\n<tr>\n<td style=\"text-align: left;\"><span style=\"font-size: 10pt;\"><em>Anchovy Meal<\/em><\/span><\/td>\n<td><span style=\"font-size: 10pt;\">:<\/span><\/td>\n<td><span style=\"font-size: 10pt;\"><strong>\u00a0Turkey<\/strong><\/span><\/td>\n<\/tr>\n<tr>\n<td style=\"text-align: left;\"><span style=\"font-size: 10pt;\"><em>Salmon Meal<\/em><\/span><\/td>\n<td><span style=\"font-size: 10pt;\">:<\/span><\/td>\n<td><span style=\"font-size: 10pt;\"><strong>\u00a0Norway<\/strong><\/span><\/td>\n<\/tr>\n<tr>\n<td style=\"text-align: left;\"><span style=\"font-size: 10pt;\"><em>Krill Meal<\/em><\/span><\/td>\n<td><span style=\"font-size: 10pt;\">:<\/span><\/td>\n<td><span style=\"font-size: 10pt;\"><strong>\u00a0Uruguay<\/strong><\/span><\/td>\n<\/tr>\n<\/tbody>\n<\/table>\n<p>[\/content_image_box][content_image_box img=&#8221;5619&#8243; heading=&#8221;&#8221; heading_size=&#8221;h4&#8243; style=&#8221;style-1&#8243; text_align=&#8221;left&#8221; img_pos=&#8221;before&#8221; img_align=&#8221;left&#8221; img_valign=&#8221;bottom&#8221; retina_image=&#8221;&#8221; button_style=&#8221;text&#8221; button_size=&#8221;small&#8221; box_height=&#8221;&#8221; bg_color=&#8221;&#8221; heading_bottom_margin=&#8221;0&#8243; img_bottom_margin=&#8221;3&#8243; padding_top=&#8221;25&#8243;]<\/p>\n<table>\n<tbody>\n<tr>\n<td><em><span style=\"font-size: 10pt;\">Chicken Oil<\/span><\/em><\/td>\n<td><span style=\"font-size: 10pt;\">:<\/span><\/td>\n<td><span style=\"font-size: 10pt;\"><strong>\u00a0England<\/strong><\/span><\/td>\n<\/tr>\n<tr>\n<td><\/td>\n<td><\/td>\n<td><span style=\"font-size: 10pt;\"><strong>\u00a0Turkey<\/strong><\/span><\/td>\n<\/tr>\n<tr>\n<td><\/td>\n<td><\/td>\n<td><span style=\"font-size: 10pt;\"><strong>\u00a0Holland<\/strong><\/span><\/td>\n<\/tr>\n<tr>\n<td><\/td>\n<td><\/td>\n<td><span style=\"font-size: 10pt;\"><strong>\u00a0Canada<\/strong><\/span><\/td>\n<\/tr>\n<tr>\n<td><span style=\"font-size: 13.3333px;\"><i>\u00a0<\/i><\/span><\/td>\n<td><\/td>\n<td><span style=\"font-size: 10pt;\"><strong>\u00a0Australia<\/strong><\/span><\/td>\n<\/tr>\n<tr>\n<td style=\"text-align: left;\"><span style=\"font-size: 13.3333px;\"><i>Salmon Oil<\/i><\/span><\/td>\n<td><span style=\"font-size: 10pt;\">:<\/span><\/td>\n<td><span style=\"font-size: 10pt;\"><strong>\u00a0Norway<\/strong><\/span><\/td>\n<\/tr>\n<tr>\n<td style=\"text-align: left;\"><span style=\"font-size: 13.3333px;\"><i>Anchovy Oil<\/i><\/span><\/td>\n<td><span style=\"font-size: 10pt;\">:<\/span><\/td>\n<td><span style=\"font-size: 10pt;\"><strong>\u00a0Turkey<\/strong><\/span><\/td>\n<\/tr>\n<\/tbody>\n<\/table>\n<p>[\/content_image_box][\/vc_column_inner][vc_column_inner width=&#8221;1\/3&#8243; rt_bg_effect=&#8221;classic&#8221; rt_bg_image_repeat=&#8221;repeat&#8221; rt_bg_size=&#8221;auto auto&#8221; rt_bg_position=&#8221;right top&#8221; rt_bg_attachment=&#8221;scroll&#8221;][content_image_box img=&#8221;5621&#8243; heading=&#8221;&#8221; heading_size=&#8221;h4&#8243; style=&#8221;style-1&#8243; text_align=&#8221;left&#8221; img_pos=&#8221;before&#8221; img_align=&#8221;left&#8221; img_valign=&#8221;bottom&#8221; retina_image=&#8221;&#8221; button_style=&#8221;text&#8221; button_size=&#8221;small&#8221; box_height=&#8221;&#8221; bg_color=&#8221;&#8221; heading_bottom_margin=&#8221;0&#8243; img_bottom_margin=&#8221;3&#8243;]<\/p>\n<table class=\" alignleft\">\n<tbody>\n<tr>\n<td><span style=\"font-size: 8pt;\"><em>Glucosamine &amp; Chondroitin<\/em><\/span><\/td>\n<td><span style=\"font-size: 10pt;\">:<\/span><\/td>\n<td><span style=\"font-size: 10pt;\"><strong>\u00a0United Kingdom<\/strong><\/span><\/td>\n<\/tr>\n<tr>\n<td><em><span style=\"font-size: 10pt;\">Herb Blends<\/span><\/em><\/td>\n<td><span style=\"font-size: 10pt;\">:<\/span><\/td>\n<td><span style=\"font-size: 10pt;\"><strong>\u00a0United Kingdom<\/strong><\/span><\/td>\n<\/tr>\n<tr>\n<td><span style=\"font-size: 13.3333px;\"><i>Brewer&#8217;s Yeast<\/i><\/span><\/td>\n<td><span style=\"font-size: 10pt;\">:<\/span><\/td>\n<td><span style=\"font-size: 10pt;\"><strong>\u00a0Turkey<\/strong><\/span><\/td>\n<\/tr>\n<tr>\n<td><\/td>\n<td><\/td>\n<td><span style=\"font-size: 10pt;\"><strong>\u00a0Poland<\/strong><\/span><\/td>\n<\/tr>\n<tr>\n<td><\/td>\n<td><\/td>\n<td><span style=\"font-size: 10pt;\"><strong>\u00a0Germany<\/strong><\/span><\/td>\n<\/tr>\n<tr>\n<td><em><span style=\"font-size: 10pt;\">Vitamins &amp; Minerals<\/span><\/em><\/td>\n<td><span style=\"font-size: 10pt;\">:<\/span><\/td>\n<td><span style=\"font-size: 10pt;\"><strong>\u00a0Switzerland, France<\/strong><\/span><\/td>\n<\/tr>\n<tr>\n<td><em><span style=\"font-size: 10pt;\">L-Carnitine<\/span><\/em><\/td>\n<td><span style=\"font-size: 10pt;\">:<\/span><\/td>\n<td><span style=\"font-size: 10pt;\"><strong>\u00a0China<\/strong><\/span><\/td>\n<\/tr>\n<tr>\n<td><em><span style=\"font-size: 10pt;\">Taurine<\/span><\/em><\/td>\n<td><span style=\"font-size: 10pt;\">:<\/span><\/td>\n<td><span style=\"font-size: 10pt;\"><strong>\u00a0China<\/strong><\/span><\/td>\n<\/tr>\n<\/tbody>\n<\/table>\n<p>[\/content_image_box][content_image_box img=&#8221;5618&#8243; heading=&#8221;&#8221; heading_size=&#8221;h4&#8243; style=&#8221;style-1&#8243; text_align=&#8221;left&#8221; img_pos=&#8221;before&#8221; img_align=&#8221;left&#8221; img_valign=&#8221;bottom&#8221; retina_image=&#8221;&#8221; button_style=&#8221;text&#8221; button_size=&#8221;small&#8221; box_height=&#8221;&#8221; bg_color=&#8221;&#8221; heading_bottom_margin=&#8221;0&#8243; img_bottom_margin=&#8221;3&#8243; padding_top=&#8221;25&#8243;]<\/p>\n<table class=\" alignleft\">\n<tbody>\n<tr>\n<td><em><span style=\"font-size: 10pt;\">Natural Palatability Enhancers<\/span><\/em><\/td>\n<td><span style=\"font-size: 10pt;\">:<\/span><\/td>\n<td><span style=\"font-size: 10pt;\"><strong>\u00a0France<\/strong><\/span><\/td>\n<\/tr>\n<tr>\n<td><em><span style=\"font-size: 10pt;\">Phenomind\u2122<\/span><\/em><\/td>\n<td><span style=\"font-size: 10pt;\">:<\/span><\/td>\n<td><span style=\"font-size: 10pt;\"><strong>\u00a0France<\/strong><\/span><\/td>\n<\/tr>\n<\/tbody>\n<\/table>\n<p>[\/content_image_box][\/vc_column_inner][vc_column_inner width=&#8221;1\/3&#8243; rt_bg_effect=&#8221;classic&#8221; rt_bg_image_repeat=&#8221;repeat&#8221; rt_bg_size=&#8221;auto auto&#8221; rt_bg_position=&#8221;right top&#8221; rt_bg_attachment=&#8221;scroll&#8221;][content_image_box img=&#8221;5620&#8243; heading=&#8221;&#8221; heading_size=&#8221;h4&#8243; style=&#8221;style-1&#8243; text_align=&#8221;left&#8221; img_pos=&#8221;before&#8221; img_align=&#8221;left&#8221; img_valign=&#8221;bottom&#8221; retina_image=&#8221;&#8221; button_style=&#8221;text&#8221; button_size=&#8221;small&#8221; box_height=&#8221;&#8221; bg_color=&#8221;&#8221; heading_bottom_margin=&#8221;0&#8243; img_bottom_margin=&#8221;3&#8243;]<\/p>\n<table>\n<tbody>\n<tr>\n<td><em><span style=\"font-size: 10pt;\">Rice (Baldo)<\/span><\/em><\/td>\n<td><span style=\"font-size: 10pt;\">:<\/span><\/td>\n<td><span style=\"font-size: 10pt;\"><strong>\u00a0Turkey<\/strong><\/span><\/td>\n<\/tr>\n<tr>\n<td><span style=\"font-size: 13.3333px;\"><i>Corn<\/i><\/span><\/td>\n<td><span style=\"font-size: 10pt;\">:<\/span><\/td>\n<td><span style=\"font-size: 10pt;\"><strong>\u00a0Turkey<br \/>\n<\/strong><em><span style=\"font-size: 8pt;\">(\u00c7a\u011fatay family production)<\/span><\/em><\/span><\/td>\n<\/tr>\n<tr>\n<td><span style=\"font-size: 13.3333px;\"><i>Wheat Meal<\/i><\/span><\/td>\n<td><span style=\"font-size: 10pt;\">:<\/span><\/td>\n<td><span style=\"font-size: 10pt;\"><strong>\u00a0Turkey<\/strong><\/span><\/td>\n<\/tr>\n<tr>\n<td><span style=\"font-size: 13.3333px;\"><i>Sugar Beet Pulp<\/i><\/span><\/td>\n<td><span style=\"font-size: 10pt;\">:<\/span><\/td>\n<td><span style=\"font-size: 10pt;\"><strong>\u00a0Turkey<\/strong><\/span><\/td>\n<\/tr>\n<tr>\n<td><span style=\"font-size: 13.3333px;\"><i>Carob<\/i><\/span><\/td>\n<td><span style=\"font-size: 10pt;\">:<\/span><\/td>\n<td><span style=\"font-size: 10pt;\"><strong>\u00a0Turkey<\/strong><\/span><\/td>\n<\/tr>\n<\/tbody>\n<\/table>\n<p>[\/content_image_box][\/vc_column_inner][\/vc_row_inner][\/vc_column][\/vc_row][vc_row rt_row_background_width=&#8221;fullwidth&#8221; rt_row_content_width=&#8221;default&#8221; rt_row_style=&#8221;default-style&#8221; rt_row_height=&#8221;&#8221; rt_column_placement=&#8221;middle&#8221; rt_column_gaps=&#8221;top&#8221; rt_row_shadows=&#8221;&#8221; rt_row_borders=&#8221;&#8221; rt_bg_effect=&#8221;parallax&#8221; rt_bg_parallax_effect=&#8221;3&#8243; rt_bg_image_repeat=&#8221;no-repeat&#8221; rt_bg_size=&#8221;cover&#8221; rt_bg_position=&#8221;center center&#8221; rt_bg_layer=&#8221;&#8221; rt_bg_video_format=&#8221;self-hosted&#8221; rt_class=&#8221;rt-4547211&#8243; rt_paddings=&#8221;,25,,&#8221; rt_margins=&#8221;,,,&#8221; rt_content_margins=&#8221;,,,&#8221; rt_tablet_paddings=&#8221;,,,&#8221; rt_tablet_margins=&#8221;,,,&#8221; rt_tablet_content_margins=&#8221;,,,&#8221; rt_sp_paddings=&#8221;,,,&#8221; rt_sp_margins=&#8221;,,,&#8221; rt_sp_content_margins=&#8221;,,,&#8221; rt_bg_image=&#8221;5309&#8243;][vc_column rt_bg_effect=&#8221;classic&#8221; rt_bg_image_repeat=&#8221;repeat&#8221; rt_bg_size=&#8221;auto auto&#8221; rt_bg_position=&#8221;right top&#8221; rt_bg_attachment=&#8221;scroll&#8221;][vc_single_image image=&#8221;5376&#8243; img_size=&#8221;full&#8221; alignment=&#8221;center&#8221;][\/vc_column][vc_column width=&#8221;1\/6&#8243; rt_bg_effect=&#8221;classic&#8221; rt_bg_image_repeat=&#8221;repeat&#8221; rt_bg_size=&#8221;auto auto&#8221; rt_bg_position=&#8221;right top&#8221; rt_bg_attachment=&#8221;scroll&#8221;][vc_single_image image=&#8221;4562&#8243; img_size=&#8221;full&#8221;][\/vc_column][vc_column width=&#8221;1\/6&#8243; rt_bg_effect=&#8221;classic&#8221; rt_bg_image_repeat=&#8221;repeat&#8221; rt_bg_size=&#8221;auto auto&#8221; rt_bg_position=&#8221;right top&#8221; rt_bg_attachment=&#8221;scroll&#8221;][vc_single_image image=&#8221;4626&#8243; img_size=&#8221;full&#8221;][\/vc_column][vc_column width=&#8221;1\/6&#8243; rt_bg_effect=&#8221;classic&#8221; rt_bg_image_repeat=&#8221;repeat&#8221; rt_bg_size=&#8221;auto auto&#8221; rt_bg_position=&#8221;right top&#8221; rt_bg_attachment=&#8221;scroll&#8221;][vc_single_image image=&#8221;4625&#8243; img_size=&#8221;full&#8221;][\/vc_column][vc_column width=&#8221;1\/6&#8243; rt_bg_effect=&#8221;classic&#8221; rt_bg_image_repeat=&#8221;repeat&#8221; rt_bg_size=&#8221;auto auto&#8221; rt_bg_position=&#8221;right top&#8221; rt_bg_attachment=&#8221;scroll&#8221;][vc_single_image image=&#8221;5263&#8243; img_size=&#8221;full&#8221;][\/vc_column][vc_column width=&#8221;1\/6&#8243; rt_bg_effect=&#8221;classic&#8221; rt_bg_image_repeat=&#8221;repeat&#8221; rt_bg_size=&#8221;auto auto&#8221; rt_bg_position=&#8221;right top&#8221; rt_bg_attachment=&#8221;scroll&#8221;][vc_single_image image=&#8221;4609&#8243; img_size=&#8221;115&#215;45&#8243;][\/vc_column][vc_column width=&#8221;1\/6&#8243; rt_bg_effect=&#8221;classic&#8221; rt_bg_image_repeat=&#8221;repeat&#8221; rt_bg_size=&#8221;auto auto&#8221; rt_bg_position=&#8221;right top&#8221; rt_bg_attachment=&#8221;scroll&#8221;][vc_single_image image=&#8221;4623&#8243; img_size=&#8221;full&#8221;][\/vc_column][vc_column rt_bg_effect=&#8221;classic&#8221; rt_bg_image_repeat=&#8221;repeat&#8221; rt_bg_size=&#8221;auto auto&#8221; rt_bg_position=&#8221;right top&#8221; rt_bg_attachment=&#8221;scroll&#8221; rt_class=&#8221;rt-8189179&#8243; rt_margins=&#8221;20,&#8221; rt_paddings=&#8221;,,,&#8221; rt_wrapper_paddings=&#8221;,,,&#8221; rt_tablet_margins=&#8221;,&#8221; rt_tablet_paddings=&#8221;,,,&#8221; rt_tablet_wrapper_paddings=&#8221;,,,&#8221; rt_sp_margins=&#8221;,&#8221; rt_sp_paddings=&#8221;,,,&#8221; rt_sp_wrapper_paddings=&#8221;,,,&#8221; rt_bg_color=&#8221;&#8221; rt_bg_overlay_color=&#8221;&#8221;][button button_text=&#8221;Explore Our Brands&#8221; button_style=&#8221;style-1&#8243; button_arrow=&#8221;true&#8221; font=&#8221;&#8221; button_size=&#8221;small&#8221; button_icon=&#8221;&#8221; button_align=&#8221;center&#8221; button_link=&#8221;https:\/\/www.cagatay.com\/jp\/brands&#8221; link_open=&#8221;_self&#8221; rt_class=&#8221;rt-6936407&#8243;][\/vc_column][\/vc_row]<\/p>\n","protected":false},"excerpt":{"rendered":"<p>[vc_row rt_row_background_width=&#8221;fullwidth&#8221; rt_row_content_width=&#8221;default&#8221; rt_row_style=&#8221;default-style&#8221; rt_row_height=&#8221;&#8221; rt_column_gaps=&#8221;&#8221; rt_row_shadows=&#8221;&#8221; rt_row_borders=&#8221;bottom&#8221; rt_bg_effect=&#8221;classic&#8221; rt_bg_image_repeat=&#8221;repeat&#8221; rt_bg_size=&#8221;cover&#8221; rt_bg_position=&#8221;right top&#8221; rt_bg_attachment=&#8221;scroll&#8221; rt_bg_layer=&#8221;&#8221; rt_bg_video_format=&#8221;self-hosted&#8221; rt_class=&#8221;rt-5042145&#8243; rt_paddings=&#8221;,,,&#8221; rt_margins=&#8221;,,,&#8221; rt_content_margins=&#8221;,,,&#8221; rt_tablet_paddings=&#8221;,,,&#8221; rt_tablet_margins=&#8221;,,,&#8221; rt_tablet_content_margins=&#8221;,,,&#8221; rt_sp_paddings=&#8221;,,,&#8221; rt_sp_margins=&#8221;,,,&#8221; rt_sp_content_margins=&#8221;,,,&#8221;][vc_column width=&#8221;1\/4&#8243; rt_column_shadow=&#8221;true&#8221; rt_bg_effect=&#8221;classic&#8221; rt_bg_image_repeat=&#8221;repeat&#8221; rt_bg_size=&#8221;auto auto&#8221; rt_bg_position=&#8221;right top&#8221; rt_bg_attachment=&#8221;scroll&#8221; rt_class=&#8221;rt-5485992&#8243; rt_margins=&#8221;,&#8221; rt_paddings=&#8221;,,,&#8221; rt_wrapper_paddings=&#8221;,,,&#8221; rt_tablet_margins=&#8221;,&#8221; rt_tablet_paddings=&#8221;,,,&#8221; rt_tablet_wrapper_paddings=&#8221;,,,&#8221; rt_sp_margins=&#8221;,&#8221; rt_sp_paddings=&#8221;,,,&#8221; rt_sp_wrapper_paddings=&#8221;,,,&#8221; rt_bg_color=&#8221;&#8221; rt_bg_overlay_color=&#8221;&#8221;][vc_widget_sidebar sidebar_id=&#8221;businesslounge-sidebar-for-side-panel&#8221;][\/vc_column][vc_column width=&#8221;3\/4&#8243; rt_bg_effect=&#8221;classic&#8221; rt_bg_image_repeat=&#8221;repeat&#8221; rt_bg_size=&#8221;auto auto&#8221; rt_bg_position=&#8221;right top&#8221; [&hellip;]<\/p>\n","protected":false},"author":1,"featured_media":0,"parent":0,"menu_order":0,"comment_status":"closed","ping_status":"closed","template":"","meta":{"footnotes":""},"class_list":["post-5612","page","type-page","status-publish","hentry"],"_links":{"self":[{"href":"https:\/\/www.cagatay.com\/jp\/wp-json\/wp\/v2\/pages\/5612","targetHints":{"allow":["GET"]}}],"collection":[{"href":"https:\/\/www.cagatay.com\/jp\/wp-json\/wp\/v2\/pages"}],"about":[{"href":"https:\/\/www.cagatay.com\/jp\/wp-json\/wp\/v2\/types\/page"}],"author":[{"embeddable":true,"href":"https:\/\/www.cagatay.com\/jp\/wp-json\/wp\/v2\/users\/1"}],"replies":[{"embeddable":true,"href":"https:\/\/www.cagatay.com\/jp\/wp-json\/wp\/v2\/comments?post=5612"}],"version-history":[{"count":0,"href":"https:\/\/www.cagatay.com\/jp\/wp-json\/wp\/v2\/pages\/5612\/revisions"}],"wp:attachment":[{"href":"https:\/\/www.cagatay.com\/jp\/wp-json\/wp\/v2\/media?parent=5612"}],"curies":[{"name":"wp","href":"https:\/\/api.w.org\/{rel}","templated":true}]}}