{"id":4966,"date":"2018-03-05T15:09:31","date_gmt":"2018-03-05T13:09:31","guid":{"rendered":"http:\/\/www.cagatay.com\/cy?page_id=4966"},"modified":"2020-04-08T03:48:04","modified_gmt":"2020-04-08T00:48:04","slug":"b2c-temizmama","status":"publish","type":"page","link":"https:\/\/www.cagatay.com\/cy\/b2c-temizmama\/","title":{"rendered":"B2C E-Ticaret Modeli"},"content":{"rendered":"<p>[vc_row rt_row_background_width=&#8221;fullwidth&#8221; rt_row_content_width=&#8221;default&#8221; rt_row_style=&#8221;default-style&#8221; rt_row_height=&#8221;&#8221; rt_column_gaps=&#8221;&#8221; rt_row_shadows=&#8221;&#8221; rt_row_borders=&#8221;&#8221; rt_bg_effect=&#8221;classic&#8221; rt_bg_image_repeat=&#8221;repeat&#8221; rt_bg_size=&#8221;cover&#8221; rt_bg_position=&#8221;right top&#8221; rt_bg_attachment=&#8221;scroll&#8221; rt_bg_layer=&#8221;&#8221; rt_bg_video_format=&#8221;self-hosted&#8221;][vc_column width=&#8221;1\/4&#8243; rt_column_shadow=&#8221;true&#8221; rt_bg_effect=&#8221;classic&#8221; rt_bg_image_repeat=&#8221;repeat&#8221; rt_bg_size=&#8221;auto auto&#8221; rt_bg_position=&#8221;right top&#8221; rt_bg_attachment=&#8221;scroll&#8221; rt_class=&#8221;rt-5485992&#8243; rt_margins=&#8221;,&#8221; rt_paddings=&#8221;,,,&#8221; rt_wrapper_paddings=&#8221;,,,&#8221; rt_tablet_margins=&#8221;,&#8221; rt_tablet_paddings=&#8221;,,,&#8221; rt_tablet_wrapper_paddings=&#8221;,,,&#8221; rt_sp_margins=&#8221;,&#8221; rt_sp_paddings=&#8221;,,,&#8221; rt_sp_wrapper_paddings=&#8221;,,,&#8221; rt_bg_color=&#8221;&#8221; rt_bg_overlay_color=&#8221;&#8221;][vc_widget_sidebar sidebar_id=&#8221;businesslounge-sidebar-for-side-panel&#8221;][\/vc_column][vc_column width=&#8221;3\/4&#8243; rt_bg_effect=&#8221;classic&#8221; rt_bg_image_repeat=&#8221;repeat&#8221; rt_bg_size=&#8221;auto auto&#8221; rt_bg_position=&#8221;right top&#8221; rt_bg_attachment=&#8221;scroll&#8221;][vc_single_image image=&#8221;4967&#8243; img_size=&#8221;full&#8221;][content_box heading=&#8221;Biz, her g\u00fcn binlerce m\u00fc\u015fterimiz ile ileti\u015fim halindeyiz.&#8221; heading_size=&#8221;h1&#8243; heading_style=&#8221;style-1&#8243; button_style=&#8221;text&#8221; button_size=&#8221;small&#8221; punchline=&#8221;&#8221;]\u00c7ok uzun y\u0131llard\u0131r \u00fcretti\u011fimiz mamalar\u0131m\u0131z\u0131 T\u00fcrkiye&#8217;de, internet sat\u0131\u015f ma\u011fazam\u0131z arac\u0131l\u0131\u011f\u0131 ile son t\u00fcketicilerimize en taze \u015fekilde, do\u011frudan ula\u015ft\u0131r\u0131yoruz.<\/p>\n<p>Bug\u00fcn, T\u00fcrkiye&#8217;de toplam 400.000&#8217;den fazla kay\u0131tl\u0131 \u00fcyeye sahibiz. 100.000&#8217;e yak\u0131n ayl\u0131k aktif kullan\u0131c\u0131m\u0131z var.<\/p>\n<p><img loading=\"lazy\" decoding=\"async\" class=\"alignleft wp-image-4974 size-full\" src=\"http:\/\/www.cagatay.com\/cywp-content\/uploads\/sites\/26\/2018\/03\/temizmama_logo.png\" alt=\"\" width=\"300\" height=\"49\" srcset=\"https:\/\/www.cagatay.com\/cy\/wp-content\/uploads\/sites\/26\/2018\/03\/temizmama_logo.png 300w, https:\/\/www.cagatay.com\/cy\/wp-content\/uploads\/sites\/26\/2018\/03\/temizmama_logo-150x24.png 150w\" sizes=\"auto, (max-width: 300px) 100vw, 300px\" \/>Y\u0131llar boyunca t\u00fcketicilerimiz ile birlikte \u00fcr\u00fcnlerimizi geli\u015ftirdik. Farkl\u0131 ihtiya\u00e7lara uygun \u00e7e\u015fitler \u00fcrettik. Kalitemizi her g\u00fcn y\u00fckselterek farkl\u0131 fiyatlarda farkl\u0131 mamalar haz\u0131rlad\u0131k.<\/p>\n<p>T\u00fcketicilerimize \u201cMama al\u0131rken dostunuzdan ba\u015fkas\u0131n\u0131 dinlemeyin. \u00c7\u00fcnk\u00fc onlar; kaliteyi, tazeli\u011fi ve lezzeti size herkesten daha iyi anlatacaklard\u0131r.\u201d dedik.<\/p>\n<p>T\u00fcketicilerimiz bizi tahmin edemeyece\u011fimiz kadar sahiplendi. Dostlar\u0131n\u0131n geli\u015fimlerini izlediler ve bize anl\u0131k olarak g\u00f6zlemlerini ilettiler, iletmeye devam ediyorlar.[\/content_box][\/vc_column][\/vc_row][vc_row rt_row_background_width=&#8221;fullwidth&#8221; rt_row_content_width=&#8221;default&#8221; rt_row_style=&#8221;default-style&#8221; rt_row_height=&#8221;&#8221; rt_column_placement=&#8221;middle&#8221; rt_column_gaps=&#8221;top&#8221; rt_row_shadows=&#8221;&#8221; rt_row_borders=&#8221;&#8221; rt_bg_effect=&#8221;parallax&#8221; rt_bg_parallax_effect=&#8221;3&#8243; rt_bg_image_repeat=&#8221;no-repeat&#8221; rt_bg_size=&#8221;cover&#8221; rt_bg_position=&#8221;center center&#8221; rt_bg_layer=&#8221;&#8221; rt_bg_video_format=&#8221;self-hosted&#8221; rt_class=&#8221;rt-4547211&#8243; rt_paddings=&#8221;,25,,&#8221; rt_margins=&#8221;,,,&#8221; rt_content_margins=&#8221;,,,&#8221; rt_tablet_paddings=&#8221;,,,&#8221; rt_tablet_margins=&#8221;,,,&#8221; rt_tablet_content_margins=&#8221;,,,&#8221; rt_sp_paddings=&#8221;,,,&#8221; rt_sp_margins=&#8221;,,,&#8221; rt_sp_content_margins=&#8221;,,,&#8221; rt_bg_image=&#8221;5309&#8243;][vc_column rt_bg_effect=&#8221;classic&#8221; rt_bg_image_repeat=&#8221;repeat&#8221; rt_bg_size=&#8221;auto auto&#8221; rt_bg_position=&#8221;right top&#8221; rt_bg_attachment=&#8221;scroll&#8221;][vc_single_image image=&#8221;5376&#8243; img_size=&#8221;full&#8221; alignment=&#8221;center&#8221;][\/vc_column][vc_column width=&#8221;1\/6&#8243; rt_bg_effect=&#8221;classic&#8221; rt_bg_image_repeat=&#8221;repeat&#8221; rt_bg_size=&#8221;auto auto&#8221; rt_bg_position=&#8221;right top&#8221; rt_bg_attachment=&#8221;scroll&#8221;][vc_single_image image=&#8221;4562&#8243; img_size=&#8221;full&#8221;][\/vc_column][vc_column width=&#8221;1\/6&#8243; rt_bg_effect=&#8221;classic&#8221; rt_bg_image_repeat=&#8221;repeat&#8221; rt_bg_size=&#8221;auto auto&#8221; rt_bg_position=&#8221;right top&#8221; rt_bg_attachment=&#8221;scroll&#8221;][vc_single_image image=&#8221;4626&#8243; img_size=&#8221;full&#8221;][\/vc_column][vc_column width=&#8221;1\/6&#8243; rt_bg_effect=&#8221;classic&#8221; rt_bg_image_repeat=&#8221;repeat&#8221; rt_bg_size=&#8221;auto auto&#8221; rt_bg_position=&#8221;right top&#8221; rt_bg_attachment=&#8221;scroll&#8221;][vc_single_image image=&#8221;4625&#8243; img_size=&#8221;full&#8221;][\/vc_column][vc_column width=&#8221;1\/6&#8243; rt_bg_effect=&#8221;classic&#8221; rt_bg_image_repeat=&#8221;repeat&#8221; rt_bg_size=&#8221;auto auto&#8221; rt_bg_position=&#8221;right top&#8221; rt_bg_attachment=&#8221;scroll&#8221;][vc_single_image image=&#8221;5263&#8243; img_size=&#8221;full&#8221;][\/vc_column][vc_column width=&#8221;1\/6&#8243; rt_bg_effect=&#8221;classic&#8221; rt_bg_image_repeat=&#8221;repeat&#8221; rt_bg_size=&#8221;auto auto&#8221; rt_bg_position=&#8221;right top&#8221; rt_bg_attachment=&#8221;scroll&#8221;][vc_single_image image=&#8221;4609&#8243; img_size=&#8221;115&#215;45&#8243;][\/vc_column][vc_column width=&#8221;1\/6&#8243; rt_bg_effect=&#8221;classic&#8221; rt_bg_image_repeat=&#8221;repeat&#8221; rt_bg_size=&#8221;auto auto&#8221; rt_bg_position=&#8221;right top&#8221; rt_bg_attachment=&#8221;scroll&#8221;][vc_single_image image=&#8221;4623&#8243; img_size=&#8221;full&#8221;][\/vc_column][vc_column rt_bg_effect=&#8221;classic&#8221; rt_bg_image_repeat=&#8221;repeat&#8221; rt_bg_size=&#8221;auto auto&#8221; rt_bg_position=&#8221;right top&#8221; rt_bg_attachment=&#8221;scroll&#8221; rt_class=&#8221;rt-8189179&#8243; rt_margins=&#8221;20,&#8221; rt_paddings=&#8221;,,,&#8221; rt_wrapper_paddings=&#8221;,,,&#8221; rt_tablet_margins=&#8221;,&#8221; rt_tablet_paddings=&#8221;,,,&#8221; rt_tablet_wrapper_paddings=&#8221;,,,&#8221; rt_sp_margins=&#8221;,&#8221; rt_sp_paddings=&#8221;,,,&#8221; rt_sp_wrapper_paddings=&#8221;,,,&#8221; rt_bg_color=&#8221;&#8221; rt_bg_overlay_color=&#8221;&#8221;][button button_text=&#8221;Markalar\u0131m\u0131z\u0131 \u0130nceleyin&#8221; button_style=&#8221;style-1&#8243; button_arrow=&#8221;true&#8221; font=&#8221;&#8221; button_size=&#8221;small&#8221; button_icon=&#8221;&#8221; button_align=&#8221;center&#8221; button_link=&#8221;http:\/\/www.cagatay.com\/cy\/markalarimiz\/&#8221; link_open=&#8221;_self&#8221; rt_class=&#8221;rt-7188535&#8243;][\/vc_column][\/vc_row]<\/p>\n","protected":false},"excerpt":{"rendered":"<p>[vc_row rt_row_background_width=&#8221;fullwidth&#8221; rt_row_content_width=&#8221;default&#8221; rt_row_style=&#8221;default-style&#8221; rt_row_height=&#8221;&#8221; rt_column_gaps=&#8221;&#8221; rt_row_shadows=&#8221;&#8221; rt_row_borders=&#8221;&#8221; rt_bg_effect=&#8221;classic&#8221; rt_bg_image_repeat=&#8221;repeat&#8221; rt_bg_size=&#8221;cover&#8221; rt_bg_position=&#8221;right top&#8221; rt_bg_attachment=&#8221;scroll&#8221; rt_bg_layer=&#8221;&#8221; rt_bg_video_format=&#8221;self-hosted&#8221;][vc_column width=&#8221;1\/4&#8243; rt_column_shadow=&#8221;true&#8221; rt_bg_effect=&#8221;classic&#8221; rt_bg_image_repeat=&#8221;repeat&#8221; rt_bg_size=&#8221;auto auto&#8221; rt_bg_position=&#8221;right top&#8221; rt_bg_attachment=&#8221;scroll&#8221; rt_class=&#8221;rt-5485992&#8243; rt_margins=&#8221;,&#8221; rt_paddings=&#8221;,,,&#8221; rt_wrapper_paddings=&#8221;,,,&#8221; rt_tablet_margins=&#8221;,&#8221; rt_tablet_paddings=&#8221;,,,&#8221; rt_tablet_wrapper_paddings=&#8221;,,,&#8221; rt_sp_margins=&#8221;,&#8221; rt_sp_paddings=&#8221;,,,&#8221; rt_sp_wrapper_paddings=&#8221;,,,&#8221; rt_bg_color=&#8221;&#8221; rt_bg_overlay_color=&#8221;&#8221;][vc_widget_sidebar sidebar_id=&#8221;businesslounge-sidebar-for-side-panel&#8221;][\/vc_column][vc_column width=&#8221;3\/4&#8243; rt_bg_effect=&#8221;classic&#8221; rt_bg_image_repeat=&#8221;repeat&#8221; rt_bg_size=&#8221;auto auto&#8221; rt_bg_position=&#8221;right top&#8221; rt_bg_attachment=&#8221;scroll&#8221;][vc_single_image image=&#8221;4967&#8243; img_size=&#8221;full&#8221;][content_box heading=&#8221;Biz, her g\u00fcn binlerce m\u00fc\u015fterimiz ile ileti\u015fim [&hellip;]<\/p>\n","protected":false},"author":1,"featured_media":0,"parent":0,"menu_order":0,"comment_status":"closed","ping_status":"closed","template":"","meta":{"footnotes":""},"class_list":["post-4966","page","type-page","status-publish","hentry"],"_links":{"self":[{"href":"https:\/\/www.cagatay.com\/cy\/wp-json\/wp\/v2\/pages\/4966","targetHints":{"allow":["GET"]}}],"collection":[{"href":"https:\/\/www.cagatay.com\/cy\/wp-json\/wp\/v2\/pages"}],"about":[{"href":"https:\/\/www.cagatay.com\/cy\/wp-json\/wp\/v2\/types\/page"}],"author":[{"embeddable":true,"href":"https:\/\/www.cagatay.com\/cy\/wp-json\/wp\/v2\/users\/1"}],"replies":[{"embeddable":true,"href":"https:\/\/www.cagatay.com\/cy\/wp-json\/wp\/v2\/comments?post=4966"}],"version-history":[{"count":0,"href":"https:\/\/www.cagatay.com\/cy\/wp-json\/wp\/v2\/pages\/4966\/revisions"}],"wp:attachment":[{"href":"https:\/\/www.cagatay.com\/cy\/wp-json\/wp\/v2\/media?parent=4966"}],"curies":[{"name":"wp","href":"https:\/\/api.w.org\/{rel}","templated":true}]}}