{"id":4941,"date":"2018-03-02T11:36:39","date_gmt":"2018-03-02T09:36:39","guid":{"rendered":"http:\/\/www.cagatay.com\/cy?page_id=4941"},"modified":"2018-04-03T10:52:25","modified_gmt":"2018-04-03T07:52:25","slug":"uretim-paketleme","status":"publish","type":"page","link":"https:\/\/www.cagatay.com\/cy\/uretim-paketleme\/","title":{"rendered":"\u00dcretim &#038; Paketleme"},"content":{"rendered":"<p>[vc_row rt_row_background_width=&#8221;fullwidth&#8221; rt_row_content_width=&#8221;default&#8221; rt_row_style=&#8221;default-style&#8221; rt_row_height=&#8221;&#8221; rt_column_gaps=&#8221;&#8221; rt_row_shadows=&#8221;&#8221; rt_row_borders=&#8221;&#8221; rt_bg_effect=&#8221;classic&#8221; rt_bg_image_repeat=&#8221;repeat&#8221; rt_bg_size=&#8221;cover&#8221; rt_bg_position=&#8221;right top&#8221; rt_bg_attachment=&#8221;scroll&#8221; rt_bg_layer=&#8221;&#8221; rt_bg_video_format=&#8221;self-hosted&#8221;][vc_column width=&#8221;1\/4&#8243; rt_column_shadow=&#8221;true&#8221; rt_bg_effect=&#8221;classic&#8221; rt_bg_image_repeat=&#8221;repeat&#8221; rt_bg_size=&#8221;auto auto&#8221; rt_bg_position=&#8221;right top&#8221; rt_bg_attachment=&#8221;scroll&#8221; rt_class=&#8221;rt-5485992&#8243; rt_margins=&#8221;,&#8221; rt_paddings=&#8221;,,,&#8221; rt_wrapper_paddings=&#8221;,,,&#8221; rt_tablet_margins=&#8221;,&#8221; rt_tablet_paddings=&#8221;,,,&#8221; rt_tablet_wrapper_paddings=&#8221;,,,&#8221; rt_sp_margins=&#8221;,&#8221; rt_sp_paddings=&#8221;,,,&#8221; rt_sp_wrapper_paddings=&#8221;,,,&#8221; rt_bg_color=&#8221;&#8221; rt_bg_overlay_color=&#8221;&#8221;][vc_widget_sidebar sidebar_id=&#8221;businesslounge-sidebar-for-side-panel&#8221;][\/vc_column][vc_column width=&#8221;3\/4&#8243; rt_bg_effect=&#8221;classic&#8221; rt_bg_image_repeat=&#8221;repeat&#8221; rt_bg_size=&#8221;auto auto&#8221; rt_bg_position=&#8221;right top&#8221; rt_bg_attachment=&#8221;scroll&#8221;][vc_single_image image=&#8221;4949&#8243; img_size=&#8221;full&#8221;][content_box heading=&#8221;\u0130leri teknoloji \u00fcretim tesisimiz, konusunda uzman ve e\u011fitimleri hi\u00e7 bitmeyen personelimiz taraf\u0131ndan titizlikle y\u00f6netilmektedir.&#8221; heading_size=&#8221;h1&#8243; heading_style=&#8221;style-1&#8243; button_style=&#8221;text&#8221; button_size=&#8221;small&#8221; punchline=&#8221;&#8221;]\u00c7a\u011fatay Evcil Hayvan Mamalar\u0131 ve Yem \u00dcr\u00fcnleri San. ve Tic. A.\u015e., bug\u00fcn T\u00fcrkiye kedi ve k\u00f6pek mamalar\u0131 \u00fcretim end\u00fcstrisindeki \u00f6nc\u00fc ve lider konumunu, 1982&#8217;den beri yapt\u0131\u011f\u0131 detayl\u0131 ve titiz \u00e7al\u0131\u015fmalar\u0131 sonucunda edindi\u011fi bilgi ve tecr\u00fcbeyi; \u00fcretim sahas\u0131nda en iyi \u015fekilde de\u011ferlendirerek elde etmi\u015ftir.<\/p>\n<p><img loading=\"lazy\" decoding=\"async\" class=\"alignright wp-image-4944 size-medium\" src=\"http:\/\/www.cagatay.com\/cywp-content\/uploads\/sites\/26\/2018\/03\/Cagatay_Uretim1-300x223.png\" alt=\"\" width=\"300\" height=\"223\" srcset=\"https:\/\/www.cagatay.com\/cy\/wp-content\/uploads\/sites\/26\/2018\/03\/Cagatay_Uretim1-300x223.png 300w, https:\/\/www.cagatay.com\/cy\/wp-content\/uploads\/sites\/26\/2018\/03\/Cagatay_Uretim1-250x185.png 250w, https:\/\/www.cagatay.com\/cy\/wp-content\/uploads\/sites\/26\/2018\/03\/Cagatay_Uretim1.png 500w\" sizes=\"auto, (max-width: 300px) 100vw, 300px\" \/><\/p>\n<p>\u015eirketimiz, ekstr\u00fcder (Wenger &#8211; ABD) teknolojisini T\u00fcrkiye kedi ve k\u00f6pek mamas\u0131 sanayisine kazand\u0131ran ve Avrupa standartlar\u0131n\u0131n \u00fczerinde ilk yerli mama \u00fcretimi yapan firma olarak, en son teknoloji ve tam otomasyon sistemlerini kullanmaktad\u0131r.<\/p>\n<p>\u00c7a\u011fatay Evcil Hayvan Mamalar\u0131 ve Yem \u00dcr\u00fcnleri San. ve Tic. A.\u015e. kuruldu\u011fu g\u00fcnden bu yana, d\u00fcnya kedi ve k\u00f6pek mamas\u0131 teknolojileri end\u00fcstrisinde g\u00fc\u00e7l\u00fc, samimi ve g\u00fcvene dayal\u0131 d\u0131\u015f ili\u015fkileri ile yerini alarak global bilgi ak\u0131\u015f\u0131n\u0131n \u00f6nemli bir par\u00e7as\u0131 haline gelmi\u015ftir.<\/p>\n<p>Mama form\u00fclleri uluslararas\u0131 evcil hayvan sekt\u00f6r\u00fcnde kendilerini kan\u0131tlam\u0131\u015f, se\u00e7kin nutritionistler (beslenme uzmanlar\u0131) taraf\u0131ndan yap\u0131lmakta ve ileri teknoloji \u00fcretim tesisimiz, konusunda uzman ve e\u011fitimleri hi\u00e7 bitmeyen personelimiz taraf\u0131ndan titizlikle y\u00f6netilmektedir.[\/content_box][\/vc_column][\/vc_row][vc_row rt_row_background_width=&#8221;fullwidth&#8221; rt_row_content_width=&#8221;fullwidth&#8221; rt_row_style=&#8221;default-style&#8221; rt_row_height=&#8221;&#8221; rt_column_gaps=&#8221;&#8221; rt_row_shadows=&#8221;&#8221; rt_col_anim=&#8221;true&#8221; rt_row_borders=&#8221;&#8221; rt_bg_effect=&#8221;classic&#8221; rt_bg_image_repeat=&#8221;repeat&#8221; rt_bg_size=&#8221;cover&#8221; rt_bg_position=&#8221;right top&#8221; rt_bg_attachment=&#8221;scroll&#8221; rt_bg_layer=&#8221;&#8221; rt_bg_video_format=&#8221;self-hosted&#8221; rt_class=&#8221;rt-3854797&#8243; rt_paddings=&#8221;,,,&#8221; rt_margins=&#8221;,,,&#8221; rt_content_margins=&#8221;,,,&#8221; rt_tablet_paddings=&#8221;,,,&#8221; rt_tablet_margins=&#8221;,,,&#8221; rt_tablet_content_margins=&#8221;,,,&#8221; rt_sp_paddings=&#8221;,,,&#8221; rt_sp_margins=&#8221;,,,&#8221; rt_sp_content_margins=&#8221;,,,&#8221; rt_bg_image=&#8221;4178&#8243; rt_bg_color=&#8221;#f7f7f7&#8243;][vc_column rt_bg_effect=&#8221;classic&#8221; rt_bg_image_repeat=&#8221;repeat&#8221; rt_bg_size=&#8221;auto auto&#8221; rt_bg_position=&#8221;right top&#8221; rt_bg_attachment=&#8221;scroll&#8221; css=&#8221;.vc_custom_1518774756370{padding-top: 25px !important;padding-bottom: 25px !important;}&#8221; rt_class=&#8221;rt-4127533&#8243; rt_margins=&#8221;,&#8221; rt_paddings=&#8221;,,,&#8221; rt_wrapper_paddings=&#8221;,,,&#8221; rt_tablet_margins=&#8221;,&#8221; rt_tablet_paddings=&#8221;,,,&#8221; rt_tablet_wrapper_paddings=&#8221;,,,&#8221; rt_sp_margins=&#8221;,&#8221; rt_sp_paddings=&#8221;,,,&#8221; rt_sp_wrapper_paddings=&#8221;,,,&#8221; rt_bg_color=&#8221;&#8221; rt_bg_overlay_color=&#8221;&#8221;][vc_masonry_media_grid item=&#8221;masonryMedia_BorderedScale&#8221; initial_loading_animation=&#8221;fadeIn&#8221; grid_id=&#8221;vc_gid:1522741888706-6ec75c17-e1a5-1&#8243; include=&#8221;5884,5882,5880,5881,5885,5886&#8243;][\/vc_column][\/vc_row][vc_row rt_row_background_width=&#8221;fullwidth&#8221; rt_row_content_width=&#8221;default&#8221; rt_row_style=&#8221;default-style&#8221; rt_row_height=&#8221;&#8221; rt_column_gaps=&#8221;&#8221; rt_row_shadows=&#8221;&#8221; rt_row_borders=&#8221;&#8221; rt_bg_effect=&#8221;classic&#8221; rt_bg_image_repeat=&#8221;repeat&#8221; rt_bg_size=&#8221;cover&#8221; rt_bg_position=&#8221;right top&#8221; rt_bg_attachment=&#8221;scroll&#8221; rt_bg_layer=&#8221;&#8221; rt_bg_video_format=&#8221;self-hosted&#8221;][vc_column rt_column_shadow=&#8221;true&#8221; rt_bg_effect=&#8221;classic&#8221; rt_bg_image_repeat=&#8221;repeat&#8221; rt_bg_size=&#8221;auto auto&#8221; rt_bg_position=&#8221;right top&#8221; rt_bg_attachment=&#8221;scroll&#8221; rt_class=&#8221;rt-5485992&#8243; rt_margins=&#8221;,&#8221; rt_paddings=&#8221;,,,&#8221; rt_wrapper_paddings=&#8221;,,,&#8221; rt_tablet_margins=&#8221;,&#8221; rt_tablet_paddings=&#8221;,,,&#8221; rt_tablet_wrapper_paddings=&#8221;,,,&#8221; rt_sp_margins=&#8221;,&#8221; rt_sp_paddings=&#8221;,,,&#8221; rt_sp_wrapper_paddings=&#8221;,,,&#8221; rt_bg_color=&#8221;&#8221; rt_bg_overlay_color=&#8221;&#8221;][rt_heading style=&#8221;style-4&#8243; size=&#8221;h1&#8243; font_color_type=&#8221;&#8221; font=&#8221;&#8221; custom_font_size=&#8221;&#8221; link=&#8221;&#8221; link_open=&#8221;_self&#8221; rt_class=&#8221;rt-7773346&#8243; punchline=&#8221;&#8221;]\u00dcretim A\u015famalar\u0131[\/rt_heading][vc_column_text][rt_bullet_list list_style=&#8221;style-3&#8243; icon=&#8221;arrow&#8221; id=&#8221;&#8221; class=&#8221;&#8221;]<\/p>\n<ul>\n<li><img loading=\"lazy\" decoding=\"async\" class=\"alignright wp-image-4955\" src=\"http:\/\/www.cagatay.com\/cywp-content\/uploads\/sites\/26\/2018\/03\/Sertifikalar-150x150.png\" alt=\"\" width=\"600\" height=\"325\" srcset=\"https:\/\/www.cagatay.com\/cy\/wp-content\/uploads\/sites\/26\/2018\/03\/Sertifikalar-300x163.png 300w, https:\/\/www.cagatay.com\/cy\/wp-content\/uploads\/sites\/26\/2018\/03\/Sertifikalar-360x195.png 360w, https:\/\/www.cagatay.com\/cy\/wp-content\/uploads\/sites\/26\/2018\/03\/Sertifikalar-20x11.png 20w, https:\/\/www.cagatay.com\/cy\/wp-content\/uploads\/sites\/26\/2018\/03\/Sertifikalar-600x325.png 600w, https:\/\/www.cagatay.com\/cy\/wp-content\/uploads\/sites\/26\/2018\/03\/Sertifikalar.png 720w\" sizes=\"auto, (max-width: 600px) 100vw, 600px\" \/><img loading=\"lazy\" decoding=\"async\" class=\"wp-image-4960 size-full alignright\" src=\"http:\/\/www.cagatay.com\/cywp-content\/uploads\/sites\/26\/2018\/03\/Sertifikalar2.png\" alt=\"\" width=\"600\" height=\"200\" srcset=\"https:\/\/www.cagatay.com\/cy\/wp-content\/uploads\/sites\/26\/2018\/03\/Sertifikalar2.png 600w, https:\/\/www.cagatay.com\/cy\/wp-content\/uploads\/sites\/26\/2018\/03\/Sertifikalar2-300x100.png 300w\" sizes=\"auto, (max-width: 600px) 100vw, 600px\" \/>Ham maddeler haz\u0131rlanan \u00fcretim program\u0131na g\u00f6re kullan\u0131m miktarlar\u0131 hesaplanarak, ham madde al\u0131m havuzuna bo\u015falt\u0131l\u0131r ve s\u0131ras\u0131yla m\u0131knat\u0131slar, filtre ve temizleyiciden ge\u00e7irilerek sonra i\u015fletme silolar\u0131na al\u0131n\u0131r.<\/li>\n<li>Mama rasyonu, bilgisayar kontrol sisteminde y\u00fcklenmi\u015f olan y\u00fczdelik kar\u0131\u015f\u0131m miktarlar\u0131na g\u00f6re, 1 tonluk \u015farjlar halinde silolardan al\u0131narak dik mikserlere \u00e7ekilir.<\/li>\n<li>Dik mikser i\u00e7inde kar\u0131\u015f\u0131m haline gelen 1 tonluk \u015farj, \u00f6\u011f\u00fct\u00fcc\u00fcye g\u00f6nderilir.<\/li>\n<li>\u00d6\u011f\u00fct\u00fcc\u00fcde un haline gelmi\u015f olan se\u00e7ili mama rasyonu, dairesel elekten (Allgaier &#8211; Almanya) ge\u00e7tikten ve partik\u00fcl \u00f6l\u00e7\u00fcleri standart hale getirildikten sonra yatay miksere al\u0131n\u0131r.<\/li>\n<li>Yatay mikserde (Van Aarsen &#8211; Hollanda), otomatik\u00a0premiks haz\u0131rlama sisteminde haz\u0131rlanm\u0131\u015f vitamin, mineral ve dostlar\u0131m\u0131z i\u00e7in gerekli olan taurin, glukozamin ve kondroitin vb. katk\u0131 maddeleri ilave edilerek, homojen kar\u0131\u015f\u0131m i\u00e7in belirlenmi\u015f s\u00fcrelerde kar\u0131\u015ft\u0131r\u0131l\u0131r.<\/li>\n<li>Haz\u0131rlanan un halindeki kar\u0131\u015f\u0131m yatay mikserden al\u0131narak \u00f6n \u015fartland\u0131r\u0131c\u0131da; buhar, su ve ya\u011f ilavesi ile pi\u015firilerek hamur haline geldi\u011fi pi\u015firme \u00fcnitesinden ge\u00e7irilir (Wenger &#8211; ABD).<\/li>\n<li>\u00d6n pi\u015firmeden ge\u00e7en s\u0131cak hamur, su ve buhar ilavesi ile pi\u015firmenin devam etti\u011fi, fakat ayr\u0131ca helezonlardan ge\u00e7erken s\u0131k\u0131\u015ft\u0131r\u0131larak mekanik enerji ile de pi\u015firme yap\u0131lan ve sonunda kal\u0131plar ve b\u0131\u00e7ak vas\u0131las\u0131yla maman\u0131n \u015feklini ald\u0131\u011f\u0131 ekstr\u00fcder makinesinden ge\u00e7er (Wenger &#8211; ABD).<\/li>\n<li>Pi\u015firilmi\u015f ve \u015feklini alm\u0131\u015f olan \u00fcr\u00fcn kurutucudan ge\u00e7erek nem oran\u0131 d\u00fc\u015f\u00fcr\u00fcl\u00fcr ve sonras\u0131nda ya\u011flama \u00fcnitesinden ge\u00e7erken y\u00fczey ya\u011flamaya tabi tutulur (Wenger &#8211; ABD).<\/li>\n<li>Son halini alm\u0131\u015f olan \u00fcr\u00fcn\u00fcm\u00fcz, so\u011futucudan (Wenger &#8211; ABD) ge\u00e7irilerek ortam s\u0131cakl\u0131\u011f\u0131na d\u00fc\u015f\u00fcr\u00fcld\u00fckten sonra, bir kez daha elekten ge\u00e7irilerek, m\u0131knat\u0131s ve temizleme \u00fcnitelerine sahip kapal\u0131 sistem bantlar arac\u0131l\u0131\u011f\u0131 ile paketleme binas\u0131na ta\u015f\u0131n\u0131r (Cimbria-Danimarka).<\/li>\n<\/ul>\n<p>[\/rt_bullet_list][\/vc_column_text][info_box style=&#8221;ok&#8221;]Yukar\u0131da anlat\u0131m\u0131 yap\u0131lan \u00fcretimin tamam\u0131, tam otomatik ve bilgisayar kontroll\u00fc sistemler vas\u0131tas\u0131 ile yap\u0131ld\u0131\u011f\u0131 i\u00e7in \u00fcretimde s\u00fcrekli ve s\u00fcrd\u00fcr\u00fclebilir kalite sa\u011flanmaktad\u0131r.[\/info_box][\/vc_column][\/vc_row][vc_row rt_row_background_width=&#8221;fullwidth&#8221; rt_row_content_width=&#8221;fullwidth&#8221; rt_row_style=&#8221;alt-style-1&#8243; rt_row_height=&#8221;&#8221; rt_column_gaps=&#8221;&#8221; rt_row_shadows=&#8221;&#8221; rt_row_borders=&#8221;&#8221; rt_bg_effect=&#8221;classic&#8221; rt_bg_image_repeat=&#8221;repeat&#8221; rt_bg_size=&#8221;cover&#8221; rt_bg_position=&#8221;center center&#8221; rt_bg_attachment=&#8221;scroll&#8221; rt_bg_layer=&#8221;&#8221; rt_bg_video_format=&#8221;self-hosted&#8221; rt_row_paddings=&#8221;true&#8221; rt_padding_top=&#8221;105&#8243; rt_padding_bottom=&#8221;80&#8243; rt_bg_image=&#8221;4178&#8243; rt_class=&#8221;rt-7458863&#8243; rt_paddings=&#8221;80,80,,&#8221; rt_margins=&#8221;,,,&#8221; rt_content_margins=&#8221;,,,&#8221; rt_tablet_paddings=&#8221;,,,&#8221; rt_tablet_margins=&#8221;,,,&#8221; rt_tablet_content_margins=&#8221;,,,&#8221; rt_sp_paddings=&#8221;,,,&#8221; rt_sp_margins=&#8221;,,,&#8221; rt_sp_content_margins=&#8221;,,,&#8221;][vc_column rt_bg_effect=&#8221;classic&#8221; rt_bg_image_repeat=&#8221;repeat&#8221; rt_bg_size=&#8221;auto auto&#8221; rt_bg_position=&#8221;right top&#8221; rt_bg_attachment=&#8221;scroll&#8221; rt_col_paddings=&#8221;true&#8221; rt_wrp_col_paddings=&#8221;false&#8221; rt_padding_left=&#8221;15%&#8221; rt_padding_right=&#8221;15%&#8221; rt_bg_color=&#8221;&#8221; rt_bg_overlay_color=&#8221;&#8221; rt_class=&#8221;rt-1199465&#8243; rt_margins=&#8221;,&#8221; rt_paddings=&#8221;,,15%,15%&#8221; rt_wrapper_paddings=&#8221;,,,&#8221; rt_tablet_margins=&#8221;,&#8221; rt_tablet_paddings=&#8221;,,,&#8221; rt_tablet_wrapper_paddings=&#8221;,,,&#8221; rt_sp_margins=&#8221;,&#8221; rt_sp_paddings=&#8221;,,20,20&#8243; rt_sp_wrapper_paddings=&#8221;,,,&#8221;][rt_heading style=&#8221;style-4&#8243; size=&#8221;h1&#8243; font_color_type=&#8221;&#8221; font=&#8221;&#8221; custom_font_size=&#8221;&#8221; link=&#8221;&#8221; link_open=&#8221;_self&#8221; punchline=&#8221;&#8221; rt_class=&#8221;rt-5490936&#8243; padding_bottom=&#8221;25px&#8221;]Paketleme[\/rt_heading][vc_column_text]Paketleme tesislerimizde (Cetec-Fransa) \u00fcr\u00fcn, otomatik olarak \u00f6nce pakete doldurulur ve daha sonra paket i\u00e7erisindeki hava vakumlanarak \u0131s\u0131l yap\u0131\u015ft\u0131rma tekni\u011fi ile kapat\u0131l\u0131r.<\/p>\n<p>Birer tonluk \u015farjlar halinde \u00fcretilen maman\u0131n her bir tonu i\u00e7in ayr\u0131 bir parti numaras\u0131 verilerek paket \u00fczerine yaz\u0131l\u0131r. Otomatik paletleme tesisine gelen paketler paletlenir. D\u00fczg\u00fcn ve zarar g\u00f6rmeden palet \u00fczerine istiflenerek, stre\u00e7leme \u00fcnitesinden ge\u00e7tikten sonra, \u00fcr\u00fcn depolar\u0131ndaki raflarda yerlerini alarak, dostlar\u0131m\u0131za ula\u015facaklar\u0131 g\u00fcn\u00fc beklemeye ba\u015flarlar.[\/vc_column_text][vc_masonry_media_grid element_width=&#8221;3&#8243; item=&#8221;masonryMedia_BorderedScale&#8221; initial_loading_animation=&#8221;fadeIn&#8221; grid_id=&#8221;vc_gid:1522741888708-033f9314-ad44-2&#8243; include=&#8221;5596,5597,5602,5599,5600,5601,5598&#8243;][vc_empty_space height=&#8221;30px&#8221;][\/vc_column][\/vc_row][vc_row rt_row_background_width=&#8221;fullwidth&#8221; rt_row_content_width=&#8221;default&#8221; rt_row_style=&#8221;default-style&#8221; rt_row_height=&#8221;&#8221; rt_column_placement=&#8221;middle&#8221; rt_column_gaps=&#8221;top&#8221; rt_row_shadows=&#8221;&#8221; rt_row_borders=&#8221;&#8221; rt_bg_effect=&#8221;parallax&#8221; rt_bg_parallax_effect=&#8221;3&#8243; rt_bg_image_repeat=&#8221;no-repeat&#8221; rt_bg_size=&#8221;cover&#8221; rt_bg_position=&#8221;center center&#8221; rt_bg_layer=&#8221;&#8221; rt_bg_video_format=&#8221;self-hosted&#8221; rt_class=&#8221;rt-4547211&#8243; rt_paddings=&#8221;,25,,&#8221; rt_margins=&#8221;,,,&#8221; rt_content_margins=&#8221;,,,&#8221; rt_tablet_paddings=&#8221;,,,&#8221; rt_tablet_margins=&#8221;,,,&#8221; rt_tablet_content_margins=&#8221;,,,&#8221; rt_sp_paddings=&#8221;,,,&#8221; rt_sp_margins=&#8221;,,,&#8221; rt_sp_content_margins=&#8221;,,,&#8221; rt_bg_image=&#8221;5309&#8243;][vc_column rt_bg_effect=&#8221;classic&#8221; rt_bg_image_repeat=&#8221;repeat&#8221; rt_bg_size=&#8221;auto auto&#8221; rt_bg_position=&#8221;right top&#8221; rt_bg_attachment=&#8221;scroll&#8221;][vc_single_image image=&#8221;5376&#8243; img_size=&#8221;full&#8221; alignment=&#8221;center&#8221;][\/vc_column][vc_column width=&#8221;1\/6&#8243; rt_bg_effect=&#8221;classic&#8221; rt_bg_image_repeat=&#8221;repeat&#8221; rt_bg_size=&#8221;auto auto&#8221; rt_bg_position=&#8221;right top&#8221; rt_bg_attachment=&#8221;scroll&#8221;][vc_single_image image=&#8221;4562&#8243; img_size=&#8221;full&#8221;][\/vc_column][vc_column width=&#8221;1\/6&#8243; rt_bg_effect=&#8221;classic&#8221; rt_bg_image_repeat=&#8221;repeat&#8221; rt_bg_size=&#8221;auto auto&#8221; rt_bg_position=&#8221;right top&#8221; rt_bg_attachment=&#8221;scroll&#8221;][vc_single_image image=&#8221;4626&#8243; img_size=&#8221;full&#8221;][\/vc_column][vc_column width=&#8221;1\/6&#8243; rt_bg_effect=&#8221;classic&#8221; rt_bg_image_repeat=&#8221;repeat&#8221; rt_bg_size=&#8221;auto auto&#8221; rt_bg_position=&#8221;right top&#8221; rt_bg_attachment=&#8221;scroll&#8221;][vc_single_image image=&#8221;4625&#8243; img_size=&#8221;full&#8221;][\/vc_column][vc_column width=&#8221;1\/6&#8243; rt_bg_effect=&#8221;classic&#8221; rt_bg_image_repeat=&#8221;repeat&#8221; rt_bg_size=&#8221;auto auto&#8221; rt_bg_position=&#8221;right top&#8221; rt_bg_attachment=&#8221;scroll&#8221;][vc_single_image image=&#8221;5263&#8243; img_size=&#8221;full&#8221;][\/vc_column][vc_column width=&#8221;1\/6&#8243; rt_bg_effect=&#8221;classic&#8221; rt_bg_image_repeat=&#8221;repeat&#8221; rt_bg_size=&#8221;auto auto&#8221; rt_bg_position=&#8221;right top&#8221; rt_bg_attachment=&#8221;scroll&#8221;][vc_single_image image=&#8221;4609&#8243; img_size=&#8221;115&#215;45&#8243;][\/vc_column][vc_column width=&#8221;1\/6&#8243; rt_bg_effect=&#8221;classic&#8221; rt_bg_image_repeat=&#8221;repeat&#8221; rt_bg_size=&#8221;auto auto&#8221; rt_bg_position=&#8221;right top&#8221; rt_bg_attachment=&#8221;scroll&#8221;][vc_single_image image=&#8221;4623&#8243; img_size=&#8221;full&#8221;][\/vc_column][vc_column rt_bg_effect=&#8221;classic&#8221; rt_bg_image_repeat=&#8221;repeat&#8221; rt_bg_size=&#8221;auto auto&#8221; rt_bg_position=&#8221;right top&#8221; rt_bg_attachment=&#8221;scroll&#8221; rt_class=&#8221;rt-8189179&#8243; rt_margins=&#8221;20,&#8221; rt_paddings=&#8221;,,,&#8221; rt_wrapper_paddings=&#8221;,,,&#8221; rt_tablet_margins=&#8221;,&#8221; rt_tablet_paddings=&#8221;,,,&#8221; rt_tablet_wrapper_paddings=&#8221;,,,&#8221; rt_sp_margins=&#8221;,&#8221; rt_sp_paddings=&#8221;,,,&#8221; rt_sp_wrapper_paddings=&#8221;,,,&#8221; rt_bg_color=&#8221;&#8221; rt_bg_overlay_color=&#8221;&#8221;][button button_text=&#8221;Markalar\u0131m\u0131z\u0131 \u0130nceleyin&#8221; button_style=&#8221;style-1&#8243; button_arrow=&#8221;true&#8221; font=&#8221;&#8221; button_size=&#8221;small&#8221; button_icon=&#8221;&#8221; button_align=&#8221;center&#8221; button_link=&#8221;http:\/\/www.cagatay.com\/cy\/markalarimiz\/&#8221; link_open=&#8221;_self&#8221; rt_class=&#8221;rt-7188535&#8243;][\/vc_column][\/vc_row]<\/p>\n","protected":false},"excerpt":{"rendered":"<p>[vc_row rt_row_background_width=&#8221;fullwidth&#8221; rt_row_content_width=&#8221;default&#8221; rt_row_style=&#8221;default-style&#8221; rt_row_height=&#8221;&#8221; rt_column_gaps=&#8221;&#8221; rt_row_shadows=&#8221;&#8221; rt_row_borders=&#8221;&#8221; rt_bg_effect=&#8221;classic&#8221; rt_bg_image_repeat=&#8221;repeat&#8221; rt_bg_size=&#8221;cover&#8221; rt_bg_position=&#8221;right top&#8221; rt_bg_attachment=&#8221;scroll&#8221; rt_bg_layer=&#8221;&#8221; rt_bg_video_format=&#8221;self-hosted&#8221;][vc_column width=&#8221;1\/4&#8243; rt_column_shadow=&#8221;true&#8221; rt_bg_effect=&#8221;classic&#8221; rt_bg_image_repeat=&#8221;repeat&#8221; rt_bg_size=&#8221;auto auto&#8221; rt_bg_position=&#8221;right top&#8221; rt_bg_attachment=&#8221;scroll&#8221; rt_class=&#8221;rt-5485992&#8243; rt_margins=&#8221;,&#8221; rt_paddings=&#8221;,,,&#8221; rt_wrapper_paddings=&#8221;,,,&#8221; rt_tablet_margins=&#8221;,&#8221; rt_tablet_paddings=&#8221;,,,&#8221; rt_tablet_wrapper_paddings=&#8221;,,,&#8221; rt_sp_margins=&#8221;,&#8221; rt_sp_paddings=&#8221;,,,&#8221; rt_sp_wrapper_paddings=&#8221;,,,&#8221; rt_bg_color=&#8221;&#8221; rt_bg_overlay_color=&#8221;&#8221;][vc_widget_sidebar sidebar_id=&#8221;businesslounge-sidebar-for-side-panel&#8221;][\/vc_column][vc_column width=&#8221;3\/4&#8243; rt_bg_effect=&#8221;classic&#8221; rt_bg_image_repeat=&#8221;repeat&#8221; rt_bg_size=&#8221;auto auto&#8221; rt_bg_position=&#8221;right top&#8221; rt_bg_attachment=&#8221;scroll&#8221;][vc_single_image image=&#8221;4949&#8243; img_size=&#8221;full&#8221;][content_box heading=&#8221;\u0130leri teknoloji \u00fcretim tesisimiz, konusunda uzman ve [&hellip;]<\/p>\n","protected":false},"author":1,"featured_media":0,"parent":0,"menu_order":0,"comment_status":"closed","ping_status":"closed","template":"","meta":{"footnotes":""},"class_list":["post-4941","page","type-page","status-publish","hentry"],"_links":{"self":[{"href":"https:\/\/www.cagatay.com\/cy\/wp-json\/wp\/v2\/pages\/4941","targetHints":{"allow":["GET"]}}],"collection":[{"href":"https:\/\/www.cagatay.com\/cy\/wp-json\/wp\/v2\/pages"}],"about":[{"href":"https:\/\/www.cagatay.com\/cy\/wp-json\/wp\/v2\/types\/page"}],"author":[{"embeddable":true,"href":"https:\/\/www.cagatay.com\/cy\/wp-json\/wp\/v2\/users\/1"}],"replies":[{"embeddable":true,"href":"https:\/\/www.cagatay.com\/cy\/wp-json\/wp\/v2\/comments?post=4941"}],"version-history":[{"count":0,"href":"https:\/\/www.cagatay.com\/cy\/wp-json\/wp\/v2\/pages\/4941\/revisions"}],"wp:attachment":[{"href":"https:\/\/www.cagatay.com\/cy\/wp-json\/wp\/v2\/media?parent=4941"}],"curies":[{"name":"wp","href":"https:\/\/api.w.org\/{rel}","templated":true}]}}