{"id":8993,"date":"2022-09-01T13:07:13","date_gmt":"2022-09-01T10:07:13","guid":{"rendered":"https:\/\/www.cagatay.com\/ch\/?page_id=8993"},"modified":"2022-09-02T13:35:44","modified_gmt":"2022-09-02T10:35:44","slug":"produktion-verpackung","status":"publish","type":"page","link":"https:\/\/www.cagatay.com\/ch\/produktion-verpackung\/","title":{"rendered":"Produktion &#038; Verpackung"},"content":{"rendered":"<p>[vc_row rt_row_background_width=&#8221;fullwidth&#8221; rt_row_content_width=&#8221;default&#8221; rt_row_style=&#8221;default-style&#8221; rt_row_height=&#8221;&#8221; rt_column_gaps=&#8221;&#8221; rt_row_shadows=&#8221;&#8221; rt_row_borders=&#8221;&#8221; rt_bg_effect=&#8221;classic&#8221; rt_bg_image_repeat=&#8221;repeat&#8221; rt_bg_size=&#8221;cover&#8221; rt_bg_position=&#8221;right top&#8221; rt_bg_attachment=&#8221;scroll&#8221; rt_bg_layer=&#8221;&#8221; rt_bg_video_format=&#8221;self-hosted&#8221;][vc_column width=&#8221;1\/4&#8243; rt_column_shadow=&#8221;true&#8221; rt_bg_effect=&#8221;classic&#8221; rt_bg_image_repeat=&#8221;repeat&#8221; rt_bg_size=&#8221;auto auto&#8221; rt_bg_position=&#8221;right top&#8221; rt_bg_attachment=&#8221;scroll&#8221; rt_class=&#8221;rt-5485992&#8243; rt_margins=&#8221;,&#8221; rt_paddings=&#8221;,,,&#8221; rt_wrapper_paddings=&#8221;,,,&#8221; rt_tablet_margins=&#8221;,&#8221; rt_tablet_paddings=&#8221;,,,&#8221; rt_tablet_wrapper_paddings=&#8221;,,,&#8221; rt_sp_margins=&#8221;,&#8221; rt_sp_paddings=&#8221;,,,&#8221; rt_sp_wrapper_paddings=&#8221;,,,&#8221; rt_bg_color=&#8221;&#8221; rt_bg_overlay_color=&#8221;&#8221;][vc_widget_sidebar sidebar_id=&#8221;businesslounge-sidebar-for-side-panel&#8221;][\/vc_column][vc_column width=&#8221;3\/4&#8243; rt_bg_effect=&#8221;classic&#8221; rt_bg_image_repeat=&#8221;repeat&#8221; rt_bg_size=&#8221;auto auto&#8221; rt_bg_position=&#8221;right top&#8221; rt_bg_attachment=&#8221;scroll&#8221;][vc_single_image image=&#8221;4949&#8243; img_size=&#8221;full&#8221;]\n\t\t<article class=\"content-box content-box2 content-padding\">\n\t\t<div class=\"rt-heading-wrapper style-1\">\n\t\t\t\t\t\t<h1 class=\"rt-heading style-1\" >Unsere Produktionsst\u00e4tte mit fortschrittlicher Technologie wird von unseren Mitarbeitern, die Experten auf ihrem Gebiet sind und deren Ausbildung nie endet, sorgf\u00e4ltig verwaltet.<\/h1>\n\t\t\t\t\t<\/div>\n\t\t<div class=\"content-holder\">\n\t\t\t<p>\u00c7a\u011fatay Haustiernahrung und Futtermittel Ind. und Handels GmbH hat seine Pionier- und F\u00fchrungsposition in der t\u00fcrkischen Katzen- und Hundefutterindustrie, durch sein Know how und seine Erfahrung als Ergebnis detaillierter und akribischer Studien seit 1982 erhalten, indem diese Werte im Produktionsbereich optimal genutzt werden.<\/p>\n<p><img fetchpriority=\"high\" decoding=\"async\" class=\"alignright wp-image-4944 size-medium\" src=\"https:\/\/www.cagatay.com\/ch\/wp-content\/uploads\/sites\/87\/2018\/03\/Cagatay_Uretim1-300x223.png\" alt=\"\" width=\"300\" height=\"223\" srcset=\"https:\/\/www.cagatay.com\/ch\/wp-content\/uploads\/sites\/87\/2018\/03\/Cagatay_Uretim1-300x223.png 300w, https:\/\/www.cagatay.com\/ch\/wp-content\/uploads\/sites\/87\/2018\/03\/Cagatay_Uretim1-250x185.png 250w, https:\/\/www.cagatay.com\/ch\/wp-content\/uploads\/sites\/87\/2018\/03\/Cagatay_Uretim1.png 500w\" sizes=\"(max-width: 300px) 100vw, 300px\" \/><\/p>\n<p>Unser Unternehmen verwendet die neueste Technologie und vollst\u00e4ndige Automatisierungssysteme als erstes Unternehmen, das Extruder-Technologie (Wenger &#8211; USA) in die t\u00fcrkische Katzen- und Hundefutterindustrie einbringt und Haushaltsnahrung \u00fcber europ\u00e4ischem Standard herstellt.<\/p>\n<p>\u00c7a\u011fatay Haustiernahrung und Futtermittel Ind. und Handels GmbH hat sich seit seiner Gr\u00fcndung zu einem wichtigen Teil des globalen Informationsflusses entwickelt, indem es mit seinen starken, aufrichtigen und vertrauensbasierten Auslandsbeziehungen seinen Platz in der Welt der Katzen- und Hundefuttertechnologie eingenommen hat.<\/p>\n<p>Die Nahrungsrezepturen werden von renommierten Ern\u00e4hrungswissenschaftlern hergestellt, die sich in der internationalen Haustierbranche bew\u00e4hrt haben, und unsere Hightech-Produktionsanlage wird von unseren Mitarbeitern, die Experten auf ihrem Gebiet sind und deren Ausbildung nie endet, sorgf\u00e4ltig verwaltet.<\/p>\n\n\t\t\t\n\t\t<\/div>\n\t\t<\/article>\n\t\t[\/vc_column][\/vc_row][vc_row rt_row_background_width=&#8221;fullwidth&#8221; rt_row_content_width=&#8221;fullwidth&#8221; rt_row_style=&#8221;default-style&#8221; rt_row_height=&#8221;&#8221; rt_column_gaps=&#8221;&#8221; rt_row_shadows=&#8221;&#8221; rt_col_anim=&#8221;true&#8221; rt_row_borders=&#8221;&#8221; rt_bg_effect=&#8221;classic&#8221; rt_bg_image_repeat=&#8221;repeat&#8221; rt_bg_size=&#8221;cover&#8221; rt_bg_position=&#8221;right top&#8221; rt_bg_attachment=&#8221;scroll&#8221; rt_bg_layer=&#8221;&#8221; rt_bg_video_format=&#8221;self-hosted&#8221; rt_class=&#8221;rt-3854797&#8243; rt_paddings=&#8221;,,,&#8221; rt_margins=&#8221;,,,&#8221; rt_content_margins=&#8221;,,,&#8221; rt_tablet_paddings=&#8221;,,,&#8221; rt_tablet_margins=&#8221;,,,&#8221; rt_tablet_content_margins=&#8221;,,,&#8221; rt_sp_paddings=&#8221;,,,&#8221; rt_sp_margins=&#8221;,,,&#8221; rt_sp_content_margins=&#8221;,,,&#8221; rt_bg_image=&#8221;4178&#8243; rt_bg_color=&#8221;#f7f7f7&#8243;][vc_column rt_bg_effect=&#8221;classic&#8221; rt_bg_image_repeat=&#8221;repeat&#8221; rt_bg_size=&#8221;auto auto&#8221; rt_bg_position=&#8221;right top&#8221; rt_bg_attachment=&#8221;scroll&#8221; css=&#8221;.vc_custom_1518774756370{padding-top: 25px !important;padding-bottom: 25px !important;}&#8221; rt_class=&#8221;rt-4127533&#8243; rt_margins=&#8221;,&#8221; rt_paddings=&#8221;,,,&#8221; rt_wrapper_paddings=&#8221;,,,&#8221; rt_tablet_margins=&#8221;,&#8221; rt_tablet_paddings=&#8221;,,,&#8221; rt_tablet_wrapper_paddings=&#8221;,,,&#8221; rt_sp_margins=&#8221;,&#8221; rt_sp_paddings=&#8221;,,,&#8221; rt_sp_wrapper_paddings=&#8221;,,,&#8221; rt_bg_color=&#8221;&#8221; rt_bg_overlay_color=&#8221;&#8221;][vc_masonry_media_grid item=&#8221;masonryMedia_BorderedScale&#8221; initial_loading_animation=&#8221;fadeIn&#8221; grid_id=&#8221;vc_gid:1662114892204-b5f65675-d5c1-9&#8243; include=&#8221;5884,5882,5880,5881,5885,5886&#8243;][\/vc_column][\/vc_row][vc_row rt_row_background_width=&#8221;fullwidth&#8221; rt_row_content_width=&#8221;default&#8221; rt_row_style=&#8221;default-style&#8221; rt_row_height=&#8221;&#8221; rt_column_gaps=&#8221;&#8221; rt_row_shadows=&#8221;&#8221; rt_row_borders=&#8221;&#8221; rt_bg_effect=&#8221;classic&#8221; rt_bg_image_repeat=&#8221;repeat&#8221; rt_bg_size=&#8221;cover&#8221; rt_bg_position=&#8221;right top&#8221; rt_bg_attachment=&#8221;scroll&#8221; rt_bg_layer=&#8221;&#8221; rt_bg_video_format=&#8221;self-hosted&#8221;][vc_column rt_column_shadow=&#8221;true&#8221; rt_bg_effect=&#8221;classic&#8221; rt_bg_image_repeat=&#8221;repeat&#8221; rt_bg_size=&#8221;auto auto&#8221; rt_bg_position=&#8221;right top&#8221; rt_bg_attachment=&#8221;scroll&#8221; rt_class=&#8221;rt-5485992&#8243; rt_margins=&#8221;,&#8221; rt_paddings=&#8221;,,,&#8221; rt_wrapper_paddings=&#8221;,,,&#8221; rt_tablet_margins=&#8221;,&#8221; rt_tablet_paddings=&#8221;,,,&#8221; rt_tablet_wrapper_paddings=&#8221;,,,&#8221; rt_sp_margins=&#8221;,&#8221; rt_sp_paddings=&#8221;,,,&#8221; rt_sp_wrapper_paddings=&#8221;,,,&#8221; rt_bg_color=&#8221;&#8221; rt_bg_overlay_color=&#8221;&#8221;]<div class=\"rt-heading-wrapper style-4 rt-5900882\">\n\t\t\t\t\t\t<h1 class=\"rt-heading style-4\" >Produktionsstufen<\/h1>\n\t\t\t\t\t<\/div>[vc_column_text]\t \n\t\t<div  class=\"bullet-list style-3  arrow\">\n\t\t<ul>\n<li><img decoding=\"async\" class=\"alignright wp-image-4955\" src=\"http:\/\/www.cagatay.com\/chwp-content\/uploads\/sites\/87\/2018\/03\/Sertifikalar-150x150.png\" alt=\"\" width=\"600\" height=\"325\" srcset=\"https:\/\/www.cagatay.com\/ch\/wp-content\/uploads\/sites\/87\/2018\/03\/Sertifikalar-300x163.png 300w, https:\/\/www.cagatay.com\/ch\/wp-content\/uploads\/sites\/87\/2018\/03\/Sertifikalar-360x195.png 360w, https:\/\/www.cagatay.com\/ch\/wp-content\/uploads\/sites\/87\/2018\/03\/Sertifikalar.png 720w\" sizes=\"(max-width: 600px) 100vw, 600px\" \/><img decoding=\"async\" class=\"alignright wp-image-4960 size-full\" src=\"https:\/\/www.cagatay.com\/ch\/wp-content\/uploads\/sites\/87\/2018\/03\/Sertifikalar2.png\" alt=\"\" width=\"600\" height=\"200\" srcset=\"https:\/\/www.cagatay.com\/ch\/wp-content\/uploads\/sites\/87\/2018\/03\/Sertifikalar2.png 600w, https:\/\/www.cagatay.com\/ch\/wp-content\/uploads\/sites\/87\/2018\/03\/Sertifikalar2-300x100.png 300w\" sizes=\"(max-width: 600px) 100vw, 600px\" \/>Die Rohstoffe werden durch Berechnung der Verbrauchsmengen gem\u00e4\u00df dem erstellten Produktionsprogramm in den Rohstoffannahmepool ausgeschleust und dann durch Magnete, Filter bzw. Reiniger geleitet und dann in die Betriebssilos gebracht.<\/li>\n<li>Die Futterration wird in 1-Tonnen-Chargen entsprechend der in der Computersteuerung geladenen prozentualen Mischungsmengen aus den Silos entnommen und in die Vertikalmischer eingezogen.<\/li>\n<li>1 Tonne Charge, die im Vertikalmischer gemischt wird, wird der M\u00fchle zugef\u00fchrt.<\/li>\n<li>Die ausgew\u00e4hlte Futterration, die in der M\u00fchle zu Mehl geworden ist, wird nach Passieren des Rundsiebs (Allgaier &#8211; Deutschland) und Standardisierung der Korngr\u00f6\u00dfen in den Horizontalmischer \u00fcberf\u00fchrt.<\/li>\n<li>Vitamine, Mineralstoffe und Taurin, Glucosamin und Chondroitin etc., die f\u00fcr unsere Freunde notwendig sind, werden in der automatischen Premix-Zubereitungsanlage im Horizontalmischer (Van Aarsen &#8211; Niederlande) zubereitet. F\u00fcr eine homogene Mischung werden zu bestimmten Zeiten zus\u00e4tzlich zugegeben und gemischt.<\/li>\n<li>Die vorbereitete Mehlmischung wird aus dem Horizontalmischer und in den Vorkonditionierer entnommen; Es wird durch die Kocheinheit geleitet, wo es durch Kochen unter Zugabe von Dampf, Wasser und \u00d6l zu Teig wird (Wenger &#8211; USA).<\/li>\n<li>Der hei\u00dfe Teig, der die Vorgarung durchlaufen hat, durchl\u00e4uft die Extrudermaschine, in der unter Zugabe von Wasser und Dampf weitergegart, aber auch beim Durchlaufen der Spiralen komprimiert und mit mechanischer Energie gegart wird, und nimmt schlie\u00dflich die Form des Lebensmittels mit Hilfe von Formen und einem Messer (Wenger &#8211; USA).<\/li>\n<li>Das gekochte und geformte Produkt passiert den Trockner, reduziert seinen Feuchtigkeitsgehalt und passiert dann die Schmiereinheit, wobei die Oberfl\u00e4che geschmiert wird (Wenger &#8211; USA).<\/li>\n<li>Unser fertiges Produkt wird in die Verpackungshalle (Cimbria-D\u00e4nemark) \u00fcberf\u00fchrt, nachdem es durch den K\u00fchler (Wenger &#8211; USA) auf Umgebungstemperatur abgek\u00fchlt und nochmals gesiebt wird, mittels geschlossener Systemb\u00e4nder mit Magneten und Reinigungseinheiten.<\/li>\n<\/ul>\n\n\t\t<\/div>\n\t[\/vc_column_text]\n\t\t<div  class=\"info_box margin-b20 clearfix ok ok\" data-rt-animate=\"animate\" data-rt-animation-type=\"fadeInDown\" data-rt-animation-group=\"single\">\n\t\t\t<span class=\"icon-cancel\"><\/span>\n\t\t\t<p class=\"ui-icon-ok\">\n\t\t\t\tDa die gesamte oben beschriebene Produktion mittels vollautomatischer und computergesteuerter Anlagen erfolgt, wird eine kontinuierliche und nachhaltige Qualit\u00e4t in der Produktion sichergestellt.\n\t\t\t<\/p>\n\t\t<\/div>\n\t[\/vc_column][\/vc_row][vc_row rt_row_background_width=&#8221;fullwidth&#8221; rt_row_content_width=&#8221;fullwidth&#8221; rt_row_style=&#8221;alt-style-1&#8243; rt_row_height=&#8221;&#8221; rt_column_gaps=&#8221;&#8221; rt_row_shadows=&#8221;&#8221; rt_row_borders=&#8221;&#8221; rt_bg_effect=&#8221;classic&#8221; rt_bg_image_repeat=&#8221;repeat&#8221; rt_bg_size=&#8221;cover&#8221; rt_bg_position=&#8221;center center&#8221; rt_bg_attachment=&#8221;scroll&#8221; rt_bg_layer=&#8221;&#8221; rt_bg_video_format=&#8221;self-hosted&#8221; rt_row_paddings=&#8221;true&#8221; rt_padding_top=&#8221;105&#8243; rt_padding_bottom=&#8221;80&#8243; rt_bg_image=&#8221;4178&#8243; rt_class=&#8221;rt-7458863&#8243; rt_paddings=&#8221;80,80,,&#8221; rt_margins=&#8221;,,,&#8221; rt_content_margins=&#8221;,,,&#8221; rt_tablet_paddings=&#8221;,,,&#8221; rt_tablet_margins=&#8221;,,,&#8221; rt_tablet_content_margins=&#8221;,,,&#8221; rt_sp_paddings=&#8221;,,,&#8221; rt_sp_margins=&#8221;,,,&#8221; rt_sp_content_margins=&#8221;,,,&#8221;][vc_column rt_bg_effect=&#8221;classic&#8221; rt_bg_image_repeat=&#8221;repeat&#8221; rt_bg_size=&#8221;auto auto&#8221; rt_bg_position=&#8221;right top&#8221; rt_bg_attachment=&#8221;scroll&#8221; rt_col_paddings=&#8221;true&#8221; rt_wrp_col_paddings=&#8221;false&#8221; rt_padding_left=&#8221;15%&#8221; rt_padding_right=&#8221;15%&#8221; rt_bg_color=&#8221;&#8221; rt_bg_overlay_color=&#8221;&#8221; rt_class=&#8221;rt-1199465&#8243; rt_margins=&#8221;,&#8221; rt_paddings=&#8221;,,15%,15%&#8221; rt_wrapper_paddings=&#8221;,,,&#8221; rt_tablet_margins=&#8221;,&#8221; rt_tablet_paddings=&#8221;,,,&#8221; rt_tablet_wrapper_paddings=&#8221;,,,&#8221; rt_sp_margins=&#8221;,&#8221; rt_sp_paddings=&#8221;,,20,20&#8243; rt_sp_wrapper_paddings=&#8221;,,,&#8221;]<div class=\"rt-heading-wrapper style-4 rt-3421509\">\n\t\t\t\t\t\t<h1 class=\"rt-heading style-4\" >Verpackung<\/h1>\n\t\t\t\t\t<\/div>[vc_column_text]In unseren Verpackungsanlagen (Cetec-Frankreich) wird das Produkt zuerst automatisch in die Verpackung gef\u00fcllt und dann die Luft in der Verpackung vakuumiert und mit Hei\u00dfsiegeltechnik versiegelt.<\/p>\n<p>F\u00fcr jede Tonne Lebensmittel, die in 1-Tonnen-Chargen produziert wird, wird eine separate Chargennummer angegeben und auf der Verpackung vermerkt. Pakete, die an der automatischen Palettieranlage ankommen, werden palettiert. Sie werden ordentlich und unbeschadet auf der Palette gestapelt, nehmen nach Durchlaufen der Reckanlage ihren Platz in den Regalen der Produktlager ein und warten auf den Tag, an dem sie bei unseren Freunden eintreffen.[\/vc_column_text][vc_masonry_media_grid element_width=&#8221;3&#8243; item=&#8221;masonryMedia_BorderedScale&#8221; initial_loading_animation=&#8221;fadeIn&#8221; grid_id=&#8221;vc_gid:1662114892215-799e451b-d61c-9&#8243; include=&#8221;5596,5597,5602,5599,5600,5601,5598&#8243;][vc_empty_space height=&#8221;30px&#8221;][\/vc_column][\/vc_row][vc_row rt_row_background_width=&#8221;fullwidth&#8221; rt_row_content_width=&#8221;default&#8221; rt_row_style=&#8221;default-style&#8221; rt_row_height=&#8221;&#8221; rt_column_placement=&#8221;middle&#8221; rt_column_gaps=&#8221;top&#8221; rt_row_shadows=&#8221;&#8221; rt_row_borders=&#8221;&#8221; rt_bg_effect=&#8221;parallax&#8221; rt_bg_parallax_effect=&#8221;3&#8243; rt_bg_image_repeat=&#8221;no-repeat&#8221; rt_bg_size=&#8221;cover&#8221; rt_bg_position=&#8221;center center&#8221; rt_bg_layer=&#8221;&#8221; rt_bg_video_format=&#8221;self-hosted&#8221; rt_class=&#8221;rt-4547211&#8243; rt_paddings=&#8221;,25,,&#8221; rt_margins=&#8221;,,,&#8221; rt_content_margins=&#8221;,,,&#8221; rt_tablet_paddings=&#8221;,,,&#8221; rt_tablet_margins=&#8221;,,,&#8221; rt_tablet_content_margins=&#8221;,,,&#8221; rt_sp_paddings=&#8221;,,,&#8221; rt_sp_margins=&#8221;,,,&#8221; rt_sp_content_margins=&#8221;,,,&#8221; rt_bg_image=&#8221;5309&#8243;][vc_column rt_bg_effect=&#8221;classic&#8221; rt_bg_image_repeat=&#8221;repeat&#8221; rt_bg_size=&#8221;auto auto&#8221; rt_bg_position=&#8221;right top&#8221; rt_bg_attachment=&#8221;scroll&#8221;][vc_single_image image=&#8221;5376&#8243; img_size=&#8221;full&#8221; alignment=&#8221;center&#8221;][\/vc_column][vc_column width=&#8221;1\/6&#8243; rt_bg_effect=&#8221;classic&#8221; rt_bg_image_repeat=&#8221;repeat&#8221; rt_bg_size=&#8221;auto auto&#8221; rt_bg_position=&#8221;right top&#8221; rt_bg_attachment=&#8221;scroll&#8221;][vc_single_image image=&#8221;4562&#8243; img_size=&#8221;full&#8221;][\/vc_column][vc_column width=&#8221;1\/6&#8243; rt_bg_effect=&#8221;classic&#8221; rt_bg_image_repeat=&#8221;repeat&#8221; rt_bg_size=&#8221;auto auto&#8221; rt_bg_position=&#8221;right top&#8221; rt_bg_attachment=&#8221;scroll&#8221;][vc_single_image image=&#8221;4626&#8243; img_size=&#8221;full&#8221;][\/vc_column][vc_column width=&#8221;1\/6&#8243; rt_bg_effect=&#8221;classic&#8221; rt_bg_image_repeat=&#8221;repeat&#8221; rt_bg_size=&#8221;auto auto&#8221; rt_bg_position=&#8221;right top&#8221; rt_bg_attachment=&#8221;scroll&#8221;][vc_single_image image=&#8221;4625&#8243; img_size=&#8221;full&#8221;][\/vc_column][vc_column width=&#8221;1\/6&#8243; rt_bg_effect=&#8221;classic&#8221; rt_bg_image_repeat=&#8221;repeat&#8221; rt_bg_size=&#8221;auto auto&#8221; rt_bg_position=&#8221;right top&#8221; rt_bg_attachment=&#8221;scroll&#8221;][vc_single_image image=&#8221;5263&#8243; img_size=&#8221;full&#8221;][\/vc_column][vc_column width=&#8221;1\/6&#8243; rt_bg_effect=&#8221;classic&#8221; rt_bg_image_repeat=&#8221;repeat&#8221; rt_bg_size=&#8221;auto auto&#8221; rt_bg_position=&#8221;right top&#8221; rt_bg_attachment=&#8221;scroll&#8221;][vc_single_image image=&#8221;4609&#8243; img_size=&#8221;115&#215;45&#8243;][\/vc_column][vc_column width=&#8221;1\/6&#8243; rt_bg_effect=&#8221;classic&#8221; rt_bg_image_repeat=&#8221;repeat&#8221; rt_bg_size=&#8221;auto auto&#8221; rt_bg_position=&#8221;right top&#8221; rt_bg_attachment=&#8221;scroll&#8221;][vc_single_image image=&#8221;4623&#8243; img_size=&#8221;full&#8221;][\/vc_column][vc_column rt_bg_effect=&#8221;classic&#8221; rt_bg_image_repeat=&#8221;repeat&#8221; rt_bg_size=&#8221;auto auto&#8221; rt_bg_position=&#8221;right top&#8221; rt_bg_attachment=&#8221;scroll&#8221; rt_class=&#8221;rt-8189179&#8243; rt_margins=&#8221;20,&#8221; rt_paddings=&#8221;,,,&#8221; rt_wrapper_paddings=&#8221;,,,&#8221; rt_tablet_margins=&#8221;,&#8221; rt_tablet_paddings=&#8221;,,,&#8221; rt_tablet_wrapper_paddings=&#8221;,,,&#8221; rt_sp_margins=&#8221;,&#8221; rt_sp_paddings=&#8221;,,,&#8221; rt_sp_wrapper_paddings=&#8221;,,,&#8221; rt_bg_color=&#8221;&#8221; rt_bg_overlay_color=&#8221;&#8221;]<div class=\"button_wrapper  aligncenter arrow\"><a href=\"https:\/\/www.cagatay.com\/ch\/_de\/unsere-marken\/\" target=\"_self\" title=\"Schauen Sie sich unsere Marken an\" class=\"button_  style-1 small rt-5445114\"><span><span>Schauen Sie sich unsere Marken an<\/span><\/span><\/a><\/div>[\/vc_column][\/vc_row]<\/p>\n","protected":false},"excerpt":{"rendered":"<p>[vc_row rt_row_background_width=&#8221;fullwidth&#8221; rt_row_content_width=&#8221;default&#8221; rt_row_style=&#8221;default-style&#8221; rt_row_height=&#8221;&#8221; rt_column_gaps=&#8221;&#8221; rt_row_shadows=&#8221;&#8221; rt_row_borders=&#8221;&#8221; rt_bg_effect=&#8221;classic&#8221; rt_bg_image_repeat=&#8221;repeat&#8221; rt_bg_size=&#8221;cover&#8221; rt_bg_position=&#8221;right top&#8221; rt_bg_attachment=&#8221;scroll&#8221; rt_bg_layer=&#8221;&#8221; rt_bg_video_format=&#8221;self-hosted&#8221;][vc_column width=&#8221;1\/4&#8243; rt_column_shadow=&#8221;true&#8221; rt_bg_effect=&#8221;classic&#8221; rt_bg_image_repeat=&#8221;repeat&#8221; rt_bg_size=&#8221;auto auto&#8221; rt_bg_position=&#8221;right top&#8221; rt_bg_attachment=&#8221;scroll&#8221; rt_class=&#8221;rt-5485992&#8243; rt_margins=&#8221;,&#8221; rt_paddings=&#8221;,,,&#8221; rt_wrapper_paddings=&#8221;,,,&#8221; rt_tablet_margins=&#8221;,&#8221; rt_tablet_paddings=&#8221;,,,&#8221; rt_tablet_wrapper_paddings=&#8221;,,,&#8221; rt_sp_margins=&#8221;,&#8221; rt_sp_paddings=&#8221;,,,&#8221; rt_sp_wrapper_paddings=&#8221;,,,&#8221; rt_bg_color=&#8221;&#8221; rt_bg_overlay_color=&#8221;&#8221;][vc_widget_sidebar sidebar_id=&#8221;businesslounge-sidebar-for-side-panel&#8221;][\/vc_column][vc_column width=&#8221;3\/4&#8243; rt_bg_effect=&#8221;classic&#8221; rt_bg_image_repeat=&#8221;repeat&#8221; rt_bg_size=&#8221;auto auto&#8221; rt_bg_position=&#8221;right top&#8221; rt_bg_attachment=&#8221;scroll&#8221;][vc_single_image image=&#8221;4949&#8243; img_size=&#8221;full&#8221;][\/vc_column][\/vc_row][vc_row rt_row_background_width=&#8221;fullwidth&#8221; rt_row_content_width=&#8221;fullwidth&#8221; rt_row_style=&#8221;default-style&#8221; rt_row_height=&#8221;&#8221; rt_column_gaps=&#8221;&#8221; rt_row_shadows=&#8221;&#8221; rt_col_anim=&#8221;true&#8221; [&hellip;]<\/p>\n","protected":false},"author":2,"featured_media":0,"parent":0,"menu_order":0,"comment_status":"closed","ping_status":"closed","template":"","meta":{"footnotes":""},"class_list":["post-8993","page","type-page","status-publish","hentry"],"_links":{"self":[{"href":"https:\/\/www.cagatay.com\/ch\/wp-json\/wp\/v2\/pages\/8993","targetHints":{"allow":["GET"]}}],"collection":[{"href":"https:\/\/www.cagatay.com\/ch\/wp-json\/wp\/v2\/pages"}],"about":[{"href":"https:\/\/www.cagatay.com\/ch\/wp-json\/wp\/v2\/types\/page"}],"author":[{"embeddable":true,"href":"https:\/\/www.cagatay.com\/ch\/wp-json\/wp\/v2\/users\/2"}],"replies":[{"embeddable":true,"href":"https:\/\/www.cagatay.com\/ch\/wp-json\/wp\/v2\/comments?post=8993"}],"version-history":[{"count":0,"href":"https:\/\/www.cagatay.com\/ch\/wp-json\/wp\/v2\/pages\/8993\/revisions"}],"wp:attachment":[{"href":"https:\/\/www.cagatay.com\/ch\/wp-json\/wp\/v2\/media?parent=8993"}],"curies":[{"name":"wp","href":"https:\/\/api.w.org\/{rel}","templated":true}]}}