{"id":8981,"date":"2022-09-01T12:11:26","date_gmt":"2022-09-01T09:11:26","guid":{"rendered":"https:\/\/www.cagatay.com\/ch\/?page_id=8981"},"modified":"2024-08-09T13:38:40","modified_gmt":"2024-08-09T10:38:40","slug":"einzigartiger-inhaltsstoffe","status":"publish","type":"page","link":"https:\/\/www.cagatay.com\/ch\/einzigartiger-inhaltsstoffe\/","title":{"rendered":"Einzigartiger Inhaltsstoffe"},"content":{"rendered":"<p>[vc_row rt_row_background_width=&#8221;fullwidth&#8221; rt_row_content_width=&#8221;default&#8221; rt_row_style=&#8221;default-style&#8221; rt_row_height=&#8221;&#8221; rt_column_gaps=&#8221;&#8221; rt_row_shadows=&#8221;&#8221; rt_row_borders=&#8221;bottom&#8221; rt_bg_effect=&#8221;classic&#8221; rt_bg_image_repeat=&#8221;repeat&#8221; rt_bg_size=&#8221;cover&#8221; rt_bg_position=&#8221;right top&#8221; rt_bg_attachment=&#8221;scroll&#8221; rt_bg_layer=&#8221;&#8221; rt_bg_video_format=&#8221;self-hosted&#8221; rt_class=&#8221;rt-5042145&#8243; rt_paddings=&#8221;,,,&#8221; rt_margins=&#8221;,,,&#8221; rt_content_margins=&#8221;,,,&#8221; rt_tablet_paddings=&#8221;,,,&#8221; rt_tablet_margins=&#8221;,,,&#8221; rt_tablet_content_margins=&#8221;,,,&#8221; rt_sp_paddings=&#8221;,,,&#8221; rt_sp_margins=&#8221;,,,&#8221; rt_sp_content_margins=&#8221;,,,&#8221;][vc_column width=&#8221;1\/4&#8243; rt_column_shadow=&#8221;true&#8221; rt_bg_effect=&#8221;classic&#8221; rt_bg_image_repeat=&#8221;repeat&#8221; rt_bg_size=&#8221;auto auto&#8221; rt_bg_position=&#8221;right top&#8221; rt_bg_attachment=&#8221;scroll&#8221; rt_class=&#8221;rt-5485992&#8243; rt_margins=&#8221;,&#8221; rt_paddings=&#8221;,,,&#8221; rt_wrapper_paddings=&#8221;,,,&#8221; rt_tablet_margins=&#8221;,&#8221; rt_tablet_paddings=&#8221;,,,&#8221; rt_tablet_wrapper_paddings=&#8221;,,,&#8221; rt_sp_margins=&#8221;,&#8221; rt_sp_paddings=&#8221;,,,&#8221; rt_sp_wrapper_paddings=&#8221;,,,&#8221; rt_bg_color=&#8221;&#8221; rt_bg_overlay_color=&#8221;&#8221;][vc_widget_sidebar sidebar_id=&#8221;businesslounge-sidebar-for-side-panel&#8221;][\/vc_column][vc_column width=&#8221;3\/4&#8243; rt_bg_effect=&#8221;classic&#8221; rt_bg_image_repeat=&#8221;repeat&#8221; rt_bg_size=&#8221;auto auto&#8221; rt_bg_position=&#8221;right top&#8221; rt_bg_attachment=&#8221;scroll&#8221;]\n\t\t<article class=\"content-box content-box2 content-padding\">\n\t\t<div class=\"rt-heading-wrapper style-1\">\n\t\t\t\t\t\t<h1 class=\"rt-heading style-1\" >Wir verwenden nur die hochwertigsten Rohstoffe der Welt.<\/h1>\n\t\t\t\t\t<\/div>\n\t\t<div class=\"content-holder\">\n\t\t\t<p>Ungef\u00e4hr 30 % der Rohstoffeink\u00e4ufe stammen von \u00c7angal Tar\u0131m Unternehmen, die der Familie \u00c7a\u011fatay geh\u00f6ren.<\/p>\n<p>Andere Rohstoffe werden direkt (ohne Zwischenh\u00e4ndler) von Lieferanten bezogen, die die h\u00f6chste Qualit\u00e4t der Welt produzieren. Rohstoffe werden regelm\u00e4\u00dfig aus verschiedenen L\u00e4ndern gekauft.<\/p>\n<p>Alle Rohstoffe, die in unser Werk kommen, finden nach Freigabe der Analysewerte, um die gew\u00fcnschten Kriterien zu erf\u00fcllen, ihren Platz in unseren Rohstofflagern, die aus einer geschlossenen Gesamtfl\u00e4che von 12.000 m\u00b2 bestehen und in denen Kontrollen und Inspektionen stattfinden in voller \u00dcbereinstimmung mit den Vorschriften des Nahrungsmittelsicherheitssystem (HACCP) durchgef\u00fchrt.<\/p>\n\n\t\t\t\n\t\t<\/div>\n\t\t<\/article>\n\t\t[vc_single_image image=&#8221;8990&#8243; img_size=&#8221;full&#8221; alignment=&#8221;center&#8221; css=&#8221;.vc_custom_1662025705273{padding-top: 25px !important;}&#8221;][vc_row_inner rt_row_background_width=&#8221;fullwidth&#8221; rt_row_content_width=&#8221;default&#8221; rt_row_style=&#8221;global-style&#8221; rt_row_height=&#8221;&#8221; rt_column_gaps=&#8221;&#8221; rt_col_anim=&#8221;true&#8221; rt_row_borders=&#8221;&#8221; rt_bg_effect=&#8221;classic&#8221; rt_bg_image_repeat=&#8221;no-repeat&#8221; rt_bg_size=&#8221;auto auto&#8221; rt_bg_position=&#8221;right bottom&#8221; rt_bg_attachment=&#8221;scroll&#8221; rt_bg_layer=&#8221;&#8221; rt_bg_video_format=&#8221;self-hosted&#8221; rt_class=&#8221;rt-7522309&#8243; rt_paddings=&#8221;,,,&#8221; rt_margins=&#8221;,,,&#8221; rt_content_margins=&#8221;,,,&#8221; rt_tablet_paddings=&#8221;,,,&#8221; rt_tablet_margins=&#8221;,,,&#8221; rt_tablet_content_margins=&#8221;,,,&#8221; rt_sp_paddings=&#8221;,,,&#8221; rt_sp_margins=&#8221;,,,&#8221; rt_sp_content_margins=&#8221;,,,&#8221;][vc_column_inner width=&#8221;1\/3&#8243; rt_bg_effect=&#8221;classic&#8221; rt_bg_image_repeat=&#8221;repeat&#8221; rt_bg_size=&#8221;auto auto&#8221; rt_bg_position=&#8221;right top&#8221; rt_bg_attachment=&#8221;scroll&#8221;]<article class=\"image-content-box content-box  box-style-1  valign-bottom  left\"><div class=\"featured_image_holder\" style=\"margin-bottom:3px;\"><img decoding=\"async\" class=\"img-responsive left\" src=\"https:\/\/www.cagatay.com\/ch\/wp-content\/uploads\/sites\/87\/2022\/09\/protein-DE.png\" width=\"245\" height=\"31\" alt=\"\" \/><\/div><div class=\"text-holder\"> <table>\n<tbody>\n<tr>\n<td style=\"text-align: left;\"><em><span style=\"font-size: 10pt;\">Chicken Meal<\/span><\/em><\/td>\n<td><span style=\"font-size: 10pt;\">:<\/span><\/td>\n<td><span style=\"font-size: 10pt;\"><strong> Deutschland<\/strong><\/span><\/td>\n<\/tr>\n<tr>\n<td style=\"text-align: left;\"><span style=\"font-size: 10pt;\">\u00a0<\/span><\/td>\n<td><span style=\"font-size: 10pt;\">\u00a0<\/span><\/td>\n<td><span style=\"font-size: 10pt;\"><strong>\u00a0England<\/strong><\/span><\/td>\n<\/tr>\n<tr>\n<td style=\"text-align: left;\"><span style=\"font-size: 10pt;\">\u00a0<\/span><\/td>\n<td><span style=\"font-size: 10pt;\">\u00a0<\/span><\/td>\n<td><span style=\"font-size: 10pt;\"><strong>\u00a0Kanada<\/strong><\/span><\/td>\n<\/tr>\n<tr>\n<td style=\"text-align: left;\"><span style=\"font-size: 10pt;\">\u00a0<\/span><\/td>\n<td><span style=\"font-size: 10pt;\">\u00a0<\/span><\/td>\n<td><span style=\"font-size: 10pt;\"><strong>\u00a0Australien<\/strong><\/span><\/td>\n<\/tr>\n<tr>\n<td style=\"text-align: left;\"><span style=\"font-size: 10pt;\">\u00a0<\/span><\/td>\n<td><span style=\"font-size: 10pt;\">\u00a0<\/span><\/td>\n<td><span style=\"font-size: 10pt;\"><strong>\u00a0T\u00fcrkei<\/strong><\/span><\/td>\n<\/tr>\n<tr>\n<td style=\"text-align: left;\"><span style=\"font-size: 10pt;\"><em>Sardellenmehl<\/em><\/span><\/td>\n<td><span style=\"font-size: 10pt;\">:<\/span><\/td>\n<td><span style=\"font-size: 10pt;\"><strong> T\u00fcrkei<\/strong><\/span><\/td>\n<\/tr>\n<tr>\n<td style=\"text-align: left;\"><span style=\"font-size: 10pt;\"><em>Lachsmehl<\/em><\/span><\/td>\n<td><span style=\"font-size: 10pt;\">:<\/span><\/td>\n<td><span style=\"font-size: 10pt;\"><strong> Norwegen<\/strong><\/span><\/td>\n<\/tr>\n<tr>\n<td style=\"text-align: left;\"><span style=\"font-size: 10pt;\"><em>Garnelenmehl<\/em><\/span><\/td>\n<td><span style=\"font-size: 10pt;\">:<\/span><\/td>\n<td><span style=\"font-size: 10pt;\"><strong>\u00a0Uruguay<\/strong><\/span><\/td>\n<\/tr>\n<\/tbody>\n<\/table>\n<\/div><\/article><article class=\"image-content-box content-box  box-style-1  valign-bottom  left\" style=\"padding-top:25px;\"><div class=\"featured_image_holder\" style=\"margin-bottom:3px;\"><img decoding=\"async\" class=\"img-responsive left\" src=\"https:\/\/www.cagatay.com\/ch\/wp-content\/uploads\/sites\/87\/2022\/09\/oil-DE.png\" width=\"245\" height=\"31\" alt=\"\" \/><\/div><div class=\"text-holder\"> <table style=\"width: 15.8393%;\">\n<tbody>\n<tr>\n<td style=\"width: 42.8571%;\"><em><span style=\"font-size: 10pt;\">H\u00fchner\u00f6l<\/span><\/em><\/td>\n<td style=\"width: 4.16667%;\"><span style=\"font-size: 10pt;\">:<\/span><\/td>\n<td style=\"width: 60.3571%;\"><span style=\"font-size: 10pt;\"><strong>\u00a0England<\/strong><\/span><\/td>\n<\/tr>\n<tr>\n<td style=\"width: 42.8571%;\"><\/td>\n<td style=\"width: 4.16667%;\"><\/td>\n<td style=\"width: 60.3571%;\"><span style=\"font-size: 10pt;\"><strong>\u00a0T\u00fcrkei<\/strong><\/span><\/td>\n<\/tr>\n<tr>\n<td style=\"width: 42.8571%;\"><\/td>\n<td style=\"width: 4.16667%;\"><\/td>\n<td style=\"width: 60.3571%;\"><span style=\"font-size: 10pt;\"><strong> Niederlande<\/strong><\/span><\/td>\n<\/tr>\n<tr>\n<td style=\"width: 42.8571%;\"><\/td>\n<td style=\"width: 4.16667%;\"><\/td>\n<td style=\"width: 60.3571%;\"><span style=\"font-size: 10pt;\"><strong>\u00a0Kanada<\/strong><\/span><\/td>\n<\/tr>\n<tr>\n<td style=\"width: 42.8571%;\"><span style=\"font-size: 13.3333px;\"><i>\u00a0<\/i><\/span><\/td>\n<td style=\"width: 4.16667%;\"><\/td>\n<td style=\"width: 60.3571%;\"><span style=\"font-size: 10pt;\"><strong> Australien<\/strong><\/span><\/td>\n<\/tr>\n<tr>\n<td style=\"text-align: left; width: 42.8571%;\"><em><span style=\"font-size: 10pt;\">Lachs\u00f6l<\/span><\/em><\/td>\n<td style=\"width: 4.16667%;\"><span style=\"font-size: 10pt;\">:<\/span><\/td>\n<td style=\"width: 60.3571%;\"><span style=\"font-size: 10pt;\"><strong> Norwegen<\/strong><\/span><\/td>\n<\/tr>\n<tr>\n<td style=\"text-align: left; width: 42.8571%;\"><span style=\"font-size: 10pt;\"><em>Sardellen\u00f6l<\/em><\/span><\/td>\n<td style=\"width: 4.16667%;\"><span style=\"font-size: 10pt;\">:<\/span><\/td>\n<td style=\"width: 60.3571%;\"><span style=\"font-size: 10pt;\"><strong>\u00a0T\u00fcrkei<\/strong><\/span><\/td>\n<\/tr>\n<\/tbody>\n<\/table>\n<\/div><\/article>[\/vc_column_inner][vc_column_inner width=&#8221;1\/3&#8243; rt_bg_effect=&#8221;classic&#8221; rt_bg_image_repeat=&#8221;repeat&#8221; rt_bg_size=&#8221;auto auto&#8221; rt_bg_position=&#8221;right top&#8221; rt_bg_attachment=&#8221;scroll&#8221;]<article class=\"image-content-box content-box  box-style-1  valign-bottom  left\"><div class=\"featured_image_holder\" style=\"margin-bottom:3px;\"><img decoding=\"async\" class=\"img-responsive left\" src=\"https:\/\/www.cagatay.com\/ch\/wp-content\/uploads\/sites\/87\/2022\/09\/additifs-DE.png\" width=\"245\" height=\"31\" alt=\"\" \/><\/div><div class=\"text-holder\"> <table class=\" alignleft\">\n<tbody>\n<tr>\n<td><span style=\"font-size: 10pt;\"><em>Glucosamin &amp; Chondroitin<\/em><\/span><\/td>\n<td><span style=\"font-size: 10pt;\">:<\/span><\/td>\n<td><span style=\"font-size: 10pt;\"><strong>\u00a0England<\/strong><\/span><\/td>\n<\/tr>\n<tr>\n<td><span style=\"font-size: 10pt;\"><em>Kr\u00e4utermischungen<\/em><\/span><\/td>\n<td><span style=\"font-size: 10pt;\">:<\/span><\/td>\n<td><span style=\"font-size: 10pt;\"><strong>\u00a0England<\/strong><\/span><\/td>\n<\/tr>\n<tr>\n<td><span style=\"font-size: 13.3333px;\"><i>Bierhefe<\/i><\/span><\/td>\n<td><span style=\"font-size: 10pt;\">:<\/span><\/td>\n<td><span style=\"font-size: 10pt;\"><strong>\u00a0T\u00fcrkei<\/strong><\/span><\/td>\n<\/tr>\n<tr>\n<td><\/td>\n<td><\/td>\n<td><span style=\"font-size: 10pt;\"><strong>\u00a0Polen<\/strong><\/span><\/td>\n<\/tr>\n<tr>\n<td><\/td>\n<td><\/td>\n<td><span style=\"font-size: 10pt;\"><strong> Deutschland<\/strong><\/span><\/td>\n<\/tr>\n<tr>\n<td><span style=\"font-size: 10pt;\"><em>Vitamine &amp; Mineralstoffe<\/em><\/span><\/td>\n<td><span style=\"font-size: 10pt;\">:<\/span><\/td>\n<td><span style=\"font-size: 10pt;\"><strong> Schweiz, Frankreich<\/strong><\/span><\/td>\n<\/tr>\n<tr>\n<td><em><span style=\"font-size: 10pt;\">L-Carnitin<\/span><\/em><\/td>\n<td><span style=\"font-size: 10pt;\">:<\/span><\/td>\n<td><span style=\"font-size: 10pt;\"><strong>\u00a0China<\/strong><\/span><\/td>\n<\/tr>\n<tr>\n<td><em><span style=\"font-size: 10pt;\">Taurin<\/span><\/em><\/td>\n<td><span style=\"font-size: 10pt;\">:<\/span><\/td>\n<td><span style=\"font-size: 10pt;\"><strong>\u00a0China<\/strong><\/span><\/td>\n<\/tr>\n<\/tbody>\n<\/table>\n<\/div><\/article><article class=\"image-content-box content-box  box-style-1  valign-bottom  left\" style=\"padding-top:25px;\"><div class=\"featured_image_holder\" style=\"margin-bottom:3px;\"><img loading=\"lazy\" decoding=\"async\" class=\"img-responsive left\" src=\"https:\/\/www.cagatay.com\/ch\/wp-content\/uploads\/sites\/87\/2022\/09\/others-DE.png\" width=\"245\" height=\"31\" alt=\"\" \/><\/div><div class=\"text-holder\"> <table class=\" alignleft\">\n<tbody>\n<tr>\n<td><em><span style=\"font-size: 10pt;\">Aroma<\/span><\/em><\/td>\n<td><span style=\"font-size: 10pt;\">:<\/span><\/td>\n<td><span style=\"font-size: 10pt;\"><strong> Frankreich<\/strong><\/span><\/td>\n<\/tr>\n<tr>\n<td><em><span style=\"font-size: 10pt;\">Phenomind\u2122<\/span><\/em><\/td>\n<td><span style=\"font-size: 10pt;\">:<\/span><\/td>\n<td><span style=\"font-size: 10pt;\"><strong> Frankreich<\/strong><\/span><\/td>\n<\/tr>\n<\/tbody>\n<\/table>\n<\/div><\/article>[\/vc_column_inner][vc_column_inner width=&#8221;1\/3&#8243; rt_bg_effect=&#8221;classic&#8221; rt_bg_image_repeat=&#8221;repeat&#8221; rt_bg_size=&#8221;auto auto&#8221; rt_bg_position=&#8221;right top&#8221; rt_bg_attachment=&#8221;scroll&#8221;]<article class=\"image-content-box content-box  box-style-1  valign-bottom  left\"><div class=\"featured_image_holder\" style=\"margin-bottom:3px;\"><img loading=\"lazy\" decoding=\"async\" class=\"img-responsive left\" src=\"https:\/\/www.cagatay.com\/ch\/wp-content\/uploads\/sites\/87\/2022\/09\/grain-DE.png\" width=\"245\" height=\"31\" alt=\"\" \/><\/div><div class=\"text-holder\"> <table>\n<tbody>\n<tr>\n<td><em><span style=\"font-size: 10pt;\">Reis (Baldo)<\/span><\/em><\/td>\n<td><span style=\"font-size: 10pt;\">:<\/span><\/td>\n<td><span style=\"font-size: 10pt;\"><strong>\u00a0T\u00fcrkei<\/strong><\/span><\/td>\n<\/tr>\n<tr>\n<td><em><span style=\"font-size: 10pt;\">\u00c4gypten<\/span><\/em><\/td>\n<td><span style=\"font-size: 10pt;\">:<\/span><\/td>\n<td><span style=\"font-size: 10pt;\"><strong>\u00a0T\u00fcrkei <\/strong><em><span style=\"font-size: 8pt;\">((Produktion der Familie Cagatay)<\/span><\/em><\/span><\/td>\n<\/tr>\n<tr>\n<td><em><span style=\"font-size: 10pt;\">Weizenmehl<\/span><\/em><\/td>\n<td><span style=\"font-size: 10pt;\">:<\/span><\/td>\n<td><span style=\"font-size: 10pt;\"><strong>\u00a0T\u00fcrkei<\/strong><\/span><\/td>\n<\/tr>\n<tr>\n<td><em><span style=\"font-size: 10pt;\">Zuckerr\u00fcbe<\/span><\/em><\/td>\n<td><span style=\"font-size: 10pt;\">:<\/span><\/td>\n<td><span style=\"font-size: 10pt;\"><strong>\u00a0T\u00fcrkei<\/strong><\/span><\/td>\n<\/tr>\n<tr>\n<td><em><span style=\"font-size: 10pt;\">Ziegenhorn<\/span><\/em><\/td>\n<td><span style=\"font-size: 10pt;\">:<\/span><\/td>\n<td><span style=\"font-size: 10pt;\"><strong>\u00a0T\u00fcrkei<\/strong><\/span><\/td>\n<\/tr>\n<\/tbody>\n<\/table>\n<\/div><\/article>[\/vc_column_inner][\/vc_row_inner][\/vc_column][\/vc_row][vc_row rt_row_background_width=&#8221;fullwidth&#8221; rt_row_content_width=&#8221;default&#8221; rt_row_style=&#8221;default-style&#8221; rt_row_height=&#8221;&#8221; rt_column_placement=&#8221;middle&#8221; rt_column_gaps=&#8221;top&#8221; rt_row_shadows=&#8221;&#8221; rt_row_borders=&#8221;&#8221; rt_bg_effect=&#8221;parallax&#8221; rt_bg_parallax_effect=&#8221;3&#8243; rt_bg_image_repeat=&#8221;no-repeat&#8221; rt_bg_size=&#8221;cover&#8221; rt_bg_position=&#8221;center center&#8221; rt_bg_layer=&#8221;&#8221; rt_bg_video_format=&#8221;self-hosted&#8221; rt_class=&#8221;rt-4547211&#8243; rt_paddings=&#8221;,25,,&#8221; rt_margins=&#8221;,,,&#8221; rt_content_margins=&#8221;,,,&#8221; rt_tablet_paddings=&#8221;,,,&#8221; rt_tablet_margins=&#8221;,,,&#8221; rt_tablet_content_margins=&#8221;,,,&#8221; rt_sp_paddings=&#8221;,,,&#8221; rt_sp_margins=&#8221;,,,&#8221; rt_sp_content_margins=&#8221;,,,&#8221; rt_bg_image=&#8221;5309&#8243;][vc_column rt_bg_effect=&#8221;classic&#8221; rt_bg_image_repeat=&#8221;repeat&#8221; rt_bg_size=&#8221;auto auto&#8221; rt_bg_position=&#8221;right top&#8221; rt_bg_attachment=&#8221;scroll&#8221;][vc_single_image image=&#8221;5376&#8243; img_size=&#8221;full&#8221; alignment=&#8221;center&#8221;][\/vc_column][vc_column width=&#8221;1\/6&#8243; rt_bg_effect=&#8221;classic&#8221; rt_bg_image_repeat=&#8221;repeat&#8221; rt_bg_size=&#8221;auto auto&#8221; rt_bg_position=&#8221;right top&#8221; rt_bg_attachment=&#8221;scroll&#8221;][vc_single_image image=&#8221;4562&#8243; img_size=&#8221;full&#8221;][\/vc_column][vc_column width=&#8221;1\/6&#8243; rt_bg_effect=&#8221;classic&#8221; rt_bg_image_repeat=&#8221;repeat&#8221; rt_bg_size=&#8221;auto auto&#8221; rt_bg_position=&#8221;right top&#8221; rt_bg_attachment=&#8221;scroll&#8221;][vc_single_image image=&#8221;4626&#8243; img_size=&#8221;full&#8221;][\/vc_column][vc_column width=&#8221;1\/6&#8243; rt_bg_effect=&#8221;classic&#8221; rt_bg_image_repeat=&#8221;repeat&#8221; rt_bg_size=&#8221;auto auto&#8221; rt_bg_position=&#8221;right top&#8221; rt_bg_attachment=&#8221;scroll&#8221;][vc_single_image image=&#8221;4625&#8243; img_size=&#8221;full&#8221;][\/vc_column][vc_column width=&#8221;1\/6&#8243; rt_bg_effect=&#8221;classic&#8221; rt_bg_image_repeat=&#8221;repeat&#8221; rt_bg_size=&#8221;auto auto&#8221; rt_bg_position=&#8221;right top&#8221; rt_bg_attachment=&#8221;scroll&#8221;][vc_single_image image=&#8221;5263&#8243; img_size=&#8221;full&#8221;][\/vc_column][vc_column width=&#8221;1\/6&#8243; rt_bg_effect=&#8221;classic&#8221; rt_bg_image_repeat=&#8221;repeat&#8221; rt_bg_size=&#8221;auto auto&#8221; rt_bg_position=&#8221;right top&#8221; rt_bg_attachment=&#8221;scroll&#8221;][vc_single_image image=&#8221;4609&#8243; img_size=&#8221;115&#215;45&#8243;][\/vc_column][vc_column width=&#8221;1\/6&#8243; rt_bg_effect=&#8221;classic&#8221; rt_bg_image_repeat=&#8221;repeat&#8221; rt_bg_size=&#8221;auto auto&#8221; rt_bg_position=&#8221;right top&#8221; rt_bg_attachment=&#8221;scroll&#8221;][vc_single_image image=&#8221;4623&#8243; img_size=&#8221;full&#8221;][\/vc_column][vc_column rt_bg_effect=&#8221;classic&#8221; rt_bg_image_repeat=&#8221;repeat&#8221; rt_bg_size=&#8221;auto auto&#8221; rt_bg_position=&#8221;right top&#8221; rt_bg_attachment=&#8221;scroll&#8221; rt_class=&#8221;rt-8189179&#8243; rt_margins=&#8221;20,&#8221; rt_paddings=&#8221;,,,&#8221; rt_wrapper_paddings=&#8221;,,,&#8221; rt_tablet_margins=&#8221;,&#8221; rt_tablet_paddings=&#8221;,,,&#8221; rt_tablet_wrapper_paddings=&#8221;,,,&#8221; rt_sp_margins=&#8221;,&#8221; rt_sp_paddings=&#8221;,,,&#8221; rt_sp_wrapper_paddings=&#8221;,,,&#8221; rt_bg_color=&#8221;&#8221; rt_bg_overlay_color=&#8221;&#8221;]<div class=\"button_wrapper  aligncenter arrow\"><a href=\"http:\/\/www.cagatay.com\/ch\/markalarimiz\/\" target=\"_self\" title=\"Schauen Sie sich unsere Marken an\" class=\"button_  style-1 small rt-5757685\"><span><span>Schauen Sie sich unsere Marken an<\/span><\/span><\/a><\/div>[\/vc_column][\/vc_row]<\/p>\n","protected":false},"excerpt":{"rendered":"<p>[vc_row rt_row_background_width=&#8221;fullwidth&#8221; rt_row_content_width=&#8221;default&#8221; rt_row_style=&#8221;default-style&#8221; rt_row_height=&#8221;&#8221; rt_column_gaps=&#8221;&#8221; rt_row_shadows=&#8221;&#8221; rt_row_borders=&#8221;bottom&#8221; rt_bg_effect=&#8221;classic&#8221; rt_bg_image_repeat=&#8221;repeat&#8221; rt_bg_size=&#8221;cover&#8221; rt_bg_position=&#8221;right top&#8221; rt_bg_attachment=&#8221;scroll&#8221; rt_bg_layer=&#8221;&#8221; rt_bg_video_format=&#8221;self-hosted&#8221; rt_class=&#8221;rt-5042145&#8243; rt_paddings=&#8221;,,,&#8221; rt_margins=&#8221;,,,&#8221; rt_content_margins=&#8221;,,,&#8221; rt_tablet_paddings=&#8221;,,,&#8221; rt_tablet_margins=&#8221;,,,&#8221; rt_tablet_content_margins=&#8221;,,,&#8221; rt_sp_paddings=&#8221;,,,&#8221; rt_sp_margins=&#8221;,,,&#8221; rt_sp_content_margins=&#8221;,,,&#8221;][vc_column width=&#8221;1\/4&#8243; rt_column_shadow=&#8221;true&#8221; rt_bg_effect=&#8221;classic&#8221; rt_bg_image_repeat=&#8221;repeat&#8221; rt_bg_size=&#8221;auto auto&#8221; rt_bg_position=&#8221;right top&#8221; rt_bg_attachment=&#8221;scroll&#8221; rt_class=&#8221;rt-5485992&#8243; rt_margins=&#8221;,&#8221; rt_paddings=&#8221;,,,&#8221; rt_wrapper_paddings=&#8221;,,,&#8221; rt_tablet_margins=&#8221;,&#8221; rt_tablet_paddings=&#8221;,,,&#8221; rt_tablet_wrapper_paddings=&#8221;,,,&#8221; rt_sp_margins=&#8221;,&#8221; rt_sp_paddings=&#8221;,,,&#8221; rt_sp_wrapper_paddings=&#8221;,,,&#8221; rt_bg_color=&#8221;&#8221; rt_bg_overlay_color=&#8221;&#8221;][vc_widget_sidebar sidebar_id=&#8221;businesslounge-sidebar-for-side-panel&#8221;][\/vc_column][vc_column width=&#8221;3\/4&#8243; rt_bg_effect=&#8221;classic&#8221; rt_bg_image_repeat=&#8221;repeat&#8221; rt_bg_size=&#8221;auto auto&#8221; rt_bg_position=&#8221;right top&#8221; [&hellip;]<\/p>\n","protected":false},"author":2,"featured_media":0,"parent":0,"menu_order":0,"comment_status":"closed","ping_status":"closed","template":"","meta":{"footnotes":""},"class_list":["post-8981","page","type-page","status-publish","hentry"],"_links":{"self":[{"href":"https:\/\/www.cagatay.com\/ch\/wp-json\/wp\/v2\/pages\/8981","targetHints":{"allow":["GET"]}}],"collection":[{"href":"https:\/\/www.cagatay.com\/ch\/wp-json\/wp\/v2\/pages"}],"about":[{"href":"https:\/\/www.cagatay.com\/ch\/wp-json\/wp\/v2\/types\/page"}],"author":[{"embeddable":true,"href":"https:\/\/www.cagatay.com\/ch\/wp-json\/wp\/v2\/users\/2"}],"replies":[{"embeddable":true,"href":"https:\/\/www.cagatay.com\/ch\/wp-json\/wp\/v2\/comments?post=8981"}],"version-history":[{"count":1,"href":"https:\/\/www.cagatay.com\/ch\/wp-json\/wp\/v2\/pages\/8981\/revisions"}],"predecessor-version":[{"id":9829,"href":"https:\/\/www.cagatay.com\/ch\/wp-json\/wp\/v2\/pages\/8981\/revisions\/9829"}],"wp:attachment":[{"href":"https:\/\/www.cagatay.com\/ch\/wp-json\/wp\/v2\/media?parent=8981"}],"curies":[{"name":"wp","href":"https:\/\/api.w.org\/{rel}","templated":true}]}}