{"id":3884,"date":"2017-06-27T16:59:43","date_gmt":"2017-06-27T16:59:43","guid":{"rendered":"http:\/\/businesslounge-demo.rtthemes.com\/?page_id=3884"},"modified":"2019-01-29T10:45:47","modified_gmt":"2019-01-29T07:45:47","slug":"beslenme-felsefemiz","status":"publish","type":"page","link":"https:\/\/www.cagatay.com\/az\/beslenme-felsefemiz\/","title":{"rendered":"Beslenme Felsefemiz"},"content":{"rendered":"<p>[vc_row rt_row_background_width=&#8221;fullwidth&#8221; rt_row_content_width=&#8221;default&#8221; rt_row_style=&#8221;default-style&#8221; rt_row_height=&#8221;&#8221; rt_column_gaps=&#8221;&#8221; rt_row_shadows=&#8221;&#8221; rt_row_borders=&#8221;&#8221; rt_bg_effect=&#8221;classic&#8221; rt_bg_image_repeat=&#8221;repeat&#8221; rt_bg_size=&#8221;cover&#8221; rt_bg_position=&#8221;right top&#8221; rt_bg_attachment=&#8221;scroll&#8221; rt_bg_layer=&#8221;&#8221; rt_bg_video_format=&#8221;self-hosted&#8221;][vc_column width=&#8221;1\/2&#8243; rt_bg_effect=&#8221;classic&#8221; rt_bg_image_repeat=&#8221;repeat&#8221; rt_bg_size=&#8221;auto auto&#8221; rt_bg_position=&#8221;right top&#8221; rt_bg_attachment=&#8221;scroll&#8221;][vc_single_image image=&#8221;6300&#8243; img_size=&#8221;550&#215;550&#8243;][\/vc_column][vc_column width=&#8221;1\/2&#8243; rt_bg_effect=&#8221;classic&#8221; rt_bg_image_repeat=&#8221;repeat&#8221; rt_bg_size=&#8221;auto auto&#8221; rt_bg_position=&#8221;right top&#8221; rt_bg_attachment=&#8221;scroll&#8221;][rt_heading style=&#8221;style-4&#8243; size=&#8221;h1&#8243; font_color_type=&#8221;&#8221; font=&#8221;&#8221; custom_font_size=&#8221;&#8221; link=&#8221;&#8221; link_open=&#8221;_self&#8221; rt_class=&#8221;rt-6871918&#8243; punchline=&#8221;&#8221;]Sa\u011fl\u0131kl\u0131 bir ya\u015fam tarz\u0131 daha iyi beslenmeyi gerektirir.[\/rt_heading][vc_column_text]Evcil hayvanlar i\u00e7in sa\u011fl\u0131kl\u0131 ya\u015fam, k\u0131s\u0131tlanmayan hareketlilik, enerji seviyelerinin idare edilmesi, sa\u011flam bir ba\u011f\u0131\u015f\u0131kl\u0131k sisteminin korunmas\u0131, zihinsel uyan\u0131kl\u0131l\u0131k ve g\u00f6rsel performans\u0131n desteklenmesi anlam\u0131na gelir.<\/p>\n<p>Gen\u00e7liklerinden daha ya\u015fl\u0131 olduklar\u0131 y\u0131llara kadar aktif olan evcil hayvanlar, v\u00fccutlar\u0131n\u0131n en iyi \u015fekilde i\u015flev g\u00f6stermesini devam ettirmek i\u00e7in sa\u011fl\u0131kl\u0131 beslenmeye ihtiya\u00e7 duyarlar.<\/p>\n<p>Ko\u015fmak, z\u0131plamak, oyun oynamak veya avlanmak, enerji, tamamen i\u015flev g\u00f6ren eklemler, optimum kas performans\u0131, kardiyovask\u00fcler dayan\u0131kl\u0131l\u0131k, keskin bir zeka ve sa\u011fl\u0131kl\u0131 pati tabanlar\u0131 gerektirir.<\/p>\n<p>T\u00fcm bunlar, evcil hayvanlar\u0131n optimum \u015fekilde iyi hissetmelerini sa\u011flamak i\u00e7in gerekli fiziksel \u00f6zelliklerdir.[\/vc_column_text][\/vc_column][\/vc_row][vc_row rt_row_background_width=&#8221;fullwidth&#8221; rt_row_content_width=&#8221;default&#8221; rt_row_style=&#8221;default-style&#8221; rt_row_height=&#8221;&#8221; rt_column_gaps=&#8221;&#8221; rt_row_shadows=&#8221;&#8221; rt_row_borders=&#8221;&#8221; rt_bg_effect=&#8221;classic&#8221; rt_bg_image_repeat=&#8221;repeat&#8221; rt_bg_size=&#8221;cover&#8221; rt_bg_position=&#8221;right top&#8221; rt_bg_attachment=&#8221;scroll&#8221; rt_bg_layer=&#8221;&#8221; rt_bg_video_format=&#8221;self-hosted&#8221; rt_class=&#8221;rt-4863608&#8243; rt_paddings=&#8221;,,,&#8221; rt_margins=&#8221;,,,&#8221; rt_content_margins=&#8221;,,,&#8221; rt_tablet_paddings=&#8221;,,,&#8221; rt_tablet_margins=&#8221;,,,&#8221; rt_tablet_content_margins=&#8221;,,,&#8221; rt_sp_paddings=&#8221;,,,&#8221; rt_sp_margins=&#8221;,,,&#8221; rt_sp_content_margins=&#8221;,,,&#8221; rt_bg_color=&#8221;#f1f1f1&#8243;][vc_column rt_bg_effect=&#8221;classic&#8221; rt_bg_image_repeat=&#8221;repeat&#8221; rt_bg_size=&#8221;auto auto&#8221; rt_bg_position=&#8221;right top&#8221; rt_bg_attachment=&#8221;scroll&#8221; rt_class=&#8221;rt-2515293&#8243; rt_margins=&#8221;,&#8221; rt_wrapper_paddings=&#8221;,,,&#8221; rt_tablet_margins=&#8221;,&#8221; rt_tablet_paddings=&#8221;,,,&#8221; rt_tablet_wrapper_paddings=&#8221;,,,&#8221; rt_sp_margins=&#8221;,&#8221; rt_sp_paddings=&#8221;,,,&#8221; rt_sp_wrapper_paddings=&#8221;,,,&#8221; rt_bg_color=&#8221;&#8221; rt_bg_overlay_color=&#8221;&#8221;][blog_box list_layout=&#8221;1\/3&#8243; heading_size=&#8221;h4&#8243; layout_style=&#8221;masonry&#8221; box_style=&#8221;boxed&#8221; use_excerpts=&#8221;true&#8221; excerpt_length=&#8221;250&#8243; pagination=&#8221;true&#8221; ajax_pagination=&#8221;&#8221; list_orderby=&#8221;date&#8221; list_order=&#8221;DESC&#8221; categories=&#8221;49&#8243; show_date=&#8221;false&#8221; show_author=&#8221;false&#8221; show_categories=&#8221;false&#8221; show_comment_numbers=&#8221;false&#8221; show_share=&#8221;true&#8221; show_featured_media=&#8221;true&#8221; featured_image_resize=&#8221;true&#8221; featured_image_max_width=&#8221;0&#8243; featured_image_max_height=&#8221;0&#8243; featured_image_crop=&#8221;false&#8221; item_per_page=&#8221;9&#8243;][\/vc_column][\/vc_row]<\/p>\n","protected":false},"excerpt":{"rendered":"<p>[vc_row rt_row_background_width=&#8221;fullwidth&#8221; rt_row_content_width=&#8221;default&#8221; rt_row_style=&#8221;default-style&#8221; rt_row_height=&#8221;&#8221; rt_column_gaps=&#8221;&#8221; rt_row_shadows=&#8221;&#8221; rt_row_borders=&#8221;&#8221; rt_bg_effect=&#8221;classic&#8221; rt_bg_image_repeat=&#8221;repeat&#8221; rt_bg_size=&#8221;cover&#8221; rt_bg_position=&#8221;right top&#8221; rt_bg_attachment=&#8221;scroll&#8221; rt_bg_layer=&#8221;&#8221; rt_bg_video_format=&#8221;self-hosted&#8221;][vc_column width=&#8221;1\/2&#8243; rt_bg_effect=&#8221;classic&#8221; rt_bg_image_repeat=&#8221;repeat&#8221; rt_bg_size=&#8221;auto auto&#8221; rt_bg_position=&#8221;right top&#8221; rt_bg_attachment=&#8221;scroll&#8221;][vc_single_image image=&#8221;6300&#8243; img_size=&#8221;550&#215;550&#8243;][\/vc_column][vc_column width=&#8221;1\/2&#8243; rt_bg_effect=&#8221;classic&#8221; rt_bg_image_repeat=&#8221;repeat&#8221; rt_bg_size=&#8221;auto auto&#8221; rt_bg_position=&#8221;right top&#8221; rt_bg_attachment=&#8221;scroll&#8221;][rt_heading style=&#8221;style-4&#8243; size=&#8221;h1&#8243; font_color_type=&#8221;&#8221; font=&#8221;&#8221; custom_font_size=&#8221;&#8221; link=&#8221;&#8221; link_open=&#8221;_self&#8221; rt_class=&#8221;rt-6871918&#8243; punchline=&#8221;&#8221;]Sa\u011fl\u0131kl\u0131 bir ya\u015fam tarz\u0131 daha iyi beslenmeyi gerektirir.[\/rt_heading][vc_column_text]Evcil hayvanlar i\u00e7in sa\u011fl\u0131kl\u0131 ya\u015fam, k\u0131s\u0131tlanmayan [&hellip;]<\/p>\n","protected":false},"author":1,"featured_media":0,"parent":0,"menu_order":0,"comment_status":"closed","ping_status":"closed","template":"","meta":{"footnotes":""},"class_list":["post-3884","page","type-page","status-publish","hentry"],"_links":{"self":[{"href":"https:\/\/www.cagatay.com\/az\/wp-json\/wp\/v2\/pages\/3884","targetHints":{"allow":["GET"]}}],"collection":[{"href":"https:\/\/www.cagatay.com\/az\/wp-json\/wp\/v2\/pages"}],"about":[{"href":"https:\/\/www.cagatay.com\/az\/wp-json\/wp\/v2\/types\/page"}],"author":[{"embeddable":true,"href":"https:\/\/www.cagatay.com\/az\/wp-json\/wp\/v2\/users\/1"}],"replies":[{"embeddable":true,"href":"https:\/\/www.cagatay.com\/az\/wp-json\/wp\/v2\/comments?post=3884"}],"version-history":[{"count":0,"href":"https:\/\/www.cagatay.com\/az\/wp-json\/wp\/v2\/pages\/3884\/revisions"}],"wp:attachment":[{"href":"https:\/\/www.cagatay.com\/az\/wp-json\/wp\/v2\/media?parent=3884"}],"curies":[{"name":"wp","href":"https:\/\/api.w.org\/{rel}","templated":true}]}}