{"id":7847,"date":"2022-02-03T11:31:11","date_gmt":"2022-02-03T08:31:11","guid":{"rendered":"https:\/\/www.cagatay.com\/al\/?page_id=7847"},"modified":"2022-02-04T10:10:45","modified_gmt":"2022-02-04T07:10:45","slug":"perberes-unike","status":"publish","type":"page","link":"https:\/\/www.cagatay.com\/al\/perberes-unike\/","title":{"rendered":"P\u00ebrb\u00ebr\u00ebs Unik\u00eb"},"content":{"rendered":"<p>[vc_row rt_row_background_width=&#8221;fullwidth&#8221; rt_row_content_width=&#8221;default&#8221; rt_row_style=&#8221;default-style&#8221; rt_row_height=&#8221;&#8221; rt_column_gaps=&#8221;&#8221; rt_row_shadows=&#8221;&#8221; rt_row_borders=&#8221;bottom&#8221; rt_bg_effect=&#8221;classic&#8221; rt_bg_image_repeat=&#8221;repeat&#8221; rt_bg_size=&#8221;cover&#8221; rt_bg_position=&#8221;right top&#8221; rt_bg_attachment=&#8221;scroll&#8221; rt_bg_layer=&#8221;&#8221; rt_bg_video_format=&#8221;self-hosted&#8221; rt_class=&#8221;rt-5042145&#8243; rt_paddings=&#8221;,,,&#8221; rt_margins=&#8221;,,,&#8221; rt_content_margins=&#8221;,,,&#8221; rt_tablet_paddings=&#8221;,,,&#8221; rt_tablet_margins=&#8221;,,,&#8221; rt_tablet_content_margins=&#8221;,,,&#8221; rt_sp_paddings=&#8221;,,,&#8221; rt_sp_margins=&#8221;,,,&#8221; rt_sp_content_margins=&#8221;,,,&#8221;][vc_column width=&#8221;1\/4&#8243; rt_column_shadow=&#8221;true&#8221; rt_bg_effect=&#8221;classic&#8221; rt_bg_image_repeat=&#8221;repeat&#8221; rt_bg_size=&#8221;auto auto&#8221; rt_bg_position=&#8221;right top&#8221; rt_bg_attachment=&#8221;scroll&#8221; rt_class=&#8221;rt-5485992&#8243; rt_margins=&#8221;,&#8221; rt_paddings=&#8221;,,,&#8221; rt_wrapper_paddings=&#8221;,,,&#8221; rt_tablet_margins=&#8221;,&#8221; rt_tablet_paddings=&#8221;,,,&#8221; rt_tablet_wrapper_paddings=&#8221;,,,&#8221; rt_sp_margins=&#8221;,&#8221; rt_sp_paddings=&#8221;,,,&#8221; rt_sp_wrapper_paddings=&#8221;,,,&#8221; rt_bg_color=&#8221;&#8221; rt_bg_overlay_color=&#8221;&#8221;][vc_widget_sidebar sidebar_id=&#8221;businesslounge-sidebar-for-side-panel&#8221;][\/vc_column][vc_column width=&#8221;3\/4&#8243; rt_bg_effect=&#8221;classic&#8221; rt_bg_image_repeat=&#8221;repeat&#8221; rt_bg_size=&#8221;auto auto&#8221; rt_bg_position=&#8221;right top&#8221; rt_bg_attachment=&#8221;scroll&#8221;][content_box heading=&#8221;Ne p\u00ebrdorim vet\u00ebm l\u00ebnd\u00ebt e para t\u00eb cil\u00ebsis\u00eb m\u00eb t\u00eb mir\u00eb n\u00eb bot\u00eb.&#8221; heading_size=&#8221;h1&#8243; heading_style=&#8221;style-1&#8243; button_style=&#8221;text&#8221; button_size=&#8221;small&#8221; punchline=&#8221;&#8221;]P\u00ebraf\u00ebrsisht 30% e marrjes s\u00eb l\u00ebnd\u00ebs s\u00eb par\u00eb vjen nga nd\u00ebrmarrjet \u00c7angal Tar\u0131m, e cila i p\u00ebrket familjes \u00c7a\u011fatay.<\/p>\n<p>L\u00ebnd\u00ebt e tjera t\u00eb para importohen direkt nga furnitor\u00ebt (pa nj\u00eb tregtar nd\u00ebrmjet) t\u00eb cil\u00ebt prodhojn\u00eb cil\u00ebsin\u00eb m\u00eb t\u00eb lart\u00eb n\u00eb bot\u00eb. D\u00ebrgesat e l\u00ebnd\u00ebve t\u00eb para kryhen periodikisht nga vende t\u00eb ndryshme.<\/p>\n<p>T\u00eb gjitha l\u00ebnd\u00ebt e para q\u00eb vijn\u00eb n\u00eb fabrik\u00ebn ton\u00eb pasi vlerat e analiz\u00ebs jan\u00eb miratuar p\u00ebr p\u00ebrputhje me kriteret e k\u00ebrkuara, vendosen n\u00eb magazinat tona t\u00eb l\u00ebnd\u00ebve t\u00eb para t\u00eb p\u00ebrb\u00ebra prej 12.000 m\u00b2 sip\u00ebrfaqe t\u00eb mbyllura dhe kontrollohen dhe inspektohen n\u00eb p\u00ebrputhje t\u00eb plot\u00eb me rregulloret HACCP.[\/content_box][vc_single_image image=&#8221;5624&#8243; img_size=&#8221;full&#8221; alignment=&#8221;center&#8221; css=&#8221;.vc_custom_1522143862915{padding-top: 25px !important;}&#8221;][vc_row_inner rt_row_background_width=&#8221;fullwidth&#8221; rt_row_content_width=&#8221;default&#8221; rt_row_style=&#8221;global-style&#8221; rt_row_height=&#8221;&#8221; rt_column_gaps=&#8221;&#8221; rt_col_anim=&#8221;true&#8221; rt_row_borders=&#8221;&#8221; rt_bg_effect=&#8221;classic&#8221; rt_bg_image_repeat=&#8221;no-repeat&#8221; rt_bg_size=&#8221;auto auto&#8221; rt_bg_position=&#8221;right bottom&#8221; rt_bg_attachment=&#8221;scroll&#8221; rt_bg_layer=&#8221;&#8221; rt_bg_video_format=&#8221;self-hosted&#8221; rt_class=&#8221;rt-7522309&#8243; rt_paddings=&#8221;,,,&#8221; rt_margins=&#8221;,,,&#8221; rt_content_margins=&#8221;,,,&#8221; rt_tablet_paddings=&#8221;,,,&#8221; rt_tablet_margins=&#8221;,,,&#8221; rt_tablet_content_margins=&#8221;,,,&#8221; rt_sp_paddings=&#8221;,,,&#8221; rt_sp_margins=&#8221;,,,&#8221; rt_sp_content_margins=&#8221;,,,&#8221;][vc_column_inner width=&#8221;1\/3&#8243; rt_bg_effect=&#8221;classic&#8221; rt_bg_image_repeat=&#8221;repeat&#8221; rt_bg_size=&#8221;auto auto&#8221; rt_bg_position=&#8221;right top&#8221; rt_bg_attachment=&#8221;scroll&#8221;][content_image_box img=&#8221;7858&#8243; heading=&#8221;&#8221; heading_size=&#8221;h4&#8243; style=&#8221;style-1&#8243; text_align=&#8221;left&#8221; img_pos=&#8221;before&#8221; img_align=&#8221;left&#8221; img_valign=&#8221;bottom&#8221; retina_image=&#8221;&#8221; button_style=&#8221;text&#8221; button_size=&#8221;small&#8221; box_height=&#8221;&#8221; bg_color=&#8221;&#8221; heading_bottom_margin=&#8221;0&#8243; img_bottom_margin=&#8221;3&#8243;]<\/p>\n<table>\n<tbody>\n<tr>\n<td style=\"text-align: left;\"><em><span style=\"font-size: 10pt;\">Ushqimi i shpend\u00ebve<\/span><\/em><\/td>\n<td><span style=\"font-size: 10pt;\">:<\/span><\/td>\n<td><span style=\"font-size: 10pt;\"><strong>\u00a0Gjermani<\/strong><\/span><\/td>\n<\/tr>\n<tr>\n<td style=\"text-align: left;\"><span style=\"font-size: 10pt;\">\u00a0<\/span><\/td>\n<td><span style=\"font-size: 10pt;\">\u00a0<\/span><\/td>\n<td><span style=\"font-size: 10pt;\"><strong>\u00a0Mbret\u00ebria e Bashkuar<\/strong><\/span><\/td>\n<\/tr>\n<tr>\n<td style=\"text-align: left;\"><span style=\"font-size: 10pt;\">\u00a0<\/span><\/td>\n<td><span style=\"font-size: 10pt;\">\u00a0<\/span><\/td>\n<td><span style=\"font-size: 10pt;\"><strong>\u00a0Kanada<\/strong><\/span><\/td>\n<\/tr>\n<tr>\n<td style=\"text-align: left;\"><span style=\"font-size: 10pt;\">\u00a0<\/span><\/td>\n<td><span style=\"font-size: 10pt;\">\u00a0<\/span><\/td>\n<td><span style=\"font-size: 10pt;\"><strong>\u00a0Australi<\/strong><\/span><\/td>\n<\/tr>\n<tr>\n<td style=\"text-align: left;\"><span style=\"font-size: 10pt;\">\u00a0<\/span><\/td>\n<td><span style=\"font-size: 10pt;\">\u00a0<\/span><\/td>\n<td><span style=\"font-size: 10pt;\"><strong>\u00a0Turqi<\/strong><\/span><\/td>\n<\/tr>\n<tr>\n<td style=\"text-align: left;\"><em><span style=\"font-size: 10pt;\">Ushqimi i a\u00e7uges<\/span><\/em><\/td>\n<td><span style=\"font-size: 10pt;\">:<\/span><\/td>\n<td><span style=\"font-size: 10pt;\"><strong>\u00a0Turqi<\/strong><\/span><\/td>\n<\/tr>\n<tr>\n<td style=\"text-align: left;\"><em><span style=\"font-size: 10pt;\">Ushqimi i salmonit<\/span><\/em><\/td>\n<td><span style=\"font-size: 10pt;\">:<\/span><\/td>\n<td><span style=\"font-size: 10pt;\"><strong>\u00a0Norvegji<\/strong><\/span><\/td>\n<\/tr>\n<tr>\n<td style=\"text-align: left;\"><span style=\"font-size: 10pt;\"><em>Ushqimi Krill<\/em><\/span><\/td>\n<td><span style=\"font-size: 10pt;\">:<\/span><\/td>\n<td><span style=\"font-size: 10pt;\"><strong>\u00a0Uruguaj<\/strong><\/span><\/td>\n<\/tr>\n<\/tbody>\n<\/table>\n<p>[\/content_image_box][content_image_box img=&#8221;7859&#8243; heading=&#8221;&#8221; heading_size=&#8221;h4&#8243; style=&#8221;style-1&#8243; text_align=&#8221;left&#8221; img_pos=&#8221;before&#8221; img_align=&#8221;left&#8221; img_valign=&#8221;bottom&#8221; retina_image=&#8221;&#8221; button_style=&#8221;text&#8221; button_size=&#8221;small&#8221; box_height=&#8221;&#8221; bg_color=&#8221;&#8221; heading_bottom_margin=&#8221;0&#8243; img_bottom_margin=&#8221;3&#8243; padding_top=&#8221;25&#8243;]<\/p>\n<table>\n<tbody>\n<tr>\n<td><em><span style=\"font-size: 10pt;\">Vaji i pul\u00ebs<\/span><\/em><\/td>\n<td><span style=\"font-size: 10pt;\">:<\/span><\/td>\n<td><span style=\"font-size: 10pt;\"><strong>\u00a0Angli<\/strong><\/span><\/td>\n<\/tr>\n<tr>\n<td><\/td>\n<td><\/td>\n<td><span style=\"font-size: 10pt;\"><strong>\u00a0Turqi<\/strong><\/span><\/td>\n<\/tr>\n<tr>\n<td><\/td>\n<td><\/td>\n<td><span style=\"font-size: 10pt;\"><strong>\u00a0Holand\u00eb<\/strong><\/span><\/td>\n<\/tr>\n<tr>\n<td><\/td>\n<td><\/td>\n<td><span style=\"font-size: 10pt;\"><strong>\u00a0Kanada<\/strong><\/span><\/td>\n<\/tr>\n<tr>\n<td><span style=\"font-size: 13.3333px;\"><i>\u00a0<\/i><\/span><\/td>\n<td><\/td>\n<td><span style=\"font-size: 10pt;\"><strong>\u00a0Australi<\/strong><\/span><\/td>\n<\/tr>\n<tr>\n<td style=\"text-align: left;\"><em><span style=\"font-size: 10pt;\">Vaji i salmonit<\/span><\/em><\/td>\n<td><span style=\"font-size: 10pt;\">:<\/span><\/td>\n<td><span style=\"font-size: 10pt;\"><strong>\u00a0Norvegji<\/strong><\/span><\/td>\n<\/tr>\n<tr>\n<td style=\"text-align: left;\"><em><span style=\"font-size: 10pt;\">Vaji i a\u00e7uges<\/span><\/em><\/td>\n<td><span style=\"font-size: 10pt;\">:<\/span><\/td>\n<td><span style=\"font-size: 10pt;\"><strong>\u00a0Turqi<\/strong><\/span><\/td>\n<\/tr>\n<\/tbody>\n<\/table>\n<p>[\/content_image_box][\/vc_column_inner][vc_column_inner width=&#8221;1\/3&#8243; rt_bg_effect=&#8221;classic&#8221; rt_bg_image_repeat=&#8221;repeat&#8221; rt_bg_size=&#8221;auto auto&#8221; rt_bg_position=&#8221;right top&#8221; rt_bg_attachment=&#8221;scroll&#8221;][content_image_box img=&#8221;7861&#8243; heading=&#8221;&#8221; heading_size=&#8221;h4&#8243; style=&#8221;style-1&#8243; text_align=&#8221;left&#8221; img_pos=&#8221;before&#8221; img_align=&#8221;left&#8221; img_valign=&#8221;bottom&#8221; retina_image=&#8221;&#8221; button_style=&#8221;text&#8221; button_size=&#8221;small&#8221; box_height=&#8221;&#8221; bg_color=&#8221;&#8221; heading_bottom_margin=&#8221;0&#8243; img_bottom_margin=&#8221;3&#8243;]<\/p>\n<table class=\" alignleft\">\n<tbody>\n<tr>\n<td><em><span style=\"font-size: 8pt;\">Glucosamine &amp; Chondroitin<\/span><\/em><\/td>\n<td><span style=\"font-size: 10pt;\">:<\/span><\/td>\n<td><span style=\"font-size: 10pt;\"><strong>\u00a0Mbret\u00ebria e Bashkuar<\/strong><\/span><\/td>\n<\/tr>\n<tr>\n<td><em><span style=\"font-size: 10pt;\">P\u00ebrzierjet e bim\u00ebve<\/span><\/em><\/td>\n<td><span style=\"font-size: 10pt;\">:<\/span><\/td>\n<td><span style=\"font-size: 10pt;\"><strong> \u00a0Mbret\u00ebria e Bashkuar<\/strong><\/span><\/td>\n<\/tr>\n<tr>\n<td><em><span style=\"font-size: 10pt;\">Maja e birr\u00ebs<\/span><\/em><\/td>\n<td><span style=\"font-size: 10pt;\">:<\/span><\/td>\n<td><span style=\"font-size: 10pt;\"><strong>\u00a0Turqi<\/strong><\/span><\/td>\n<\/tr>\n<tr>\n<td><\/td>\n<td><\/td>\n<td><span style=\"font-size: 10pt;\"><strong>\u00a0Poloni<\/strong><\/span><\/td>\n<\/tr>\n<tr>\n<td><\/td>\n<td><\/td>\n<td><span style=\"font-size: 10pt;\"><strong>\u00a0Gjermani<\/strong><\/span><\/td>\n<\/tr>\n<tr>\n<td><span style=\"font-size: 8pt;\"><em>Vitamina dhe Minerale<\/em><\/span><\/td>\n<td><span style=\"font-size: 10pt;\">:<\/span><\/td>\n<td><span style=\"font-size: 10pt;\"><strong>\u00a0Zvic\u00ebr, Franc\u00eb<\/strong><\/span><\/td>\n<\/tr>\n<tr>\n<td><em><span style=\"font-size: 10pt;\">L-Carnitine<\/span><\/em><\/td>\n<td><span style=\"font-size: 10pt;\">:<\/span><\/td>\n<td><span style=\"font-size: 10pt;\"><strong>\u00a0Kin\u00eb<\/strong><\/span><\/td>\n<\/tr>\n<tr>\n<td><em><span style=\"font-size: 10pt;\">Taurina<\/span><\/em><\/td>\n<td><span style=\"font-size: 10pt;\">:<\/span><\/td>\n<td><span style=\"font-size: 10pt;\"><strong>\u00a0Kin\u00eb<\/strong><\/span><\/td>\n<\/tr>\n<\/tbody>\n<\/table>\n<p>[\/content_image_box][content_image_box img=&#8221;7860&#8243; heading=&#8221;&#8221; heading_size=&#8221;h4&#8243; style=&#8221;style-1&#8243; text_align=&#8221;left&#8221; img_pos=&#8221;before&#8221; img_align=&#8221;left&#8221; img_valign=&#8221;bottom&#8221; retina_image=&#8221;&#8221; button_style=&#8221;text&#8221; button_size=&#8221;small&#8221; box_height=&#8221;&#8221; bg_color=&#8221;&#8221; heading_bottom_margin=&#8221;0&#8243; img_bottom_margin=&#8221;3&#8243; padding_top=&#8221;25&#8243;]<\/p>\n<table class=\" alignleft\">\n<tbody>\n<tr>\n<td><em><span style=\"font-size: 10pt;\">P\u00ebrmir\u00ebsuesit natyral\u00eb t\u00eb shijimit<\/span><\/em><\/td>\n<td><span style=\"font-size: 10pt;\">:<\/span><\/td>\n<td><span style=\"font-size: 10pt;\"><strong>\u00a0Franc\u00eb<\/strong><\/span><\/td>\n<\/tr>\n<tr>\n<td><em><span style=\"font-size: 10pt;\">Phenomind\u2122<\/span><\/em><\/td>\n<td><span style=\"font-size: 10pt;\">:<\/span><\/td>\n<td><span style=\"font-size: 10pt;\"><strong>\u00a0Franc\u00eb<\/strong><\/span><\/td>\n<\/tr>\n<\/tbody>\n<\/table>\n<p>[\/content_image_box][\/vc_column_inner][vc_column_inner width=&#8221;1\/3&#8243; rt_bg_effect=&#8221;classic&#8221; rt_bg_image_repeat=&#8221;repeat&#8221; rt_bg_size=&#8221;auto auto&#8221; rt_bg_position=&#8221;right top&#8221; rt_bg_attachment=&#8221;scroll&#8221;][content_image_box img=&#8221;7862&#8243; heading=&#8221;&#8221; heading_size=&#8221;h4&#8243; style=&#8221;style-1&#8243; text_align=&#8221;left&#8221; img_pos=&#8221;before&#8221; img_align=&#8221;left&#8221; img_valign=&#8221;bottom&#8221; retina_image=&#8221;&#8221; button_style=&#8221;text&#8221; button_size=&#8221;small&#8221; box_height=&#8221;&#8221; bg_color=&#8221;&#8221; heading_bottom_margin=&#8221;0&#8243; img_bottom_margin=&#8221;3&#8243;]<\/p>\n<table>\n<tbody>\n<tr>\n<td><em><span style=\"font-size: 10pt;\">Oriz (Baldo)<\/span><\/em><\/td>\n<td><span style=\"font-size: 10pt;\">:<\/span><\/td>\n<td><span style=\"font-size: 10pt;\"><strong>\u00a0Turqi<\/strong><\/span><\/td>\n<\/tr>\n<tr>\n<td><em><span style=\"font-size: 10pt;\">Mis\u00ebr<\/span><\/em><\/td>\n<td><span style=\"font-size: 10pt;\">:<\/span><\/td>\n<td><span style=\"font-size: 10pt;\"><strong>\u00a0Turqi<br \/>\n<\/strong><em><span style=\"font-size: 8pt;\">(prodhimi i familjes \u00c7a\u011fatay)<\/span><\/em><\/span><\/td>\n<\/tr>\n<tr>\n<td><em><span style=\"font-size: 10pt;\">Miell gruri<\/span><\/em><\/td>\n<td><span style=\"font-size: 10pt;\">:<\/span><\/td>\n<td><span style=\"font-size: 10pt;\"><strong>\u00a0Turqi<\/strong><\/span><\/td>\n<\/tr>\n<tr>\n<td><em><span style=\"font-size: 8pt;\">Pulpa e panxharit t\u00eb sheqerit<\/span><\/em><\/td>\n<td><span style=\"font-size: 10pt;\">:<\/span><\/td>\n<td><span style=\"font-size: 10pt;\"><strong>\u00a0Rusi<\/strong><\/span><\/td>\n<\/tr>\n<tr>\n<td><span style=\"font-size: 13.3333px;\"><i>Carob<\/i><\/span><\/td>\n<td><span style=\"font-size: 10pt;\">:<\/span><\/td>\n<td><span style=\"font-size: 10pt;\"><strong>\u00a0Turqi<\/strong><\/span><\/td>\n<\/tr>\n<\/tbody>\n<\/table>\n<p>[\/content_image_box][\/vc_column_inner][\/vc_row_inner][\/vc_column][\/vc_row][vc_row rt_row_background_width=&#8221;fullwidth&#8221; rt_row_content_width=&#8221;default&#8221; rt_row_style=&#8221;default-style&#8221; rt_row_height=&#8221;&#8221; rt_column_placement=&#8221;middle&#8221; rt_column_gaps=&#8221;top&#8221; rt_row_shadows=&#8221;&#8221; rt_row_borders=&#8221;&#8221; rt_bg_effect=&#8221;parallax&#8221; rt_bg_parallax_effect=&#8221;3&#8243; rt_bg_image_repeat=&#8221;no-repeat&#8221; rt_bg_size=&#8221;cover&#8221; rt_bg_position=&#8221;center center&#8221; rt_bg_layer=&#8221;&#8221; rt_bg_video_format=&#8221;self-hosted&#8221; rt_class=&#8221;rt-4547211&#8243; rt_paddings=&#8221;,25,,&#8221; rt_margins=&#8221;,,,&#8221; rt_content_margins=&#8221;,,,&#8221; rt_tablet_paddings=&#8221;,,,&#8221; rt_tablet_margins=&#8221;,,,&#8221; rt_tablet_content_margins=&#8221;,,,&#8221; rt_sp_paddings=&#8221;,,,&#8221; rt_sp_margins=&#8221;,,,&#8221; rt_sp_content_margins=&#8221;,,,&#8221; rt_bg_image=&#8221;5309&#8243;][vc_column rt_bg_effect=&#8221;classic&#8221; rt_bg_image_repeat=&#8221;repeat&#8221; rt_bg_size=&#8221;auto auto&#8221; rt_bg_position=&#8221;right top&#8221; rt_bg_attachment=&#8221;scroll&#8221;][vc_single_image image=&#8221;5376&#8243; img_size=&#8221;full&#8221; alignment=&#8221;center&#8221;][\/vc_column][vc_column width=&#8221;1\/6&#8243; rt_bg_effect=&#8221;classic&#8221; rt_bg_image_repeat=&#8221;repeat&#8221; rt_bg_size=&#8221;auto auto&#8221; rt_bg_position=&#8221;right top&#8221; rt_bg_attachment=&#8221;scroll&#8221;][vc_single_image image=&#8221;4562&#8243; img_size=&#8221;full&#8221;][\/vc_column][vc_column width=&#8221;1\/6&#8243; rt_bg_effect=&#8221;classic&#8221; rt_bg_image_repeat=&#8221;repeat&#8221; rt_bg_size=&#8221;auto auto&#8221; rt_bg_position=&#8221;right top&#8221; rt_bg_attachment=&#8221;scroll&#8221;][vc_single_image image=&#8221;4626&#8243; img_size=&#8221;full&#8221;][\/vc_column][vc_column width=&#8221;1\/6&#8243; rt_bg_effect=&#8221;classic&#8221; rt_bg_image_repeat=&#8221;repeat&#8221; rt_bg_size=&#8221;auto auto&#8221; rt_bg_position=&#8221;right top&#8221; rt_bg_attachment=&#8221;scroll&#8221;][vc_single_image image=&#8221;4625&#8243; img_size=&#8221;full&#8221;][\/vc_column][vc_column width=&#8221;1\/6&#8243; rt_bg_effect=&#8221;classic&#8221; rt_bg_image_repeat=&#8221;repeat&#8221; rt_bg_size=&#8221;auto auto&#8221; rt_bg_position=&#8221;right top&#8221; rt_bg_attachment=&#8221;scroll&#8221;][vc_single_image image=&#8221;5263&#8243; img_size=&#8221;full&#8221;][\/vc_column][vc_column width=&#8221;1\/6&#8243; rt_bg_effect=&#8221;classic&#8221; rt_bg_image_repeat=&#8221;repeat&#8221; rt_bg_size=&#8221;auto auto&#8221; rt_bg_position=&#8221;right top&#8221; rt_bg_attachment=&#8221;scroll&#8221;][vc_single_image image=&#8221;4609&#8243; img_size=&#8221;115&#215;45&#8243;][\/vc_column][vc_column width=&#8221;1\/6&#8243; rt_bg_effect=&#8221;classic&#8221; rt_bg_image_repeat=&#8221;repeat&#8221; rt_bg_size=&#8221;auto auto&#8221; rt_bg_position=&#8221;right top&#8221; rt_bg_attachment=&#8221;scroll&#8221;][vc_single_image image=&#8221;4623&#8243; img_size=&#8221;full&#8221;][\/vc_column][vc_column rt_bg_effect=&#8221;classic&#8221; rt_bg_image_repeat=&#8221;repeat&#8221; rt_bg_size=&#8221;auto auto&#8221; rt_bg_position=&#8221;right top&#8221; rt_bg_attachment=&#8221;scroll&#8221; rt_class=&#8221;rt-8189179&#8243; rt_margins=&#8221;20,&#8221; rt_paddings=&#8221;,,,&#8221; rt_wrapper_paddings=&#8221;,,,&#8221; rt_tablet_margins=&#8221;,&#8221; rt_tablet_paddings=&#8221;,,,&#8221; rt_tablet_wrapper_paddings=&#8221;,,,&#8221; rt_sp_margins=&#8221;,&#8221; rt_sp_paddings=&#8221;,,,&#8221; rt_sp_wrapper_paddings=&#8221;,,,&#8221; rt_bg_color=&#8221;&#8221; rt_bg_overlay_color=&#8221;&#8221;][button button_text=&#8221;Eksploroni markat tona&#8221; button_style=&#8221;style-1&#8243; button_arrow=&#8221;true&#8221; font=&#8221;&#8221; button_size=&#8221;small&#8221; button_icon=&#8221;&#8221; button_align=&#8221;center&#8221; button_link=&#8221;https:\/\/www.cagatay.com\/al\/brand-et-tona&#8221; link_open=&#8221;_self&#8221; rt_class=&#8221;rt-8035178&#8243;][\/vc_column][\/vc_row]<\/p>\n","protected":false},"excerpt":{"rendered":"<p>[vc_row rt_row_background_width=&#8221;fullwidth&#8221; rt_row_content_width=&#8221;default&#8221; rt_row_style=&#8221;default-style&#8221; rt_row_height=&#8221;&#8221; rt_column_gaps=&#8221;&#8221; rt_row_shadows=&#8221;&#8221; rt_row_borders=&#8221;bottom&#8221; rt_bg_effect=&#8221;classic&#8221; rt_bg_image_repeat=&#8221;repeat&#8221; rt_bg_size=&#8221;cover&#8221; rt_bg_position=&#8221;right top&#8221; rt_bg_attachment=&#8221;scroll&#8221; rt_bg_layer=&#8221;&#8221; rt_bg_video_format=&#8221;self-hosted&#8221; rt_class=&#8221;rt-5042145&#8243; rt_paddings=&#8221;,,,&#8221; rt_margins=&#8221;,,,&#8221; rt_content_margins=&#8221;,,,&#8221; rt_tablet_paddings=&#8221;,,,&#8221; rt_tablet_margins=&#8221;,,,&#8221; rt_tablet_content_margins=&#8221;,,,&#8221; rt_sp_paddings=&#8221;,,,&#8221; rt_sp_margins=&#8221;,,,&#8221; rt_sp_content_margins=&#8221;,,,&#8221;][vc_column width=&#8221;1\/4&#8243; rt_column_shadow=&#8221;true&#8221; rt_bg_effect=&#8221;classic&#8221; rt_bg_image_repeat=&#8221;repeat&#8221; rt_bg_size=&#8221;auto auto&#8221; rt_bg_position=&#8221;right top&#8221; rt_bg_attachment=&#8221;scroll&#8221; rt_class=&#8221;rt-5485992&#8243; rt_margins=&#8221;,&#8221; rt_paddings=&#8221;,,,&#8221; rt_wrapper_paddings=&#8221;,,,&#8221; rt_tablet_margins=&#8221;,&#8221; rt_tablet_paddings=&#8221;,,,&#8221; rt_tablet_wrapper_paddings=&#8221;,,,&#8221; rt_sp_margins=&#8221;,&#8221; rt_sp_paddings=&#8221;,,,&#8221; rt_sp_wrapper_paddings=&#8221;,,,&#8221; rt_bg_color=&#8221;&#8221; rt_bg_overlay_color=&#8221;&#8221;][vc_widget_sidebar sidebar_id=&#8221;businesslounge-sidebar-for-side-panel&#8221;][\/vc_column][vc_column width=&#8221;3\/4&#8243; rt_bg_effect=&#8221;classic&#8221; rt_bg_image_repeat=&#8221;repeat&#8221; rt_bg_size=&#8221;auto auto&#8221; rt_bg_position=&#8221;right top&#8221; [&hellip;]<\/p>\n","protected":false},"author":2,"featured_media":0,"parent":0,"menu_order":0,"comment_status":"closed","ping_status":"closed","template":"","meta":{"footnotes":""},"class_list":["post-7847","page","type-page","status-publish","hentry"],"_links":{"self":[{"href":"https:\/\/www.cagatay.com\/al\/wp-json\/wp\/v2\/pages\/7847","targetHints":{"allow":["GET"]}}],"collection":[{"href":"https:\/\/www.cagatay.com\/al\/wp-json\/wp\/v2\/pages"}],"about":[{"href":"https:\/\/www.cagatay.com\/al\/wp-json\/wp\/v2\/types\/page"}],"author":[{"embeddable":true,"href":"https:\/\/www.cagatay.com\/al\/wp-json\/wp\/v2\/users\/2"}],"replies":[{"embeddable":true,"href":"https:\/\/www.cagatay.com\/al\/wp-json\/wp\/v2\/comments?post=7847"}],"version-history":[{"count":0,"href":"https:\/\/www.cagatay.com\/al\/wp-json\/wp\/v2\/pages\/7847\/revisions"}],"wp:attachment":[{"href":"https:\/\/www.cagatay.com\/al\/wp-json\/wp\/v2\/media?parent=7847"}],"curies":[{"name":"wp","href":"https:\/\/api.w.org\/{rel}","templated":true}]}}