{"id":7840,"date":"2022-02-03T11:09:42","date_gmt":"2022-02-03T08:09:42","guid":{"rendered":"https:\/\/www.cagatay.com\/al\/?page_id=7840"},"modified":"2022-02-04T10:27:10","modified_gmt":"2022-02-04T07:27:10","slug":"prodhimi-paketimi","status":"publish","type":"page","link":"https:\/\/www.cagatay.com\/al\/prodhimi-paketimi\/","title":{"rendered":"Prodhimi &#038; Paketimi"},"content":{"rendered":"<p>[vc_row rt_row_background_width=&#8221;fullwidth&#8221; rt_row_content_width=&#8221;default&#8221; rt_row_style=&#8221;default-style&#8221; rt_row_height=&#8221;&#8221; rt_column_gaps=&#8221;&#8221; rt_row_shadows=&#8221;&#8221; rt_row_borders=&#8221;&#8221; rt_bg_effect=&#8221;classic&#8221; rt_bg_image_repeat=&#8221;repeat&#8221; rt_bg_size=&#8221;cover&#8221; rt_bg_position=&#8221;right top&#8221; rt_bg_attachment=&#8221;scroll&#8221; rt_bg_layer=&#8221;&#8221; rt_bg_video_format=&#8221;self-hosted&#8221;][vc_column width=&#8221;1\/4&#8243; rt_column_shadow=&#8221;true&#8221; rt_bg_effect=&#8221;classic&#8221; rt_bg_image_repeat=&#8221;repeat&#8221; rt_bg_size=&#8221;auto auto&#8221; rt_bg_position=&#8221;right top&#8221; rt_bg_attachment=&#8221;scroll&#8221; rt_class=&#8221;rt-5485992&#8243; rt_margins=&#8221;,&#8221; rt_paddings=&#8221;,,,&#8221; rt_wrapper_paddings=&#8221;,,,&#8221; rt_tablet_margins=&#8221;,&#8221; rt_tablet_paddings=&#8221;,,,&#8221; rt_tablet_wrapper_paddings=&#8221;,,,&#8221; rt_sp_margins=&#8221;,&#8221; rt_sp_paddings=&#8221;,,,&#8221; rt_sp_wrapper_paddings=&#8221;,,,&#8221; rt_bg_color=&#8221;&#8221; rt_bg_overlay_color=&#8221;&#8221;][vc_widget_sidebar sidebar_id=&#8221;businesslounge-sidebar-for-side-panel&#8221;][\/vc_column][vc_column width=&#8221;3\/4&#8243; rt_bg_effect=&#8221;classic&#8221; rt_bg_image_repeat=&#8221;repeat&#8221; rt_bg_size=&#8221;auto auto&#8221; rt_bg_position=&#8221;right top&#8221; rt_bg_attachment=&#8221;scroll&#8221;][vc_single_image image=&#8221;4949&#8243; img_size=&#8221;full&#8221;][content_box heading=&#8221;Objektet tona t\u00eb prodhimit t\u00eb teknologjis\u00eb s\u00eb lart\u00eb menaxhohen me rigorozitet nga staf profesional i cili mban gjithmon\u00eb trajnime.&#8221; heading_size=&#8221;h1&#8243; heading_style=&#8221;style-1&#8243; button_style=&#8221;text&#8221; button_size=&#8221;small&#8221; punchline=&#8221;&#8221;]\u00c7a\u011fatay Evcil Hayvan Mamalar\u0131 ve Yem \u00dcr\u00fcnleri San. Shko Tik. ACE. ka arritur pozicionin e saj aktual pionier dhe lider n\u00eb sektorin e ushqimit p\u00ebr kafsh\u00ebt sht\u00ebpiake n\u00eb Turqi duke vler\u00ebsuar njohurit\u00eb dhe p\u00ebrvoj\u00ebn e fituar duke kryer nj\u00eb pun\u00eb t\u00eb detajuar dhe t\u00eb p\u00ebrpikt\u00eb q\u00eb nga viti 1982 n\u00eb m\u00ebnyr\u00eb optimale n\u00eb zon\u00ebn e prodhimit.<\/p>\n<p>Si nj\u00eb kompani e cila sjell teknologjin\u00eb ekstruder (Wenger \u2013 SHBA) n\u00eb industrin\u00eb e ushqimit p\u00ebr kafsh\u00ebt sht\u00ebpiake n\u00eb Turqi dhe prodhon ushqimin e par\u00eb vendas p\u00ebr kafsh\u00ebt sht\u00ebpiake p\u00ebrtej standardeve evropiane, ne p\u00ebrdorim sot teknologjin\u00eb m\u00eb t\u00eb fundit dhe sistemet e plota t\u00eb automatizimit.<\/p>\n<p>Q\u00eb nga dita e themelimit, \u00c7a\u011fatay Evcil Hayvan Mamalar\u0131 ve Yem \u00dcr\u00fcnleri San. shih Tik. ACE. \u00ebsht\u00eb b\u00ebr\u00eb nj\u00eb pjes\u00eb e r\u00ebnd\u00ebsishme e rrjedh\u00ebs s\u00eb informacionit n\u00eb industrin\u00eb globale t\u00eb ushqimit p\u00ebr kafsh\u00ebt sht\u00ebpiake me marr\u00ebdh\u00ebniet e saj t\u00eb forta, t\u00eb sinqerta dhe t\u00eb besueshme nd\u00ebrkomb\u00ebtare.<\/p>\n<p>Formulat tona t\u00eb ushqimit p\u00ebrcaktohen nga nutricionist\u00eb t\u00eb shquar t\u00eb cil\u00ebt e kan\u00eb d\u00ebshmuar veten n\u00eb industrin\u00eb nd\u00ebrkomb\u00ebtare t\u00eb ushqimit p\u00ebr kafsh\u00ebt sht\u00ebpiake dhe objektet tona t\u00eb prodhimit t\u00eb teknologjis\u00eb s\u00eb lart\u00eb menaxhohen me rigorozitet nga staf profesional i cili gjithmon\u00eb mban trajnime.[\/content_box][\/vc_column][\/vc_row][vc_row rt_row_background_width=&#8221;fullwidth&#8221; rt_row_content_width=&#8221;fullwidth&#8221; rt_row_style=&#8221;default-style&#8221; rt_row_height=&#8221;&#8221; rt_column_gaps=&#8221;&#8221; rt_row_shadows=&#8221;&#8221; rt_col_anim=&#8221;true&#8221; rt_row_borders=&#8221;&#8221; rt_bg_effect=&#8221;classic&#8221; rt_bg_image_repeat=&#8221;repeat&#8221; rt_bg_size=&#8221;cover&#8221; rt_bg_position=&#8221;right top&#8221; rt_bg_attachment=&#8221;scroll&#8221; rt_bg_layer=&#8221;&#8221; rt_bg_video_format=&#8221;self-hosted&#8221; rt_class=&#8221;rt-3854797&#8243; rt_paddings=&#8221;,,,&#8221; rt_margins=&#8221;,,,&#8221; rt_content_margins=&#8221;,,,&#8221; rt_tablet_paddings=&#8221;,,,&#8221; rt_tablet_margins=&#8221;,,,&#8221; rt_tablet_content_margins=&#8221;,,,&#8221; rt_sp_paddings=&#8221;,,,&#8221; rt_sp_margins=&#8221;,,,&#8221; rt_sp_content_margins=&#8221;,,,&#8221; rt_bg_image=&#8221;4178&#8243; rt_bg_color=&#8221;#f7f7f7&#8243;][vc_column rt_bg_effect=&#8221;classic&#8221; rt_bg_image_repeat=&#8221;repeat&#8221; rt_bg_size=&#8221;auto auto&#8221; rt_bg_position=&#8221;right top&#8221; rt_bg_attachment=&#8221;scroll&#8221; css=&#8221;.vc_custom_1518774756370{padding-top: 25px !important;padding-bottom: 25px !important;}&#8221; rt_class=&#8221;rt-4127533&#8243; rt_margins=&#8221;,&#8221; rt_paddings=&#8221;,,,&#8221; rt_wrapper_paddings=&#8221;,,,&#8221; rt_tablet_margins=&#8221;,&#8221; rt_tablet_paddings=&#8221;,,,&#8221; rt_tablet_wrapper_paddings=&#8221;,,,&#8221; rt_sp_margins=&#8221;,&#8221; rt_sp_paddings=&#8221;,,,&#8221; rt_sp_wrapper_paddings=&#8221;,,,&#8221; rt_bg_color=&#8221;&#8221; rt_bg_overlay_color=&#8221;&#8221;][vc_masonry_media_grid item=&#8221;masonryMedia_BorderedScale&#8221; initial_loading_animation=&#8221;fadeIn&#8221; grid_id=&#8221;vc_gid:1643959061178-4dd0565e-7def-0&#8243; include=&#8221;5932,5930,5928,5929,5933,5934&#8243;][\/vc_column][\/vc_row][vc_row rt_row_background_width=&#8221;fullwidth&#8221; rt_row_content_width=&#8221;default&#8221; rt_row_style=&#8221;default-style&#8221; rt_row_height=&#8221;&#8221; rt_column_gaps=&#8221;&#8221; rt_row_shadows=&#8221;&#8221; rt_row_borders=&#8221;&#8221; rt_bg_effect=&#8221;classic&#8221; rt_bg_image_repeat=&#8221;repeat&#8221; rt_bg_size=&#8221;cover&#8221; rt_bg_position=&#8221;right top&#8221; rt_bg_attachment=&#8221;scroll&#8221; rt_bg_layer=&#8221;&#8221; rt_bg_video_format=&#8221;self-hosted&#8221;][vc_column rt_column_shadow=&#8221;true&#8221; rt_bg_effect=&#8221;classic&#8221; rt_bg_image_repeat=&#8221;repeat&#8221; rt_bg_size=&#8221;auto auto&#8221; rt_bg_position=&#8221;right top&#8221; rt_bg_attachment=&#8221;scroll&#8221; rt_class=&#8221;rt-5485992&#8243; rt_margins=&#8221;,&#8221; rt_paddings=&#8221;,,,&#8221; rt_wrapper_paddings=&#8221;,,,&#8221; rt_tablet_margins=&#8221;,&#8221; rt_tablet_paddings=&#8221;,,,&#8221; rt_tablet_wrapper_paddings=&#8221;,,,&#8221; rt_sp_margins=&#8221;,&#8221; rt_sp_paddings=&#8221;,,,&#8221; rt_sp_wrapper_paddings=&#8221;,,,&#8221; rt_bg_color=&#8221;&#8221; rt_bg_overlay_color=&#8221;&#8221;][rt_heading style=&#8221;style-4&#8243; size=&#8221;h1&#8243; font_color_type=&#8221;&#8221; font=&#8221;&#8221; custom_font_size=&#8221;&#8221; link=&#8221;&#8221; link_open=&#8221;_self&#8221; rt_class=&#8221;rt-7904148&#8243; punchline=&#8221;&#8221;]Proceset e prodhimit[\/rt_heading][vc_column_text][rt_bullet_list list_style=&#8221;style-3&#8243; icon=&#8221;arrow&#8221; id=&#8221;&#8221; class=&#8221;&#8221;]<\/p>\n<ul>\n<li><img loading=\"lazy\" decoding=\"async\" class=\"alignright wp-image-4955\" src=\"https:\/\/www.cagatay.com\/al\/wp-content\/uploads\/sites\/59\/2018\/03\/Sertifikalar.png\" alt=\"\" width=\"600\" height=\"325\" srcset=\"https:\/\/www.cagatay.com\/al\/wp-content\/uploads\/sites\/59\/2018\/03\/Sertifikalar.png 720w, https:\/\/www.cagatay.com\/al\/wp-content\/uploads\/sites\/59\/2018\/03\/Sertifikalar-300x163.png 300w, https:\/\/www.cagatay.com\/al\/wp-content\/uploads\/sites\/59\/2018\/03\/Sertifikalar-360x195.png 360w, https:\/\/www.cagatay.com\/al\/wp-content\/uploads\/sites\/59\/2018\/03\/Sertifikalar-20x11.png 20w, https:\/\/www.cagatay.com\/al\/wp-content\/uploads\/sites\/59\/2018\/03\/Sertifikalar-600x325.png 600w\" sizes=\"auto, (max-width: 600px) 100vw, 600px\" \/><img loading=\"lazy\" decoding=\"async\" class=\"wp-image-4960 size-full alignright\" src=\"https:\/\/www.cagatay.com\/al\/wp-content\/uploads\/sites\/59\/2018\/03\/Sertifikalar2.png\" alt=\"\" width=\"600\" height=\"200\" srcset=\"https:\/\/www.cagatay.com\/al\/wp-content\/uploads\/sites\/59\/2018\/03\/Sertifikalar2.png 600w, https:\/\/www.cagatay.com\/al\/wp-content\/uploads\/sites\/59\/2018\/03\/Sertifikalar2-300x100.png 300w\" sizes=\"auto, (max-width: 600px) 100vw, 600px\" \/>L\u00ebnd\u00ebt e para shkarkohen n\u00eb pishin\u00ebn e marrjes s\u00eb l\u00ebnd\u00ebs s\u00eb par\u00eb duke llogaritur sasin\u00eb e p\u00ebrdorimit t\u00eb tyre sipas planit t\u00eb p\u00ebrgatitur t\u00eb prodhimit dhe kalojn\u00eb p\u00ebrkat\u00ebsisht p\u00ebrmes magneteve, filtrit dhe pastruesit dhe m\u00eb pas transferohen n\u00eb kapanonet operative.<\/li>\n<li>Racioni i ushqimit p\u00ebr kafsh\u00ebt merret nga kapanonet si grumbull nj\u00eb ton sipas p\u00ebrqindjeve t\u00eb p\u00ebrzierjes t\u00eb ngarkuar n\u00eb sistemin e kontrollit kompjuterik dhe t\u00ebrhiqet p\u00ebrmes mikser\u00ebve vertikal\u00eb.<\/li>\n<li>Ngarkesa prej nj\u00eb ton q\u00eb \u00ebsht\u00eb p\u00ebrzier n\u00eb mikserin vertikal d\u00ebrgohet n\u00eb mulli. Racioni specifik i ushqimit p\u00ebr kafsh\u00ebt sht\u00ebpiake, i cili shnd\u00ebrrohet n\u00eb miell n\u00eb mulli, kalohet n\u00eb nj\u00eb sit\u00eb rrethore (Allgaier &#8211; Gjermani) dhe madh\u00ebsit\u00eb e grimcave standardizohen. Dhe m\u00eb pas \u00e7ohet n\u00eb mikserin horizontal.<\/li>\n<li>Vitaminat dhe mineralet si taurina, glukozamina dhe kondroitina, t\u00eb cilat jan\u00eb aditiv\u00eb t\u00eb domosdosh\u00ebm p\u00ebr miqt\u00eb tan\u00eb t\u00eb p\u00ebrk\u00ebdhelur, shtohen n\u00eb mikserin horizontal (Van Aarsen \u2013 Holand\u00eb), n\u00eb sasi t\u00eb p\u00ebrcaktuara n\u00eb sistemin e parap\u00ebrzierjes automatike dhe p\u00ebrzihet n\u00eb sasi t\u00eb caktuara kohe. p\u00ebr nj\u00eb p\u00ebrzierje homogjene.<\/li>\n<li>P\u00ebrzierja e ushqimit t\u00eb p\u00ebrgatitur merret nga p\u00ebrzier\u00ebsi horizontal n\u00eb kondicioner ku gatuhet me nj\u00eb shtim avulli, uji dhe vaji dhe shnd\u00ebrrohet n\u00eb brum\u00eb m\u00eb pas kalohet n\u00eb nj\u00ebsin\u00eb e gatimit (Wenger \u2013 SHBA).<\/li>\n<li>Brumi i ngroht\u00eb i gatuar paraprakisht kalon p\u00ebrmes makin\u00ebs ekstruder (Wenger \u2013 SHBA) ku procesi i gatimit vazhdon me shtimin e ujit dhe avullit, por edhe me energjin\u00eb mekanike duke u ngjeshur duke kaluar n\u00ebp\u00ebr vida dhe p\u00ebrfundimisht ushqimi p\u00ebr kafsh\u00ebt i jepet form\u00eb me kall\u00ebpe dhe thik\u00eb.<\/li>\n<li>Ushqimi i gatuar dhe i form\u00ebsuar p\u00ebr kafsh\u00ebt sht\u00ebpiake kalon n\u00ebp\u00ebr thar\u00ebse n\u00eb m\u00ebnyr\u00eb q\u00eb t\u00eb zvog\u00ebloj\u00eb nivelet e lag\u00ebshtis\u00eb dhe m\u00eb pas i n\u00ebnshtrohet lubrifikimit t\u00eb sip\u00ebrfaqes kur kalon n\u00ebp\u00ebr linj\u00ebn e lubrifikantit (Wenger \u2013 SHBA).<\/li>\n<li>Pasi produkti p\u00ebrfundimtar kalon p\u00ebrmes ftoh\u00ebsit (Wenger \u2013 SHBA) dhe ftohet n\u00eb temperatur\u00ebn e ambientit, ai sitet edhe nj\u00eb her\u00eb dhe transportohet n\u00eb nd\u00ebrtes\u00ebn e ambalazhimit n\u00ebp\u00ebrmjet rripave t\u00eb sistemit t\u00eb mbyllur q\u00eb kan\u00eb magnet dhe nj\u00ebsi pastrimi (Cimbria \u2013 Danimark\u00eb).<\/li>\n<\/ul>\n<p>[\/rt_bullet_list][\/vc_column_text][info_box style=&#8221;ok&#8221;]I gjith\u00eb prodhimi i p\u00ebrshkruar m\u00eb sip\u00ebr kryhet p\u00ebrmes sistemeve plot\u00ebsisht t\u00eb automatizuara dhe t\u00eb kontrolluara nga kompjuteri, gj\u00eb q\u00eb siguron cil\u00ebsi t\u00eb vazhdueshme dhe t\u00eb q\u00ebndrueshme n\u00eb prodhim.[\/info_box][\/vc_column][\/vc_row][vc_row rt_row_background_width=&#8221;fullwidth&#8221; rt_row_content_width=&#8221;fullwidth&#8221; rt_row_style=&#8221;alt-style-1&#8243; rt_row_height=&#8221;&#8221; rt_column_gaps=&#8221;&#8221; rt_row_shadows=&#8221;&#8221; rt_row_borders=&#8221;&#8221; rt_bg_effect=&#8221;classic&#8221; rt_bg_image_repeat=&#8221;repeat&#8221; rt_bg_size=&#8221;cover&#8221; rt_bg_position=&#8221;center center&#8221; rt_bg_attachment=&#8221;scroll&#8221; rt_bg_layer=&#8221;&#8221; rt_bg_video_format=&#8221;self-hosted&#8221; rt_row_paddings=&#8221;true&#8221; rt_padding_top=&#8221;105&#8243; rt_padding_bottom=&#8221;80&#8243; rt_bg_image=&#8221;4178&#8243; rt_class=&#8221;rt-7458863&#8243; rt_paddings=&#8221;80,80,,&#8221; rt_margins=&#8221;,,,&#8221; rt_content_margins=&#8221;,,,&#8221; rt_tablet_paddings=&#8221;,,,&#8221; rt_tablet_margins=&#8221;,,,&#8221; rt_tablet_content_margins=&#8221;,,,&#8221; rt_sp_paddings=&#8221;,,,&#8221; rt_sp_margins=&#8221;,,,&#8221; rt_sp_content_margins=&#8221;,,,&#8221;][vc_column rt_bg_effect=&#8221;classic&#8221; rt_bg_image_repeat=&#8221;repeat&#8221; rt_bg_size=&#8221;auto auto&#8221; rt_bg_position=&#8221;right top&#8221; rt_bg_attachment=&#8221;scroll&#8221; rt_col_paddings=&#8221;true&#8221; rt_wrp_col_paddings=&#8221;false&#8221; rt_padding_left=&#8221;15%&#8221; rt_padding_right=&#8221;15%&#8221; rt_bg_color=&#8221;&#8221; rt_bg_overlay_color=&#8221;&#8221; rt_class=&#8221;rt-1199465&#8243; rt_margins=&#8221;,&#8221; rt_paddings=&#8221;,,15%,15%&#8221; rt_wrapper_paddings=&#8221;,,,&#8221; rt_tablet_margins=&#8221;,&#8221; rt_tablet_paddings=&#8221;,,,&#8221; rt_tablet_wrapper_paddings=&#8221;,,,&#8221; rt_sp_margins=&#8221;,&#8221; rt_sp_paddings=&#8221;,,20,20&#8243; rt_sp_wrapper_paddings=&#8221;,,,&#8221;][rt_heading style=&#8221;style-4&#8243; size=&#8221;h1&#8243; font_color_type=&#8221;&#8221; font=&#8221;&#8221; custom_font_size=&#8221;&#8221; link=&#8221;&#8221; link_open=&#8221;_self&#8221; punchline=&#8221;&#8221; rt_class=&#8221;rt-5982240&#8243; padding_bottom=&#8221;25px&#8221;]Paketimi[\/rt_heading][vc_column_text]N\u00eb ambientet tona t\u00eb paketimit (Cetec-Franc\u00eb), produkti fillimisht mbushet automatikisht n\u00eb ambalazh dhe m\u00eb pas ajri n\u00eb paketim pastrohet dhe mbyllet me teknik\u00ebn e izolimit termik.<\/p>\n<p>Nj\u00eb num\u00ebr unik i seris\u00eb caktohet p\u00ebr \u00e7do ton ushqim p\u00ebr kafsh\u00ebt sht\u00ebpiake t\u00eb prodhuar n\u00eb nj\u00eb grumbull ton dhe shkruhet n\u00eb paket\u00eb.<\/p>\n<p>Paketimet e ushqimit p\u00ebr kafsh\u00ebt grumbullohen n\u00eb paleta n\u00eb gjendje t\u00eb mir\u00eb dhe pa d\u00ebmtime, kalojn\u00eb p\u00ebrmes nj\u00ebsis\u00eb automatike t\u00eb shtrirjes dhe z\u00ebn\u00eb vendin e tyre n\u00eb raftet e magazin\u00ebs son\u00eb duke pritur dit\u00ebn p\u00ebr t\u00eb takuar miqt\u00eb tan\u00eb t\u00eb p\u00ebrk\u00ebdhelur.[\/vc_column_text][vc_masonry_media_grid element_width=&#8221;3&#8243; item=&#8221;masonryMedia_BorderedScale&#8221; initial_loading_animation=&#8221;fadeIn&#8221; grid_id=&#8221;vc_gid:1643959061193-f0fdacc1-7bba-7&#8243; include=&#8221;5596,5597,5602,5599,5600,5601,5598&#8243;][vc_empty_space height=&#8221;30px&#8221;][\/vc_column][\/vc_row][vc_row rt_row_background_width=&#8221;fullwidth&#8221; rt_row_content_width=&#8221;default&#8221; rt_row_style=&#8221;default-style&#8221; rt_row_height=&#8221;&#8221; rt_column_placement=&#8221;middle&#8221; rt_column_gaps=&#8221;top&#8221; rt_row_shadows=&#8221;&#8221; rt_row_borders=&#8221;&#8221; rt_bg_effect=&#8221;parallax&#8221; rt_bg_parallax_effect=&#8221;3&#8243; rt_bg_image_repeat=&#8221;no-repeat&#8221; rt_bg_size=&#8221;cover&#8221; rt_bg_position=&#8221;center center&#8221; rt_bg_layer=&#8221;&#8221; rt_bg_video_format=&#8221;self-hosted&#8221; rt_class=&#8221;rt-4547211&#8243; rt_paddings=&#8221;,25,,&#8221; rt_margins=&#8221;,,,&#8221; rt_content_margins=&#8221;,,,&#8221; rt_tablet_paddings=&#8221;,,,&#8221; rt_tablet_margins=&#8221;,,,&#8221; rt_tablet_content_margins=&#8221;,,,&#8221; rt_sp_paddings=&#8221;,,,&#8221; rt_sp_margins=&#8221;,,,&#8221; rt_sp_content_margins=&#8221;,,,&#8221; rt_bg_image=&#8221;5309&#8243;][vc_column rt_bg_effect=&#8221;classic&#8221; rt_bg_image_repeat=&#8221;repeat&#8221; rt_bg_size=&#8221;auto auto&#8221; rt_bg_position=&#8221;right top&#8221; rt_bg_attachment=&#8221;scroll&#8221;][vc_single_image image=&#8221;5376&#8243; img_size=&#8221;full&#8221; alignment=&#8221;center&#8221;][\/vc_column][vc_column width=&#8221;1\/6&#8243; rt_bg_effect=&#8221;classic&#8221; rt_bg_image_repeat=&#8221;repeat&#8221; rt_bg_size=&#8221;auto auto&#8221; rt_bg_position=&#8221;right top&#8221; rt_bg_attachment=&#8221;scroll&#8221;][vc_single_image image=&#8221;4562&#8243; img_size=&#8221;full&#8221;][\/vc_column][vc_column width=&#8221;1\/6&#8243; rt_bg_effect=&#8221;classic&#8221; rt_bg_image_repeat=&#8221;repeat&#8221; rt_bg_size=&#8221;auto auto&#8221; rt_bg_position=&#8221;right top&#8221; rt_bg_attachment=&#8221;scroll&#8221;][vc_single_image image=&#8221;4626&#8243; img_size=&#8221;full&#8221;][\/vc_column][vc_column width=&#8221;1\/6&#8243; rt_bg_effect=&#8221;classic&#8221; rt_bg_image_repeat=&#8221;repeat&#8221; rt_bg_size=&#8221;auto auto&#8221; rt_bg_position=&#8221;right top&#8221; rt_bg_attachment=&#8221;scroll&#8221;][vc_single_image image=&#8221;4625&#8243; img_size=&#8221;full&#8221;][\/vc_column][vc_column width=&#8221;1\/6&#8243; rt_bg_effect=&#8221;classic&#8221; rt_bg_image_repeat=&#8221;repeat&#8221; rt_bg_size=&#8221;auto auto&#8221; rt_bg_position=&#8221;right top&#8221; rt_bg_attachment=&#8221;scroll&#8221;][vc_single_image image=&#8221;5263&#8243; img_size=&#8221;full&#8221;][\/vc_column][vc_column width=&#8221;1\/6&#8243; rt_bg_effect=&#8221;classic&#8221; rt_bg_image_repeat=&#8221;repeat&#8221; rt_bg_size=&#8221;auto auto&#8221; rt_bg_position=&#8221;right top&#8221; rt_bg_attachment=&#8221;scroll&#8221;][vc_single_image image=&#8221;4609&#8243; img_size=&#8221;115&#215;45&#8243;][\/vc_column][vc_column width=&#8221;1\/6&#8243; rt_bg_effect=&#8221;classic&#8221; rt_bg_image_repeat=&#8221;repeat&#8221; rt_bg_size=&#8221;auto auto&#8221; rt_bg_position=&#8221;right top&#8221; rt_bg_attachment=&#8221;scroll&#8221;][vc_single_image image=&#8221;4623&#8243; img_size=&#8221;full&#8221;][\/vc_column][vc_column rt_bg_effect=&#8221;classic&#8221; rt_bg_image_repeat=&#8221;repeat&#8221; rt_bg_size=&#8221;auto auto&#8221; rt_bg_position=&#8221;right top&#8221; rt_bg_attachment=&#8221;scroll&#8221; rt_class=&#8221;rt-8189179&#8243; rt_margins=&#8221;20,&#8221; rt_paddings=&#8221;,,,&#8221; rt_wrapper_paddings=&#8221;,,,&#8221; rt_tablet_margins=&#8221;,&#8221; rt_tablet_paddings=&#8221;,,,&#8221; rt_tablet_wrapper_paddings=&#8221;,,,&#8221; rt_sp_margins=&#8221;,&#8221; rt_sp_paddings=&#8221;,,,&#8221; rt_sp_wrapper_paddings=&#8221;,,,&#8221; rt_bg_color=&#8221;&#8221; rt_bg_overlay_color=&#8221;&#8221;][button button_text=&#8221;Eksploroni markat tona&#8221; button_style=&#8221;style-1&#8243; button_arrow=&#8221;true&#8221; font=&#8221;&#8221; button_size=&#8221;small&#8221; button_icon=&#8221;&#8221; button_align=&#8221;center&#8221; button_link=&#8221;https:\/\/www.cagatay.com\/al\/brand-et-tona&#8221; link_open=&#8221;_self&#8221; rt_class=&#8221;rt-9662754&#8243;][\/vc_column][\/vc_row]<\/p>\n","protected":false},"excerpt":{"rendered":"<p>[vc_row rt_row_background_width=&#8221;fullwidth&#8221; rt_row_content_width=&#8221;default&#8221; rt_row_style=&#8221;default-style&#8221; rt_row_height=&#8221;&#8221; rt_column_gaps=&#8221;&#8221; rt_row_shadows=&#8221;&#8221; rt_row_borders=&#8221;&#8221; rt_bg_effect=&#8221;classic&#8221; rt_bg_image_repeat=&#8221;repeat&#8221; rt_bg_size=&#8221;cover&#8221; rt_bg_position=&#8221;right top&#8221; rt_bg_attachment=&#8221;scroll&#8221; rt_bg_layer=&#8221;&#8221; rt_bg_video_format=&#8221;self-hosted&#8221;][vc_column width=&#8221;1\/4&#8243; rt_column_shadow=&#8221;true&#8221; rt_bg_effect=&#8221;classic&#8221; rt_bg_image_repeat=&#8221;repeat&#8221; rt_bg_size=&#8221;auto auto&#8221; rt_bg_position=&#8221;right top&#8221; rt_bg_attachment=&#8221;scroll&#8221; rt_class=&#8221;rt-5485992&#8243; rt_margins=&#8221;,&#8221; rt_paddings=&#8221;,,,&#8221; rt_wrapper_paddings=&#8221;,,,&#8221; rt_tablet_margins=&#8221;,&#8221; rt_tablet_paddings=&#8221;,,,&#8221; rt_tablet_wrapper_paddings=&#8221;,,,&#8221; rt_sp_margins=&#8221;,&#8221; rt_sp_paddings=&#8221;,,,&#8221; rt_sp_wrapper_paddings=&#8221;,,,&#8221; rt_bg_color=&#8221;&#8221; rt_bg_overlay_color=&#8221;&#8221;][vc_widget_sidebar sidebar_id=&#8221;businesslounge-sidebar-for-side-panel&#8221;][\/vc_column][vc_column width=&#8221;3\/4&#8243; rt_bg_effect=&#8221;classic&#8221; rt_bg_image_repeat=&#8221;repeat&#8221; rt_bg_size=&#8221;auto auto&#8221; rt_bg_position=&#8221;right top&#8221; rt_bg_attachment=&#8221;scroll&#8221;][vc_single_image image=&#8221;4949&#8243; img_size=&#8221;full&#8221;][content_box heading=&#8221;Objektet tona t\u00eb prodhimit t\u00eb teknologjis\u00eb s\u00eb [&hellip;]<\/p>\n","protected":false},"author":2,"featured_media":0,"parent":0,"menu_order":0,"comment_status":"closed","ping_status":"closed","template":"","meta":{"footnotes":""},"class_list":["post-7840","page","type-page","status-publish","hentry"],"_links":{"self":[{"href":"https:\/\/www.cagatay.com\/al\/wp-json\/wp\/v2\/pages\/7840","targetHints":{"allow":["GET"]}}],"collection":[{"href":"https:\/\/www.cagatay.com\/al\/wp-json\/wp\/v2\/pages"}],"about":[{"href":"https:\/\/www.cagatay.com\/al\/wp-json\/wp\/v2\/types\/page"}],"author":[{"embeddable":true,"href":"https:\/\/www.cagatay.com\/al\/wp-json\/wp\/v2\/users\/2"}],"replies":[{"embeddable":true,"href":"https:\/\/www.cagatay.com\/al\/wp-json\/wp\/v2\/comments?post=7840"}],"version-history":[{"count":0,"href":"https:\/\/www.cagatay.com\/al\/wp-json\/wp\/v2\/pages\/7840\/revisions"}],"wp:attachment":[{"href":"https:\/\/www.cagatay.com\/al\/wp-json\/wp\/v2\/media?parent=7840"}],"curies":[{"name":"wp","href":"https:\/\/api.w.org\/{rel}","templated":true}]}}