{"id":7837,"date":"2022-02-03T11:03:45","date_gmt":"2022-02-03T08:03:45","guid":{"rendered":"https:\/\/www.cagatay.com\/al\/?page_id=7837"},"modified":"2022-02-07T15:09:17","modified_gmt":"2022-02-07T12:09:17","slug":"filozofia-jone-e-te-ushqyerit","status":"publish","type":"page","link":"https:\/\/www.cagatay.com\/al\/filozofia-jone-e-te-ushqyerit\/","title":{"rendered":"Filozofia jon\u00eb e t\u00eb ushqyerit"},"content":{"rendered":"<p>[vc_row rt_row_background_width=&#8221;fullwidth&#8221; rt_row_content_width=&#8221;default&#8221; rt_row_style=&#8221;default-style&#8221; rt_row_height=&#8221;&#8221; rt_column_gaps=&#8221;&#8221; rt_row_shadows=&#8221;&#8221; rt_row_borders=&#8221;&#8221; rt_bg_effect=&#8221;classic&#8221; rt_bg_image_repeat=&#8221;repeat&#8221; rt_bg_size=&#8221;cover&#8221; rt_bg_position=&#8221;right top&#8221; rt_bg_attachment=&#8221;scroll&#8221; rt_bg_layer=&#8221;&#8221; rt_bg_video_format=&#8221;self-hosted&#8221;][vc_column width=&#8221;1\/2&#8243; rt_bg_effect=&#8221;classic&#8221; rt_bg_image_repeat=&#8221;repeat&#8221; rt_bg_size=&#8221;auto auto&#8221; rt_bg_position=&#8221;right top&#8221; rt_bg_attachment=&#8221;scroll&#8221;][vc_single_image image=&#8221;7760&#8243; img_size=&#8221;550&#215;550&#8243;][\/vc_column][vc_column width=&#8221;1\/2&#8243; rt_bg_effect=&#8221;classic&#8221; rt_bg_image_repeat=&#8221;repeat&#8221; rt_bg_size=&#8221;auto auto&#8221; rt_bg_position=&#8221;right top&#8221; rt_bg_attachment=&#8221;scroll&#8221;][rt_heading style=&#8221;style-4&#8243; size=&#8221;h1&#8243; font_color_type=&#8221;&#8221; font=&#8221;&#8221; custom_font_size=&#8221;&#8221; link=&#8221;&#8221; link_open=&#8221;_self&#8221; rt_class=&#8221;rt-8746134&#8243; punchline=&#8221;&#8221;]Nj\u00eb m\u00ebnyr\u00eb jetese e sh\u00ebndetshme k\u00ebrkon nj\u00eb ushqyerje m\u00eb t\u00eb mir\u00eb.[\/rt_heading][vc_column_text]Macet dhe qent\u00eb q\u00eb jan\u00eb aktiv\u00eb gjat\u00eb gjith\u00eb jet\u00ebs s\u00eb tyre kan\u00eb nevoj\u00eb p\u00ebr nj\u00eb diet\u00eb t\u00eb sh\u00ebndetshme n\u00eb m\u00ebnyr\u00eb q\u00eb trupi i tyre t\u00eb funksionoj\u00eb n\u00eb m\u00ebnyr\u00eb ideale.<\/p>\n<p>Ajo q\u00eb k\u00ebrkohet q\u00eb kafsh\u00ebt sht\u00ebpiake t\u00eb vrapojn\u00eb, k\u00ebrcejn\u00eb, luajn\u00eb ose gjuajn\u00eb sipas d\u00ebshir\u00ebs jan\u00eb energjia, funksionimi i plot\u00eb i ky\u00e7eve, performanca optimale e muskujve, q\u00ebndrueshm\u00ebria kardiovaskulare, nj\u00eb mendje akute dhe nj\u00eb putra e sh\u00ebndetshme.<\/p>\n<p>T\u00eb gjitha k\u00ebto jan\u00eb veti fizike q\u00eb kafsh\u00ebt sht\u00ebpiake t\u00eb ndihen mir\u00eb.[\/vc_column_text][\/vc_column][\/vc_row][vc_row rt_row_background_width=&#8221;fullwidth&#8221; rt_row_content_width=&#8221;default&#8221; rt_row_style=&#8221;default-style&#8221; rt_row_height=&#8221;&#8221; rt_column_gaps=&#8221;&#8221; rt_row_shadows=&#8221;&#8221; rt_row_borders=&#8221;&#8221; rt_bg_effect=&#8221;classic&#8221; rt_bg_image_repeat=&#8221;repeat&#8221; rt_bg_size=&#8221;cover&#8221; rt_bg_position=&#8221;right top&#8221; rt_bg_attachment=&#8221;scroll&#8221; rt_bg_layer=&#8221;&#8221; rt_bg_video_format=&#8221;self-hosted&#8221; rt_class=&#8221;rt-4863608&#8243; rt_paddings=&#8221;,,,&#8221; rt_margins=&#8221;,,,&#8221; rt_content_margins=&#8221;,,,&#8221; rt_tablet_paddings=&#8221;,,,&#8221; rt_tablet_margins=&#8221;,,,&#8221; rt_tablet_content_margins=&#8221;,,,&#8221; rt_sp_paddings=&#8221;,,,&#8221; rt_sp_margins=&#8221;,,,&#8221; rt_sp_content_margins=&#8221;,,,&#8221; rt_bg_color=&#8221;#f1f1f1&#8243;][vc_column rt_bg_effect=&#8221;classic&#8221; rt_bg_image_repeat=&#8221;repeat&#8221; rt_bg_size=&#8221;auto auto&#8221; rt_bg_position=&#8221;right top&#8221; rt_bg_attachment=&#8221;scroll&#8221; rt_class=&#8221;rt-2515293&#8243; rt_margins=&#8221;,&#8221; rt_wrapper_paddings=&#8221;,,,&#8221; rt_tablet_margins=&#8221;,&#8221; rt_tablet_paddings=&#8221;,,,&#8221; rt_tablet_wrapper_paddings=&#8221;,,,&#8221; rt_sp_margins=&#8221;,&#8221; rt_sp_paddings=&#8221;,,,&#8221; rt_sp_wrapper_paddings=&#8221;,,,&#8221; rt_bg_color=&#8221;&#8221; rt_bg_overlay_color=&#8221;&#8221;][blog_box list_layout=&#8221;1\/3&#8243; heading_size=&#8221;h4&#8243; layout_style=&#8221;masonry&#8221; box_style=&#8221;boxed&#8221; use_excerpts=&#8221;true&#8221; excerpt_length=&#8221;250&#8243; pagination=&#8221;true&#8221; ajax_pagination=&#8221;&#8221; list_orderby=&#8221;date&#8221; list_order=&#8221;ASC&#8221; categories=&#8221;868&#8243; show_date=&#8221;false&#8221; show_author=&#8221;false&#8221; show_categories=&#8221;false&#8221; show_comment_numbers=&#8221;false&#8221; show_share=&#8221;true&#8221; show_featured_media=&#8221;true&#8221; featured_image_resize=&#8221;true&#8221; featured_image_max_width=&#8221;0&#8243; featured_image_max_height=&#8221;0&#8243; featured_image_crop=&#8221;false&#8221; item_per_page=&#8221;9&#8243;][\/vc_column][\/vc_row]<\/p>\n","protected":false},"excerpt":{"rendered":"<p>[vc_row rt_row_background_width=&#8221;fullwidth&#8221; rt_row_content_width=&#8221;default&#8221; rt_row_style=&#8221;default-style&#8221; rt_row_height=&#8221;&#8221; rt_column_gaps=&#8221;&#8221; rt_row_shadows=&#8221;&#8221; rt_row_borders=&#8221;&#8221; rt_bg_effect=&#8221;classic&#8221; rt_bg_image_repeat=&#8221;repeat&#8221; rt_bg_size=&#8221;cover&#8221; rt_bg_position=&#8221;right top&#8221; rt_bg_attachment=&#8221;scroll&#8221; rt_bg_layer=&#8221;&#8221; rt_bg_video_format=&#8221;self-hosted&#8221;][vc_column width=&#8221;1\/2&#8243; rt_bg_effect=&#8221;classic&#8221; rt_bg_image_repeat=&#8221;repeat&#8221; rt_bg_size=&#8221;auto auto&#8221; rt_bg_position=&#8221;right top&#8221; rt_bg_attachment=&#8221;scroll&#8221;][vc_single_image image=&#8221;7760&#8243; img_size=&#8221;550&#215;550&#8243;][\/vc_column][vc_column width=&#8221;1\/2&#8243; rt_bg_effect=&#8221;classic&#8221; rt_bg_image_repeat=&#8221;repeat&#8221; rt_bg_size=&#8221;auto auto&#8221; rt_bg_position=&#8221;right top&#8221; rt_bg_attachment=&#8221;scroll&#8221;][rt_heading style=&#8221;style-4&#8243; size=&#8221;h1&#8243; font_color_type=&#8221;&#8221; font=&#8221;&#8221; custom_font_size=&#8221;&#8221; link=&#8221;&#8221; link_open=&#8221;_self&#8221; rt_class=&#8221;rt-8746134&#8243; punchline=&#8221;&#8221;]Nj\u00eb m\u00ebnyr\u00eb jetese e sh\u00ebndetshme k\u00ebrkon nj\u00eb ushqyerje m\u00eb t\u00eb mir\u00eb.[\/rt_heading][vc_column_text]Macet dhe qent\u00eb [&hellip;]<\/p>\n","protected":false},"author":2,"featured_media":0,"parent":0,"menu_order":0,"comment_status":"closed","ping_status":"closed","template":"","meta":{"footnotes":""},"class_list":["post-7837","page","type-page","status-publish","hentry"],"_links":{"self":[{"href":"https:\/\/www.cagatay.com\/al\/wp-json\/wp\/v2\/pages\/7837","targetHints":{"allow":["GET"]}}],"collection":[{"href":"https:\/\/www.cagatay.com\/al\/wp-json\/wp\/v2\/pages"}],"about":[{"href":"https:\/\/www.cagatay.com\/al\/wp-json\/wp\/v2\/types\/page"}],"author":[{"embeddable":true,"href":"https:\/\/www.cagatay.com\/al\/wp-json\/wp\/v2\/users\/2"}],"replies":[{"embeddable":true,"href":"https:\/\/www.cagatay.com\/al\/wp-json\/wp\/v2\/comments?post=7837"}],"version-history":[{"count":0,"href":"https:\/\/www.cagatay.com\/al\/wp-json\/wp\/v2\/pages\/7837\/revisions"}],"wp:attachment":[{"href":"https:\/\/www.cagatay.com\/al\/wp-json\/wp\/v2\/media?parent=7837"}],"curies":[{"name":"wp","href":"https:\/\/api.w.org\/{rel}","templated":true}]}}