{"id":7772,"date":"2022-02-02T11:50:01","date_gmt":"2022-02-02T08:50:01","guid":{"rendered":"https:\/\/www.cagatay.com\/al\/?page_id=7772"},"modified":"2025-07-30T11:59:38","modified_gmt":"2025-07-30T08:59:38","slug":"na-kontaktoni","status":"publish","type":"page","link":"https:\/\/www.cagatay.com\/al\/na-kontaktoni\/","title":{"rendered":"Na kontaktoni"},"content":{"rendered":"<p>[vc_row rt_row_background_width=&#8221;fullwidth&#8221; rt_row_content_width=&#8221;default&#8221; rt_row_style=&#8221;default-style&#8221; rt_row_height=&#8221;min_height&#8221; rt_holder_placement=&#8221;middle&#8221; rt_column_gaps=&#8221;&#8221; rt_row_shadows=&#8221;&#8221; rt_row_borders=&#8221;&#8221; rt_bg_effect=&#8221;classic&#8221; rt_bg_image_repeat=&#8221;no-repeat&#8221; rt_bg_size=&#8221;cover&#8221; rt_bg_position=&#8221;center center&#8221; rt_bg_attachment=&#8221;scroll&#8221; rt_bg_layer=&#8221;&#8221; rt_bg_video_format=&#8221;self-hosted&#8221; rt_class=&#8221;rt-2414602&#8243; rt_min_row_height=&#8221;600&#8243; rt_paddings=&#8221;,,,&#8221; rt_margins=&#8221;,,,&#8221; rt_content_margins=&#8221;,,,&#8221; rt_tablet_paddings=&#8221;,,,&#8221; rt_tablet_margins=&#8221;,,,&#8221; rt_tablet_content_margins=&#8221;,,,&#8221; rt_sp_paddings=&#8221;,,,&#8221; rt_sp_margins=&#8221;,,,&#8221; rt_sp_content_margins=&#8221;,,,&#8221; rt_bg_image=&#8221;5464&#8243;][vc_column rt_bg_effect=&#8221;classic&#8221; rt_bg_image_repeat=&#8221;repeat&#8221; rt_bg_size=&#8221;auto auto&#8221; rt_bg_position=&#8221;right top&#8221; rt_bg_attachment=&#8221;scroll&#8221;][\/vc_column][\/vc_row][vc_row rt_row_background_width=&#8221;fullwidth&#8221; rt_row_content_width=&#8221;default&#8221; rt_row_style=&#8221;default-style&#8221; rt_row_height=&#8221;&#8221; rt_column_gaps=&#8221;&#8221; rt_row_shadows=&#8221;&#8221; rt_row_borders=&#8221;&#8221; rt_bg_effect=&#8221;classic&#8221; rt_bg_image_repeat=&#8221;repeat&#8221; rt_bg_size=&#8221;cover&#8221; rt_bg_position=&#8221;right top&#8221; rt_bg_attachment=&#8221;scroll&#8221; rt_bg_layer=&#8221;&#8221; rt_bg_video_format=&#8221;self-hosted&#8221; rt_class=&#8221;rt-9185638&#8243; rt_paddings=&#8221;,60px,,&#8221; rt_margins=&#8221;,,,&#8221; rt_content_margins=&#8221;,,,&#8221; rt_tablet_paddings=&#8221;,,,&#8221; rt_tablet_margins=&#8221;,,,&#8221; rt_tablet_content_margins=&#8221;,,,&#8221; rt_sp_paddings=&#8221;,,,&#8221; rt_sp_margins=&#8221;,,,&#8221; rt_sp_content_margins=&#8221;,,,&#8221;][vc_column css_animation=&#8221;fadeIn&#8221; width=&#8221;1\/2&#8243; rt_bg_effect=&#8221;classic&#8221; rt_bg_image_repeat=&#8221;repeat&#8221; rt_bg_size=&#8221;auto auto&#8221; rt_bg_position=&#8221;right top&#8221; rt_bg_attachment=&#8221;scroll&#8221; rt_class=&#8221;rt-9469167&#8243; rt_margins=&#8221;-140px,&#8221; rt_paddings=&#8221;,,,&#8221; rt_wrapper_paddings=&#8221;,,,&#8221; rt_tablet_margins=&#8221;,&#8221; rt_tablet_paddings=&#8221;,,,&#8221; rt_tablet_wrapper_paddings=&#8221;,,,&#8221; rt_sp_margins=&#8221;20px,&#8221; rt_sp_paddings=&#8221;,,,&#8221; rt_sp_wrapper_paddings=&#8221;,,,&#8221; rt_bg_color=&#8221;&#8221; rt_bg_overlay_color=&#8221;&#8221;][rt_heading style=&#8221;&#8221; align=&#8221;&#8221; mobile_align=&#8221;&#8221; size=&#8221;h4&#8243; font_color_type=&#8221;custom&#8221; font=&#8221;&#8221; custom_font_size=&#8221;&#8221; link=&#8221;&#8221; link_open=&#8221;_self&#8221; rt_class=&#8221;rt-3103493&#8243; punchline=&#8221;&#8221; font_color=&#8221;#ffffff&#8221; background_color=&#8221;#ce1b28&#8243; padding_top=&#8221;140px&#8221; padding_bottom=&#8221;20px&#8221; padding_left=&#8221;20px&#8221; padding_right=&#8221;20px&#8221; margin_bottom=&#8221;40px&#8221;]Na Kontaktoni[\/rt_heading][rt_heading style=&#8221;style-5&#8243; size=&#8221;h3&#8243; font_color_type=&#8221;&#8221; font=&#8221;&#8221; custom_font_size=&#8221;&#8221; link=&#8221;&#8221; link_open=&#8221;_self&#8221; rt_class=&#8221;rt-9220578&#8243; punchline=&#8221;&#8221;]\u00c7a\u011fatay Pet Food[\/rt_heading][rt_icon_list list_style=&#8221;style-4&#8243;][rt_icon_list_line icon_name=&#8221;icon-basic_geolocalize&#8221;]\u00dcmit Mah. 7406\/1 Sok. No: 9 Bornova &#8211; \u0130ZM\u0130R &#8211; TURKEY[\/rt_icon_list_line][rt_icon_list_line icon_name=&#8221;icon-basic-smartphone&#8221;]+90 232 479 10 91[\/rt_icon_list_line][rt_icon_list_line icon_name=&#8221;icon-basic-mail&#8221;]info@cagatay.com[\/rt_icon_list_line][rt_icon_list_line icon_name=&#8221;icon-globe&#8221;]P\u00ebr informacione n\u00eb lidhje me eksportin: export@cagatay.com[\/rt_icon_list_line][\/rt_icon_list][\/vc_column][vc_column css_animation=&#8221;fadeIn&#8221; width=&#8221;1\/2&#8243; rt_bg_effect=&#8221;classic&#8221; rt_bg_image_repeat=&#8221;repeat&#8221; rt_bg_size=&#8221;auto auto&#8221; rt_bg_position=&#8221;right top&#8221; rt_bg_attachment=&#8221;scroll&#8221; rt_class=&#8221;rt-9449973&#8243; rt_margins=&#8221;-140px,&#8221; rt_paddings=&#8221;,,,&#8221; rt_wrapper_paddings=&#8221;,,,&#8221; rt_tablet_margins=&#8221;,&#8221; rt_tablet_paddings=&#8221;,,,&#8221; rt_tablet_wrapper_paddings=&#8221;,,,&#8221; rt_sp_margins=&#8221;20px,&#8221; rt_sp_paddings=&#8221;,,,&#8221; rt_sp_wrapper_paddings=&#8221;,,,&#8221; rt_bg_color=&#8221;&#8221; rt_bg_overlay_color=&#8221;&#8221;][rt_heading style=&#8221;&#8221; align=&#8221;&#8221; mobile_align=&#8221;&#8221; size=&#8221;h4&#8243; font_color_type=&#8221;custom&#8221; font=&#8221;&#8221; custom_font_size=&#8221;&#8221; link=&#8221;&#8221; link_open=&#8221;_self&#8221; rt_class=&#8221;rt-8935220&#8243; punchline=&#8221;&#8221; font_color=&#8221;#ffffff&#8221; background_color=&#8221;#000000&#8243; padding_top=&#8221;140px&#8221; padding_bottom=&#8221;20px&#8221; padding_left=&#8221;20px&#8221; padding_right=&#8221;20px&#8221; margin_bottom=&#8221;40px&#8221;]Forma e Kontaktit[\/rt_heading][contact-form-7 id=&#8221;7955&#8243;][\/vc_column][\/vc_row][vc_row rt_row_background_width=&#8221;fullwidth&#8221; rt_row_content_width=&#8221;default&#8221; rt_row_style=&#8221;default-style&#8221; rt_row_height=&#8221;&#8221; rt_column_gaps=&#8221;&#8221; rt_row_shadows=&#8221;&#8221; rt_row_borders=&#8221;&#8221; rt_bg_effect=&#8221;classic&#8221; rt_bg_image_repeat=&#8221;repeat&#8221; rt_bg_size=&#8221;cover&#8221; rt_bg_position=&#8221;right top&#8221; rt_bg_attachment=&#8221;scroll&#8221; rt_bg_layer=&#8221;&#8221; rt_bg_video_format=&#8221;self-hosted&#8221; rt_class=&#8221;rt-6596799&#8243; rt_paddings=&#8221;50,60px,,&#8221; rt_margins=&#8221;,,,&#8221; rt_content_margins=&#8221;,,,&#8221; rt_tablet_paddings=&#8221;,,,&#8221; rt_tablet_margins=&#8221;,,,&#8221; rt_tablet_content_margins=&#8221;,,,&#8221; rt_sp_paddings=&#8221;,,,&#8221; rt_sp_margins=&#8221;,,,&#8221; rt_sp_content_margins=&#8221;,,,&#8221;][vc_column css_animation=&#8221;fadeIn&#8221; width=&#8221;1\/2&#8243; rt_bg_effect=&#8221;classic&#8221; rt_bg_image_repeat=&#8221;repeat&#8221; rt_bg_size=&#8221;auto auto&#8221; rt_bg_position=&#8221;right top&#8221; rt_bg_attachment=&#8221;scroll&#8221; rt_class=&#8221;rt-9469167&#8243; rt_margins=&#8221;-140px,&#8221; rt_paddings=&#8221;,,,&#8221; rt_wrapper_paddings=&#8221;,,,&#8221; rt_tablet_margins=&#8221;,&#8221; rt_tablet_paddings=&#8221;,,,&#8221; rt_tablet_wrapper_paddings=&#8221;,,,&#8221; rt_sp_margins=&#8221;20px,&#8221; rt_sp_paddings=&#8221;,,,&#8221; rt_sp_wrapper_paddings=&#8221;,,,&#8221; rt_bg_color=&#8221;&#8221; rt_bg_overlay_color=&#8221;&#8221;][rt_heading style=&#8221;style-5&#8243; size=&#8221;h3&#8243; font_color_type=&#8221;&#8221; font=&#8221;&#8221; custom_font_size=&#8221;&#8221; link=&#8221;&#8221; link_open=&#8221;_self&#8221; rt_class=&#8221;rt-5856787&#8243; punchline=&#8221;Distributor zyrtar n\u00eb Shqip\u00ebri&#8221;]SWEN ALBANIA[\/rt_heading][rt_icon_list list_style=&#8221;style-4&#8243;][rt_icon_list_line icon_name=&#8221;icon-basic_geolocalize&#8221;]Nr. Pasurie 300\/142, Rr. &#8221;Astrit Losha&#8221;, Pall. &#8221;Marituda&#8221;, Tirane[\/rt_icon_list_line][rt_icon_list_line icon_name=&#8221;icon-basic-smartphone&#8221;]+355 68 601 7936[\/rt_icon_list_line][rt_icon_list_line icon_name=&#8221;icon-basic-mail&#8221;]info@swenalbania.com[\/rt_icon_list_line][\/rt_icon_list][\/vc_column][vc_column css_animation=&#8221;fadeIn&#8221; width=&#8221;1\/2&#8243; rt_bg_effect=&#8221;classic&#8221; rt_bg_image_repeat=&#8221;repeat&#8221; rt_bg_size=&#8221;auto auto&#8221; rt_bg_position=&#8221;right top&#8221; rt_bg_attachment=&#8221;scroll&#8221; rt_class=&#8221;rt-9449973&#8243; rt_margins=&#8221;-140px,&#8221; rt_paddings=&#8221;,,,&#8221; rt_wrapper_paddings=&#8221;,,,&#8221; rt_tablet_margins=&#8221;,&#8221; rt_tablet_paddings=&#8221;,,,&#8221; rt_tablet_wrapper_paddings=&#8221;,,,&#8221; rt_sp_margins=&#8221;20px,&#8221; rt_sp_paddings=&#8221;,,,&#8221; rt_sp_wrapper_paddings=&#8221;,,,&#8221; rt_bg_color=&#8221;&#8221; rt_bg_overlay_color=&#8221;&#8221;][\/vc_column][\/vc_row][vc_row rt_row_background_width=&#8221;fullwidth&#8221; rt_row_content_width=&#8221;fullwidth&#8221; rt_row_style=&#8221;default-style&#8221; rt_row_height=&#8221;&#8221; rt_column_gaps=&#8221;&#8221; rt_row_shadows=&#8221;&#8221; rt_row_borders=&#8221;&#8221; rt_bg_effect=&#8221;classic&#8221; rt_bg_image_repeat=&#8221;repeat&#8221; rt_bg_size=&#8221;cover&#8221; rt_bg_position=&#8221;right top&#8221; rt_bg_attachment=&#8221;scroll&#8221; rt_bg_layer=&#8221;&#8221; rt_bg_video_format=&#8221;self-hosted&#8221; rt_class=&#8221;rt-8081335&#8243; rt_paddings=&#8221;0,0,,&#8221; rt_margins=&#8221;,,,&#8221; rt_content_margins=&#8221;,,,&#8221; rt_tablet_paddings=&#8221;,,,&#8221; rt_tablet_margins=&#8221;,,,&#8221; rt_tablet_content_margins=&#8221;,,,&#8221; rt_sp_paddings=&#8221;,,,&#8221; rt_sp_margins=&#8221;,,,&#8221; rt_sp_content_margins=&#8221;,,,&#8221;][vc_column css_animation=&#8221;fadeIn&#8221; rt_bg_effect=&#8221;classic&#8221; rt_bg_image_repeat=&#8221;repeat&#8221; rt_bg_size=&#8221;auto auto&#8221; rt_bg_position=&#8221;right top&#8221; rt_bg_attachment=&#8221;scroll&#8221; rt_class=&#8221;rt-4503268&#8243; rt_margins=&#8221;,&#8221; rt_paddings=&#8221;,,0,0&#8243; rt_wrapper_paddings=&#8221;,,,&#8221; rt_tablet_margins=&#8221;,&#8221; rt_tablet_paddings=&#8221;,,,&#8221; rt_tablet_wrapper_paddings=&#8221;,,,&#8221; rt_sp_margins=&#8221;,&#8221; rt_sp_paddings=&#8221;,,,&#8221; rt_sp_wrapper_paddings=&#8221;,,,&#8221; rt_bg_color=&#8221;&#8221; rt_bg_overlay_color=&#8221;&#8221;][google_maps zoom=&#8221;15&#8243; bwcolor=&#8221;yes&#8221; height=&#8221;500&#8243;][location title=&#8221;\u00c7a\u011fatay Evcil Hayvan Mamalar\u0131 ve Yem \u00dcr\u00fcnleri San. ve Tic. A.\u015e.&#8221; lat=&#8221;38.439725&#8243; lon=&#8221;27.249699&#8243;]\u00c7a\u011fatay Evcil Hayvan Mamalar\u0131 ve Yem \u00dcr\u00fcnleri San. ve Tic. A.\u015e.[\/location][\/google_maps][\/vc_column][\/vc_row]<\/p>\n","protected":false},"excerpt":{"rendered":"<p>[vc_row rt_row_background_width=&#8221;fullwidth&#8221; rt_row_content_width=&#8221;default&#8221; rt_row_style=&#8221;default-style&#8221; rt_row_height=&#8221;min_height&#8221; rt_holder_placement=&#8221;middle&#8221; rt_column_gaps=&#8221;&#8221; rt_row_shadows=&#8221;&#8221; rt_row_borders=&#8221;&#8221; rt_bg_effect=&#8221;classic&#8221; rt_bg_image_repeat=&#8221;no-repeat&#8221; rt_bg_size=&#8221;cover&#8221; rt_bg_position=&#8221;center center&#8221; rt_bg_attachment=&#8221;scroll&#8221; rt_bg_layer=&#8221;&#8221; rt_bg_video_format=&#8221;self-hosted&#8221; rt_class=&#8221;rt-2414602&#8243; rt_min_row_height=&#8221;600&#8243; rt_paddings=&#8221;,,,&#8221; rt_margins=&#8221;,,,&#8221; rt_content_margins=&#8221;,,,&#8221; rt_tablet_paddings=&#8221;,,,&#8221; rt_tablet_margins=&#8221;,,,&#8221; rt_tablet_content_margins=&#8221;,,,&#8221; rt_sp_paddings=&#8221;,,,&#8221; rt_sp_margins=&#8221;,,,&#8221; rt_sp_content_margins=&#8221;,,,&#8221; rt_bg_image=&#8221;5464&#8243;][vc_column rt_bg_effect=&#8221;classic&#8221; rt_bg_image_repeat=&#8221;repeat&#8221; rt_bg_size=&#8221;auto auto&#8221; rt_bg_position=&#8221;right top&#8221; rt_bg_attachment=&#8221;scroll&#8221;][\/vc_column][\/vc_row][vc_row rt_row_background_width=&#8221;fullwidth&#8221; rt_row_content_width=&#8221;default&#8221; rt_row_style=&#8221;default-style&#8221; rt_row_height=&#8221;&#8221; rt_column_gaps=&#8221;&#8221; rt_row_shadows=&#8221;&#8221; rt_row_borders=&#8221;&#8221; rt_bg_effect=&#8221;classic&#8221; rt_bg_image_repeat=&#8221;repeat&#8221; rt_bg_size=&#8221;cover&#8221; rt_bg_position=&#8221;right top&#8221; rt_bg_attachment=&#8221;scroll&#8221; rt_bg_layer=&#8221;&#8221; rt_bg_video_format=&#8221;self-hosted&#8221; rt_class=&#8221;rt-9185638&#8243; rt_paddings=&#8221;,60px,,&#8221; rt_margins=&#8221;,,,&#8221; rt_content_margins=&#8221;,,,&#8221; [&hellip;]<\/p>\n","protected":false},"author":2,"featured_media":0,"parent":0,"menu_order":0,"comment_status":"closed","ping_status":"closed","template":"","meta":{"footnotes":""},"class_list":["post-7772","page","type-page","status-publish","hentry"],"_links":{"self":[{"href":"https:\/\/www.cagatay.com\/al\/wp-json\/wp\/v2\/pages\/7772","targetHints":{"allow":["GET"]}}],"collection":[{"href":"https:\/\/www.cagatay.com\/al\/wp-json\/wp\/v2\/pages"}],"about":[{"href":"https:\/\/www.cagatay.com\/al\/wp-json\/wp\/v2\/types\/page"}],"author":[{"embeddable":true,"href":"https:\/\/www.cagatay.com\/al\/wp-json\/wp\/v2\/users\/2"}],"replies":[{"embeddable":true,"href":"https:\/\/www.cagatay.com\/al\/wp-json\/wp\/v2\/comments?post=7772"}],"version-history":[{"count":1,"href":"https:\/\/www.cagatay.com\/al\/wp-json\/wp\/v2\/pages\/7772\/revisions"}],"predecessor-version":[{"id":7980,"href":"https:\/\/www.cagatay.com\/al\/wp-json\/wp\/v2\/pages\/7772\/revisions\/7980"}],"wp:attachment":[{"href":"https:\/\/www.cagatay.com\/al\/wp-json\/wp\/v2\/media?parent=7772"}],"curies":[{"name":"wp","href":"https:\/\/api.w.org\/{rel}","templated":true}]}}